{"id":5851,"date":"2026-02-23T08:27:29","date_gmt":"2026-02-23T07:27:29","guid":{"rendered":"https:\/\/www.teleskopeffekt.de\/?page_id=5851"},"modified":"2026-03-24T10:56:18","modified_gmt":"2026-03-24T09:56:18","slug":"pehme-maandumine-eesti-idufirmadele-saksamaal","status":"publish","type":"page","link":"https:\/\/www.teleskopeffekt.de\/et\/fuer-mittelstand\/soft-landing-fuer-estnische-startups-in-deutschland\/","title":{"rendered":"Eesti idufirmade pehme maandumine Saksamaal"},"content":{"rendered":"<div class=\"row block-1938868383 rmt rmb row-small\">\n\n<div class=\"col col-12 col-lg-6 block-image block-hover-effect\"style=\"padding-right:0px; padding-left: 0px;\">\n\n    <img decoding=\"async\" class=\"desk-img\" src=\"https:\/\/www.teleskopeffekt.de\/wp-content\/uploads\/2024\/02\/20210505_092452-1-scaled-960x720.jpg\" alt=\"\" loading=\"lazy\">\n    <img decoding=\"async\" class=\"mob-img\" src=\"https:\/\/www.teleskopeffekt.de\/wp-content\/uploads\/2024\/02\/20210505_092452-1-scaled-576x432.jpg\" alt=\"\" loading=\"lazy\">\n    <\/div>\n\n\n            <link rel=\"stylesheet\" type=\"text\/css\" href=\"https:\/\/www.teleskopeffekt.de\/wp-content\/themes\/boxed-theme\/includes\/blocks\/block_image\/style.css\">\n            \n<div class=\"col col-12 col-lg-6 block-wysiwyg\">\n\n    <h2 style=\" text-align:left;\">Ei ole lihtne turg<\/h2>\n    \n    <h-subline style=\" text-align:left;\">Saksamaa pakub atraktiivseid v\u00f5imalusi, kuid on ka keeruline<\/h-subline>\n    <p>Turule sisenemine Saksamaal on sageli otsustav edasise edu seisukohalt. Orienteerumise puudumine, aeglased protsessid ja v\u00e4hene n\u00e4htavus v\u00f5ivad teha alustamise tarbetult keeruliseks.<\/p>\n<p><br data-start=\"2309\" data-end=\"2312\" \/>Werkbank32 tagab, et te ei alusta nullist, vaid pakub keskset kontaktpunkti ja toetab teid juriidiliste n\u00f5uete, pangakontode, maksude, kindlustuse ja vastupidava v\u00f5rgustiku \u00fclesehitamisega.<\/p>\n \n      <div class=\"block-links\" style=\"text-align:left;\"><a class=\"btn btn-primary hero-link-first\" href=\"#Aufz\u00e4hlung\" target=\"\">Rohkem <\/a>\n      <\/div>\n  <\/div>            <link rel=\"stylesheet\" type=\"text\/css\" href=\"https:\/\/www.teleskopeffekt.de\/wp-content\/themes\/boxed-theme\/includes\/blocks\/block_wysiwyg\/style.css\">\n            <\/div>\n\n\n<div id=\"Aufz\u00e4hlung\" class=\"row block-729366241 rmt rmb row-small\">\n\n    <style>\n    .block-counted.ident14745838 p,\n    .block-counted.ident14745838 span {\n     color:#194673;\n    }\n    <\/style>\n    \n<div class=\"col col-12 col-lg-12 block-counted ident14745838\" style=\"color:#194673; padding-top:50px; padding-bottom:50px;\">\n\n    <h6 style=\" text-align:left;\">Mida me konkreetselt pakume<\/h6>\n    \n    <h7 style=\" text-align:left;\">Alates kontorist ja juriidilistest k\u00fcsimustest kuni v\u00f5rgustike loomise ja n\u00e4htavuseni: me hoolitseme k\u00f5ige eest, et te saaksite keskenduda oma tootele.<br><br><\/h7>\n    <div class=\"row\">\n            <div class=\"col-12 col-lg-6 counted-container\">\n                <span class=\"counter\">1<\/span>\n                <p class=\"counted-content\"><b>Kiire algus Saksamaal <\/b><br>\r\nK\u00f5ik, mida vajate k\u00f5igepealt:<br>\r\n- Oma kontor v\u00f5i kutsutav postiaadress<br>\r\n- \u00d5igusp\u00e4rane kasutamine teie alustavale ettev\u00f5ttele <br>\r\n- Valmis koheselt, ilma pikaajalise ettevalmistusaegadeta. <br><p>\n            <\/div>\n            \n            <div class=\"col-12 col-lg-6 counted-container\">\n                <span class=\"counter\">2<\/span>\n                <p class=\"counted-content\"><b>Struktureeritud seadistamisprotsess <\/b><br>\r\nMe toetame teid k\u00f5ige olulisemate sammudega: <br>\r\n- Toetus konto avamisel <br>\r\n- Juurdep\u00e4\u00e4s notarile ja \u00f5igusabi <br>\r\n- Maksun\u00f5ustamine ja sobivad kindlustuspoliisid <br><p>\n            <\/div>\n            \n            <div class=\"col-12 col-lg-6 counted-container\">\n                <span class=\"counter\">3<\/span>\n                <p class=\"counted-content\"><b>N\u00e4htavus turul<\/b><br>\r\nTe olete kohe kohal:<br>\r\n- Paigutamine meie m\u00fc\u00fcgisaalis <br>\r\n- N\u00e4htavus t\u00f6\u00f6pinki innovatsioonikeskkonnas32<br>\r\n- K\u00fclastajate, partnerite ja v\u00f5rgustiku tajumine<br><p>\n            <\/div>\n            \n            <div class=\"col-12 col-lg-6 counted-container\">\n                <span class=\"counter\">4<\/span>\n                <p class=\"counted-content\"><b>Juurdep\u00e4\u00e4s v\u00f5rgule <\/b><br>\r\n\u00d5iged kontaktid kohe alguses: <br>\r\n- Sidemed ettev\u00f5tete ja institutsioonidega<br>\r\n- Juurdep\u00e4\u00e4s meie piirkondlikule v\u00f5rgustikule<br>\r\n- Osalemine \u00fcritustel ja vahetusformaatides<br><p>\n            <\/div>\n            <\/div><\/div>            <link rel=\"stylesheet\" type=\"text\/css\" href=\"https:\/\/www.teleskopeffekt.de\/wp-content\/themes\/boxed-theme\/includes\/blocks\/block_counted\/style.css\">\n            <\/div>\n\n\n<div class=\"row block-105076903  row-small\">\n\n<div class=\"col col-12 col-lg-6 block-wysiwyg\"style=\"padding-top:50px; padding-bottom:50px;\">\n\n    <h3 style=\"color:#194673; text-align:left;\">Alustage koos meiega edukalt<\/h3>\n    \n    <h-subline style=\"color:#194673; text-align:left;\">Meie l\u00e4henemisviis t\u00f6\u00f6tab eriti h\u00e4sti alustavate ettev\u00f5tete puhul, kes l\u00e4henevad turule sisenemisele teadlikult, struktureeritult ja selgete eesm\u00e4rkidega.<br><br><\/h-subline>\n    <p>\u2705 Sa oled Eesti idufirma, kellel on ambitsioonid Saksamaal <\/p>\n<p>\u2705 Teie ettev\u00f5tte tegevust juhib tehnoloogia v\u00f5i innovatsioon (nt EdTech, GovTech, AI).<\/p>\n<p>\u2705 Te otsite struktureeritud pehme maandumise protsessi, selle asemel, et k\u00f5ike ise korraldada<\/p>\n<p>\u2705 Te hindate n\u00e4htavust, usaldust ja isiklikku toetust<\/p>\n<\/div>            <link rel=\"stylesheet\" type=\"text\/css\" href=\"https:\/\/www.teleskopeffekt.de\/wp-content\/themes\/boxed-theme\/includes\/blocks\/block_wysiwyg\/style.css\">\n            \n<div class=\"col col-12 col-lg-6 block-image block-hover-effect\"style=\"padding-top:50px; padding-bottom:50px;\">\n\n    <img decoding=\"async\" class=\"desk-img\" src=\"https:\/\/www.teleskopeffekt.de\/wp-content\/uploads\/2026\/03\/Building-Bridges_195-960x640.jpg\" alt=\"\" loading=\"lazy\">\n    <img decoding=\"async\" class=\"mob-img\" src=\"https:\/\/www.teleskopeffekt.de\/wp-content\/uploads\/2026\/03\/Building-Bridges_195-576x384.jpg\" alt=\"\" loading=\"lazy\">\n    <\/div>\n\n\n            <link rel=\"stylesheet\" type=\"text\/css\" href=\"https:\/\/www.teleskopeffekt.de\/wp-content\/themes\/boxed-theme\/includes\/blocks\/block_image\/style.css\">\n            <\/div>\n\n\n<div class=\"row block-1820457802  row-small\">\n\n<div class=\"col col-12 col-lg-6 block-image block-hover-effect\"style=\"padding-top:50px; padding-bottom:50px;\">\n\n    <img decoding=\"async\" class=\"desk-img\" src=\"https:\/\/www.teleskopeffekt.de\/wp-content\/uploads\/2026\/03\/Building-Bridges_034-960x640.jpg\" alt=\"\" loading=\"lazy\">\n    <img decoding=\"async\" class=\"mob-img\" src=\"https:\/\/www.teleskopeffekt.de\/wp-content\/uploads\/2026\/03\/Building-Bridges_034-576x384.jpg\" alt=\"\" loading=\"lazy\">\n    <\/div>\n\n\n            <link rel=\"stylesheet\" type=\"text\/css\" href=\"https:\/\/www.teleskopeffekt.de\/wp-content\/themes\/boxed-theme\/includes\/blocks\/block_image\/style.css\">\n            \n<div class=\"col col-12 col-lg-6 block-wysiwyg\"style=\"padding-top:50px; padding-bottom:50px;\">\n\n    <h3 style=\"color:#194673; text-align:left;\">Sellele saab tugineda<\/h3>\n    \n    <h-subline style=\"color:#194673; text-align:left;\">T\u00e4nu meie kogemustele, meie v\u00f5rgustikule ja personaalsele l\u00e4henemisele saate Saksamaal turvaliselt ja edukalt alustada. <br><br><\/h-subline>\n    <p><b>Kogemused ja v\u00f5rgustik<\/b><br \/>\n\u2705 Pikaajaline side Eesti ja Saksamaa vahel <br \/>\n\u2705 Juurdep\u00e4\u00e4s piirkondlikele ettev\u00f5tetele, investoritele ja institutsioonidele<br \/>\n\u2705 Osalemine \u00fcritustel, t\u00f6\u00f6tubades ja vahetusformaatides<\/p>\n<p><b>N\u00e4htavus ja kohalolek<\/b><br \/>\n\u2705 Ainus omataoline Saksamaal <a href=\"https:\/\/www.teleskopeffekt.de\/et\/keskmise-suurusega-ettevotete-jaoks\/oppimine-eestist\/\">D(e)-Estonia showroom<\/a><br \/>\n\u2705 Tundmine k\u00fclastajate, partnerite ja meedia hulgas<br \/>\n\u2705 Toetage oma ettev\u00f5tte k\u00e4ivitamise positsioneerimisel<\/p>\n<p><b>Isiklik toetus<\/b><br \/>\n\u2705 Keskne kontaktpunkt k\u00f5igi k\u00fcsimuste jaoks<br \/>\n\u2705 \u00d5iguslik, maksualane ja organisatsiooniline toetus<br \/>\n\u2705 Keskenduge kiirele, struktureeritud juurdep\u00e4\u00e4sule<\/p>\n<\/div>            <link rel=\"stylesheet\" type=\"text\/css\" href=\"https:\/\/www.teleskopeffekt.de\/wp-content\/themes\/boxed-theme\/includes\/blocks\/block_wysiwyg\/style.css\">\n            <\/div>\n\n\n<div class=\"row block-757626286 rmt rmb row-small-back-overfl no-overflow\" style=\"background:#194673;\">\n\n    \n    <h6 style=\"color:#ffffff; text-align:center;\">J\u00e4rgmine samm: v\u00f5tke \u00fchendust <\/h6>\n    \n    \n    <style>\n    .block-wysiwyg.ident55474167 p,\n    .block-wysiwyg.ident55474167 span {\n     color:#ffffff;\n    }\n    <\/style>\n    \n<div class=\"col col-12 col-lg-12 block-wysiwyg ident55474167\" style=\"color:#ffffff;\">\n<p style=\"text-align: center;\">Igal alustaval ettev\u00f5ttel on oma eesm\u00e4rgid ja n\u00f5uded.<br \/>\nSeep\u00e4rast alustame vestlusega.<\/p>\n<p style=\"text-align: center;\">\ud83d\udc49 V\u00f5ta meiega \u00fchendust.<br \/>\nR\u00e4\u00e4kige meile, mille kallal te t\u00f6\u00f6tate, mida vajate turule sisenemiseks ja kuidas me saame teid konkreetselt toetada.<\/p>\n<p style=\"text-align: center;\">Koos selgitame, kuidas Werkbank32 v\u00f5ib saada teie ankurduspunktiks Saksamaal.<\/p>\n \n      <div class=\"block-links\" style=\"text-align:center;\"><a class=\"btn btn-cta-inv hero-link-first ext\" href=\"https:\/\/share-eu1.hsforms.com\/14dMXm4DKRZyeo2ZM8DXGtQ2dd7dn\" target=\"\">P\u00d6\u00d6RDIMINE KOHE<\/a>\n      <\/div>\n  <\/div>            <link rel=\"stylesheet\" type=\"text\/css\" href=\"https:\/\/www.teleskopeffekt.de\/wp-content\/themes\/boxed-theme\/includes\/blocks\/block_wysiwyg\/style.css\">\n            <\/div>\n\n\n<div class=\"row block-1083109331 rmt rmb row-small\">\n\n<div class=\"col col-12 col-lg-12 block-contact-person block-hover-effect\"style=\"padding-top:50px; padding-bottom:50px;\">\n<div class=\"row\">\n        <div class=\"col-12 col-lg-6 thumb-container\">\n        <img decoding=\"async\" data-no-translation src=\"https:\/\/www.teleskopeffekt.de\/wp-content\/uploads\/2024\/02\/tanja-speck-500.jpg\">\n        <img decoding=\"async\" data-no-translation class=\"frame-loops\" src=\"\/wp-content\/themes\/boxed-theme\/includes\/media\/theme-icons\/image-frame-loops.svg\">\n        <\/div>\n        <div class=\"col-12 col-lg-6 content-container\">\n            <div class=\"contact-pers-head\">\n                <span class=\"contact-pers-title\">\n                    Tanja Speck\n                <\/span>\n                <span class=\"contact-pers-job\">\n                    Partnerite haldamine \n                <\/span>\n            <\/div>\n            <div class=\"contaact-pers-possibl\">\n                <a href=\"mailto:tanja.speck@teleskopeffekt.de\"><img decoding=\"async\" class=\"svg-icon icon-mail-outlined\" src=\"https:\/\/www.teleskopeffekt.de\/wp-content\/themes\/boxed-theme\/includes\/media\/icons\/mail-outlined.svg\" alt=\"posti teel\"><\/a><a href=\"https:\/\/www.linkedin.com\/in\/tanjaspeck\/\"><img decoding=\"async\" class=\"svg-icon icon-linkedin-fill\" src=\"https:\/\/www.teleskopeffekt.de\/wp-content\/themes\/boxed-theme\/includes\/media\/icons\/linkedin-fill.svg\" alt=\"linkedin-fill\"><\/a>\n            <\/div>\n           <a class=\"btn btn-cta\"href=\"mailto:tanja.speck@teleskopeffekt.de\">JETZT KONTAKT AUFNEHMEN<\/a>\n        <\/div>\n        <script type=\"application\/ld+json\">{\n    \"@context\": \"https:\\\/\\\/schema.org\\\/\",\n    \"@type\": \"Person\",\n    \"name\": \"Tanja Speck\",\n    \"jobTitle\": \"Partnermanagement \",\n    \"url\": \"https:\\\/\\\/www.teleskopeffekt.de\\\/et\\\/team\\\/tanja-speck\\\/\",\n    \"image\": \"https:\\\/\\\/www.teleskopeffekt.de\\\/wp-content\\\/uploads\\\/2024\\\/02\\\/tanja-speck-500.jpg\",\n    \"sameAs\": \"https:\\\/\\\/www.linkedin.com\\\/in\\\/tanjaspeck\\\/\",\n    \"worksFor\": {\n        \"@type\": \"Organization\",\n        \"name\": \"TeleskopEffekt GmbH\"\n    }\n}<\/script>\n\n    <\/div>\n<\/div>            <link rel=\"stylesheet\" type=\"text\/css\" href=\"https:\/\/www.teleskopeffekt.de\/wp-content\/themes\/boxed-theme\/includes\/blocks\/block_contact_person\/style.css\">\n            <\/div>","protected":false},"excerpt":{"rendered":"","protected":false},"author":11,"featured_media":0,"parent":1899,"menu_order":0,"comment_status":"closed","ping_status":"closed","template":"page-standard.php","meta":{"_acf_changed":true,"content-type":"","_price":"","_stock":"","_tribe_ticket_header":"","_tribe_default_ticket_provider":"","_tribe_ticket_capacity":"0","_ticket_start_date":"","_ticket_end_date":"","_tribe_ticket_show_description":"","_tribe_ticket_show_not_going":false,"_tribe_ticket_use_global_stock":"","_tribe_ticket_global_stock_level":"","_global_stock_mode":"","_global_stock_cap":"","_tribe_rsvp_for_event":"","_tribe_ticket_going_count":"","_tribe_ticket_not_going_count":"","_tribe_tickets_list":"[]","_tribe_ticket_has_attendee_info_fields":false,"footnotes":""},"class_list":["post-5851","page","type-page","status-publish","hentry"],"acf":[],"yoast_head":"<!-- This site is optimized with the Yoast SEO plugin v27.2 - https:\/\/yoast.com\/product\/yoast-seo-wordpress\/ -->\n<title>Soft Landing f\u00fcr estnische Startups in Deutschland - Teleskopeffekt | Innovation f\u00fcr Bank &amp; Mittelstand<\/title>\n<meta name=\"robots\" content=\"index, follow, max-snippet:-1, max-image-preview:large, max-video-preview:-1\" \/>\n<link rel=\"canonical\" href=\"https:\/\/www.teleskopeffekt.de\/et\/keskmise-suurusega-ettevotete-jaoks\/pehme-maandumine-eesti-idufirmadele-saksamaal\/\" \/>\n<meta property=\"og:locale\" content=\"et_EE\" \/>\n<meta property=\"og:type\" content=\"article\" \/>\n<meta property=\"og:title\" content=\"Soft Landing f\u00fcr estnische Startups in Deutschland - Teleskopeffekt | Innovation f\u00fcr Bank &amp; Mittelstand\" \/>\n<meta property=\"og:url\" content=\"https:\/\/www.teleskopeffekt.de\/et\/keskmise-suurusega-ettevotete-jaoks\/pehme-maandumine-eesti-idufirmadele-saksamaal\/\" \/>\n<meta property=\"og:site_name\" content=\"Teleskopeffekt | Innovation f\u00fcr Bank &amp; Mittelstand\" \/>\n<meta property=\"article:modified_time\" content=\"2026-03-24T09:56:18+00:00\" \/>\n<meta name=\"twitter:card\" content=\"summary_large_image\" \/>\n<script type=\"application\/ld+json\" class=\"yoast-schema-graph\">{\"@context\":\"https:\/\/schema.org\",\"@graph\":[{\"@type\":\"WebPage\",\"@id\":\"https:\/\/www.teleskopeffekt.de\/fuer-mittelstand\/soft-landing-fuer-estnische-startups-in-deutschland\/\",\"url\":\"https:\/\/www.teleskopeffekt.de\/fuer-mittelstand\/soft-landing-fuer-estnische-startups-in-deutschland\/\",\"name\":\"Soft Landing f\u00fcr estnische Startups in Deutschland - Teleskopeffekt | Innovation f\u00fcr Bank &amp; Mittelstand\",\"isPartOf\":{\"@id\":\"https:\/\/www.teleskopeffekt.de\/#website\"},\"datePublished\":\"2026-02-23T07:27:29+00:00\",\"dateModified\":\"2026-03-24T09:56:18+00:00\",\"breadcrumb\":{\"@id\":\"https:\/\/www.teleskopeffekt.de\/fuer-mittelstand\/soft-landing-fuer-estnische-startups-in-deutschland\/#breadcrumb\"},\"inLanguage\":\"et\",\"potentialAction\":[{\"@type\":\"ReadAction\",\"target\":[\"https:\/\/www.teleskopeffekt.de\/fuer-mittelstand\/soft-landing-fuer-estnische-startups-in-deutschland\/\"]}]},{\"@type\":\"BreadcrumbList\",\"@id\":\"https:\/\/www.teleskopeffekt.de\/fuer-mittelstand\/soft-landing-fuer-estnische-startups-in-deutschland\/#breadcrumb\",\"itemListElement\":[{\"@type\":\"ListItem\",\"position\":1,\"name\":\"Teleskopeffekt\",\"item\":\"https:\/\/www.teleskopeffekt.de\/\"},{\"@type\":\"ListItem\",\"position\":2,\"name\":\"f\u00fcr Mittelstand\",\"item\":\"https:\/\/www.teleskopeffekt.de\/?page_id=1899\"},{\"@type\":\"ListItem\",\"position\":3,\"name\":\"Soft Landing f\u00fcr estnische Startups in Deutschland\"}]},{\"@type\":\"WebSite\",\"@id\":\"https:\/\/www.teleskopeffekt.de\/#website\",\"url\":\"https:\/\/www.teleskopeffekt.de\/\",\"name\":\"Teleskopeffekt | Innovation f\u00fcr Bank &amp; Mittelstand\",\"description\":\"\",\"potentialAction\":[{\"@type\":\"SearchAction\",\"target\":{\"@type\":\"EntryPoint\",\"urlTemplate\":\"https:\/\/www.teleskopeffekt.de\/?s={search_term_string}\"},\"query-input\":{\"@type\":\"PropertyValueSpecification\",\"valueRequired\":true,\"valueName\":\"search_term_string\"}}],\"inLanguage\":\"et\"}]}<\/script>\n<!-- \/ Yoast SEO plugin. -->","yoast_head_json":{"title":"Pehme maandumine Eesti idufirmadele Saksamaal - Teleskopeffekt | Innovatsioon pankadele ja VKEdele","robots":{"index":"index","follow":"follow","max-snippet":"max-snippet:-1","max-image-preview":"max-image-preview:large","max-video-preview":"max-video-preview:-1"},"canonical":"https:\/\/www.teleskopeffekt.de\/et\/keskmise-suurusega-ettevotete-jaoks\/pehme-maandumine-eesti-idufirmadele-saksamaal\/","og_locale":"et_EE","og_type":"article","og_title":"Soft Landing f\u00fcr estnische Startups in Deutschland - Teleskopeffekt | Innovation f\u00fcr Bank &amp; Mittelstand","og_url":"https:\/\/www.teleskopeffekt.de\/et\/keskmise-suurusega-ettevotete-jaoks\/pehme-maandumine-eesti-idufirmadele-saksamaal\/","og_site_name":"Teleskopeffekt | Innovation f\u00fcr Bank &amp; Mittelstand","article_modified_time":"2026-03-24T09:56:18+00:00","twitter_card":"summary_large_image","schema":{"@context":"https:\/\/schema.org","@graph":[{"@type":"WebPage","@id":"https:\/\/www.teleskopeffekt.de\/fuer-mittelstand\/soft-landing-fuer-estnische-startups-in-deutschland\/","url":"https:\/\/www.teleskopeffekt.de\/fuer-mittelstand\/soft-landing-fuer-estnische-startups-in-deutschland\/","name":"Pehme maandumine Eesti idufirmadele Saksamaal - Teleskopeffekt | Innovatsioon pankadele ja VKEdele","isPartOf":{"@id":"https:\/\/www.teleskopeffekt.de\/#website"},"datePublished":"2026-02-23T07:27:29+00:00","dateModified":"2026-03-24T09:56:18+00:00","breadcrumb":{"@id":"https:\/\/www.teleskopeffekt.de\/fuer-mittelstand\/soft-landing-fuer-estnische-startups-in-deutschland\/#breadcrumb"},"inLanguage":"et","potentialAction":[{"@type":"ReadAction","target":["https:\/\/www.teleskopeffekt.de\/fuer-mittelstand\/soft-landing-fuer-estnische-startups-in-deutschland\/"]}]},{"@type":"BreadcrumbList","@id":"https:\/\/www.teleskopeffekt.de\/fuer-mittelstand\/soft-landing-fuer-estnische-startups-in-deutschland\/#breadcrumb","itemListElement":[{"@type":"ListItem","position":1,"name":"Teleskopeffekt","item":"https:\/\/www.teleskopeffekt.de\/"},{"@type":"ListItem","position":2,"name":"f\u00fcr Mittelstand","item":"https:\/\/www.teleskopeffekt.de\/?page_id=1899"},{"@type":"ListItem","position":3,"name":"Soft Landing f\u00fcr estnische Startups in Deutschland"}]},{"@type":"WebSite","@id":"https:\/\/www.teleskopeffekt.de\/#website","url":"https:\/\/www.teleskopeffekt.de\/","name":"Teleskoobiefekt | Innovatsioon pankade ja VKEde jaoks","description":"","potentialAction":[{"@type":"SearchAction","target":{"@type":"EntryPoint","urlTemplate":"https:\/\/www.teleskopeffekt.de\/?s={search_term_string}"},"query-input":{"@type":"PropertyValueSpecification","valueRequired":true,"valueName":"search_term_string"}}],"inLanguage":"et"}]}},"_links":{"self":[{"href":"https:\/\/www.teleskopeffekt.de\/et\/wp-json\/wp\/v2\/pages\/5851","targetHints":{"allow":["GET"]}}],"collection":[{"href":"https:\/\/www.teleskopeffekt.de\/et\/wp-json\/wp\/v2\/pages"}],"about":[{"href":"https:\/\/www.teleskopeffekt.de\/et\/wp-json\/wp\/v2\/types\/page"}],"author":[{"embeddable":true,"href":"https:\/\/www.teleskopeffekt.de\/et\/wp-json\/wp\/v2\/users\/11"}],"replies":[{"embeddable":true,"href":"https:\/\/www.teleskopeffekt.de\/et\/wp-json\/wp\/v2\/comments?post=5851"}],"version-history":[{"count":0,"href":"https:\/\/www.teleskopeffekt.de\/et\/wp-json\/wp\/v2\/pages\/5851\/revisions"}],"up":[{"embeddable":true,"href":"https:\/\/www.teleskopeffekt.de\/et\/wp-json\/wp\/v2\/pages\/1899"}],"wp:attachment":[{"href":"https:\/\/www.teleskopeffekt.de\/et\/wp-json\/wp\/v2\/media?parent=5851"}],"curies":[{"name":"wp","href":"https:\/\/api.w.org\/{rel}","templated":true}]}}