{"id":5375,"date":"2025-08-06T11:18:44","date_gmt":"2025-08-06T09:18:44","guid":{"rendered":"https:\/\/www.teleskopeffekt.de\/?page_id=5375"},"modified":"2025-11-17T11:36:31","modified_gmt":"2025-11-17T10:36:31","slug":"whoo","status":"publish","type":"page","link":"https:\/\/www.teleskopeffekt.de\/et\/wero\/","title":{"rendered":"WERO"},"content":{"rendered":"<div class=\"row block-217351700 rmt row-small\">\n\n    \n    <h2 style=\" text-align:center;\">WERO tippkohtumine - koos DZ BANKiga viime WERO-d edasi!<\/h2>\n    \n    \n<div class=\"col col-12 col-lg-6 block-wysiwyg\"style=\"padding-top:50px;\">\n<p style=\"text-align: center;\"><span style=\"font-size: 14pt;\">\u00a0Osana kogu Saksamaad h\u00f5lmavast <strong data-start=\"693\" data-end=\"714\">WERO tippkohtumise sari<\/strong> toetame aktiivselt panku selles protsessis, <strong data-start=\"749\" data-end=\"791\">WERO kui Euroopa makseplatvorm<\/strong> m\u00f5ista, kinnistada ja ellu viia.<\/span><\/p>\n<p style=\"text-align: center;\"><span style=\"font-size: 14pt;\">DZ BANK on teinud teadliku otsuse teha koost\u00f6\u00f6d <strong data-start=\"491\" data-end=\"509\">Teleskoobi efekt<\/strong> otsustati -<br \/>\n<\/span><span style=\"font-size: 14pt;\">mitte ainult t\u00e4nu meie metoodilistele teadmistele t\u00f6\u00f6tubade kujundamisel, vaid eelk\u00f5ige seet\u00f5ttu, et me <strong data-start=\"626\" data-end=\"659\">Muudatuste ja innovatsiooni k\u00e4egakatsutavaks muutmine<\/strong>.<\/span><\/p>\n<p>&nbsp;<\/p>\n<p style=\"text-align: center;\">\n<\/div>            <link rel=\"stylesheet\" type=\"text\/css\" href=\"https:\/\/www.teleskopeffekt.de\/wp-content\/themes\/boxed-theme\/includes\/blocks\/block_wysiwyg\/style.css\">\n            \n<div class=\"col col-12 col-lg-6 block-wysiwyg\"style=\"padding-top:50px;\">\n<p><iframe loading=\"lazy\" title=\"WERO tippkohtumine - DZ Bank &amp; TeleskopEffekt\" width=\"500\" height=\"281\" src=\"https:\/\/www.youtube.com\/embed\/a8fuyVpCOHc?feature=oembed\" frameborder=\"0\" allow=\"accelerometer; autoplay; clipboard-write; encrypted-media; gyroscope; picture-in-picture; web-share\" referrerpolicy=\"strict-origin-when-cross-origin\" allowfullscreen><\/iframe><\/p>\n<\/div>            <link rel=\"stylesheet\" type=\"text\/css\" href=\"https:\/\/www.teleskopeffekt.de\/wp-content\/themes\/boxed-theme\/includes\/blocks\/block_wysiwyg\/style.css\">\n            <\/div>\n\n\n<div class=\"row block-1151362198 rmt row-small-back-overfl no-overflow\" style=\"background:#194673;\">\n\n<div class=\"col col-12 col-lg-12 block-wysiwyg\">\n\n    <h3 style=\"color:#ffffff; text-align:center;\">Hakka WERO kangelaseks<\/h3>\n    <p style=\"text-align: center;\"><span style=\"font-size: 14pt; color: #ffffff;\">Kui teil on k\u00fcsimusi v\u00f5i soovite teemadesse s\u00fcveneda - v\u00f5tke meiega igal ajal \u00fchendust.<br \/>\n<\/span><span style=\"font-size: 14pt; color: #ffffff;\">Alusta WEROga oma pangas kohe!<\/span><\/p>\n \n      <div class=\"block-links\" style=\"text-align:center;\"><a class=\"btn btn-primary hero-link-first ext\" href=\"https:\/\/outlook.office365.com\/book\/TeleskopEffektGmbH@OUBLAZ.onmicrosoft.com\/?ismsaljsauthenabled=true\" target=\"_blank\">Lepi n\u00fc\u00fcd kohtumine kokku!<\/a>\n      <\/div>\n  <\/div>            <link rel=\"stylesheet\" type=\"text\/css\" href=\"https:\/\/www.teleskopeffekt.de\/wp-content\/themes\/boxed-theme\/includes\/blocks\/block_wysiwyg\/style.css\">\n            <\/div>\n\n\n<div class=\"row block-1926860584 rmt rmb row-small\">\n\n<div class=\"col col-12 col-lg-12 block-wysiwyg\"style=\"padding-bottom:50px;\">\n\n    <h2 style=\" text-align:center;\">Mida pangad peavad n\u00fc\u00fcd teadma!<\/h2>\n    <p style=\"text-align: center;\"><span style=\"font-size: 14pt;\">WERO on Euroopa vastus v\u00e4lkmaksetele. Koos DZ-Bankiga toome selle visiooni Saksamaale - eesm\u00e4rgiga saavutada keerukuse asemel kohustus.<\/span><\/p>\n<p style=\"text-align: center;\"><span style=\"font-size: 14pt;\">WERO on rohkem kui lihtsalt toode. See on strateegiline suunav otsus. Ja just siinkohal tuleme me oma vormantidega appi: Kui pangad seisavad silmitsi keeruliste v\u00e4ljakutsetega, aitame neil saada selgust ja astuda j\u00e4rgmise sammu maksetehingute tulevikku.<\/span><\/p>\n<\/div>            <link rel=\"stylesheet\" type=\"text\/css\" href=\"https:\/\/www.teleskopeffekt.de\/wp-content\/themes\/boxed-theme\/includes\/blocks\/block_wysiwyg\/style.css\">\n            \n<div class=\"col col-12 col-lg-6 block-wysiwyg mobpos-4\"style=\"padding-top:50px;\">\n\n    <h3 style=\" text-align:left;\">Me toome WERO Saksamaale<\/h3>\n    <p><span style=\"font-size: 18.6667px;\">Mittweidast Stuttgardi kaudu kogu Saksamaale. <\/span><span style=\"font-size: 18.6667px;\">Koos DZ-Bankiga toome WERO Saksamaale ja seega ka teie naabrusesse!<\/span><\/p>\n<p><span style=\"font-size: 14pt;\">Varasemate osalejate hulka kuuluvad <\/span><\/p>\n<p><span style=\"font-size: 14pt;\">Volksbank pur eG<\/span><\/p>\n<p><span style=\"font-size: 14pt;\">Volksbank Konstanz eG<\/span><\/p>\n<p><span style=\"font-size: 14pt;\">VR Bank Rhein-Neckar eG<\/span><\/p>\n<p><span style=\"font-size: 14pt;\">Leipziger Volksbank eG<\/span><\/p>\n<p><span style=\"font-size: 14pt;\">Volksbank Mittweida eG<\/span><\/p>\n<p><span style=\"font-size: 14pt;\">Volksbank Raiffeisenbank Nordoberpfalz eG<\/span><\/p>\n<p><span style=\"font-size: 14pt;\"> VR-Bank Mittelsachsen eG.<\/span><\/p>\n<p>&nbsp;<\/p>\n<p><span style=\"font-size: 14pt;\">\u00dchinege nendega ja tulge WERO tippkohtumisele teie l\u00e4hedal!<\/span><\/p>\n<p><span style=\"color: #00ccff;\"><a style=\"color: #00ccff;\" href=\"https:\/\/www.teleskopeffekt.de\/et\/suendmused\/nimekiri\/?tribe-bar-search=wero+summit\" target=\"_blank\" rel=\"noopener\"><span style=\"font-size: 14pt;\">Siit leiate \u00fclevaate k\u00f5igist eelseisvatest WERO tippkohtumistest:<\/span><\/a><\/span><\/p>\n \n      <div class=\"block-links\" style=\"text-align:left;\"><a class=\"btn btn-primary hero-link-first\" href=\"https:\/\/www.teleskopeffekt.de\/et\/suendmused\/nimekiri\/?tribe-bar-search=wero+summit\" target=\"_blank\">WERO tippkohtumistele<\/a>\n      <\/div>\n  <\/div>            <link rel=\"stylesheet\" type=\"text\/css\" href=\"https:\/\/www.teleskopeffekt.de\/wp-content\/themes\/boxed-theme\/includes\/blocks\/block_wysiwyg\/style.css\">\n            \n<div class=\"col col-12 col-lg-6 block-image mobpos-3\"style=\"padding-bottom:50px;\">\n\n    <img decoding=\"async\" class=\"desk-img\" src=\"https:\/\/www.teleskopeffekt.de\/wp-content\/uploads\/2025\/08\/TeleskopEffekt-12001500-15-e1755581541464.png\" alt=\"\" loading=\"lazy\">\n    <img decoding=\"async\" class=\"mob-img\" src=\"https:\/\/www.teleskopeffekt.de\/wp-content\/uploads\/2025\/08\/TeleskopEffekt-12001500-15-e1755581541464-576x720.png\" alt=\"\" loading=\"lazy\">\n    <\/div>\n\n\n            <link rel=\"stylesheet\" type=\"text\/css\" href=\"https:\/\/www.teleskopeffekt.de\/wp-content\/themes\/boxed-theme\/includes\/blocks\/block_image\/style.css\">\n            \n<div class=\"col col-12 col-lg-6 block-image mobpos-3\">\n\n    <img decoding=\"async\" class=\"desk-img\" src=\"https:\/\/www.teleskopeffekt.de\/wp-content\/uploads\/2025\/06\/IMG_20250617_151151-scaled-960x539.jpg\" alt=\"\" loading=\"lazy\">\n    <img decoding=\"async\" class=\"mob-img\" src=\"https:\/\/www.teleskopeffekt.de\/wp-content\/uploads\/2025\/06\/IMG_20250617_151151-scaled-576x323.jpg\" alt=\"\" loading=\"lazy\">\n    <\/div>\n\n\n            <link rel=\"stylesheet\" type=\"text\/css\" href=\"https:\/\/www.teleskopeffekt.de\/wp-content\/themes\/boxed-theme\/includes\/blocks\/block_image\/style.css\">\n            \n<div class=\"col col-12 col-lg-6 block-wysiwyg mobpos-4\">\n\n    <h3 style=\" text-align:left;\">\u00dclevaade esimesest WERO tippkohtumisest <\/h3>\n    <p><span style=\"font-size: 14pt;\">Selge signaal esimesel WERO tippkohtumisel (mida toetavad DZ Bank ja TeleskopEffekt): WERO - usaldusv\u00e4\u00e4rne, Euroopa makses\u00fcsteem on t\u00f5usuteel - igap\u00e4evaseks kasutamiseks sobiv, tulevikukindel ja s\u00f5ltumatu. <\/span><\/p>\n<p><span style=\"font-size: 14pt;\">Koos DZ BANKiga ei ole me mitte ainult v\u00e4lja m\u00f5elnud ja kontseptsiooni WERO Summit'i, vaid oleme selle ka juba reaalsuseks teinud - ja seda edukalt!\u00a0\u00a0<\/span><\/p>\n<p><span style=\"font-size: 14pt;\">N\u00fc\u00fcd v\u00f5tame selle kontseptsiooni \u00fcle kogu Saksamaale.<\/span><\/p>\n<p><span style=\"color: #00ccff;\"><a style=\"font-size: 14pt; color: #00ccff;\" href=\"https:\/\/www.teleskopeffekt.de\/et\/uudised\/koik\/wero-summit-in-der-werkbank32\/\" target=\"_blank\" rel=\"noopener\">Loe l\u00e4hemalt siit<\/a><\/span><\/p>\n<\/div>            <link rel=\"stylesheet\" type=\"text\/css\" href=\"https:\/\/www.teleskopeffekt.de\/wp-content\/themes\/boxed-theme\/includes\/blocks\/block_wysiwyg\/style.css\">\n            <\/div>\n\n\n<div class=\"row block-1254189856 rmt row-small-back-overfl no-overflow\" style=\"background:#194673;\">\n\n<div class=\"col col-12 col-lg-12 block-wysiwyg\">\n\n    <h3 style=\"color:#ffffff; text-align:center;\">Kas teil on ka keerulisi probleeme? <\/h3>\n    <p style=\"text-align: center;\"><span style=\"font-size: 14pt; color: #ffffff;\">Siis r\u00e4\u00e4gime. Toetame teid asjatundlikkuse, s\u00fcsteemse m\u00f5tlemise ja ulatusliku kogemusega pangandus- ja finantssektoris, et teie v\u00e4ljakutsed t\u00f5epoolest liikuma hakkaksid!\u00a0<\/span><\/p>\n \n      <div class=\"block-links\" style=\"text-align:center;\"><a class=\"btn btn-primary hero-link-first ext\" href=\"https:\/\/outlook.office365.com\/book\/TeleskopEffektGmbH@OUBLAZ.onmicrosoft.com\/?ismsaljsauthenabled=true\" target=\"_blank\">Leppige kokku oma mittesiduv konsultatsioon kohe!<\/a>\n      <\/div>\n  <\/div>            <link rel=\"stylesheet\" type=\"text\/css\" href=\"https:\/\/www.teleskopeffekt.de\/wp-content\/themes\/boxed-theme\/includes\/blocks\/block_wysiwyg\/style.css\">\n            <\/div>\n\n\n<div class=\"row block-367809401 rmt rmb row-small\">\n\n<div class=\"col col-12 col-lg-12 block-contact-person block-hover-effect\"style=\"padding-top:50px; padding-bottom:50px;\">\n<div class=\"row\">\n        <div class=\"col-12 col-lg-6 thumb-container\">\n        <img decoding=\"async\" data-no-translation src=\"https:\/\/www.teleskopeffekt.de\/wp-content\/uploads\/2024\/02\/dr-julia-bressler-500.jpg\">\n        <img decoding=\"async\" data-no-translation class=\"frame-loops\" src=\"\/wp-content\/themes\/boxed-theme\/includes\/media\/theme-icons\/image-frame-loops.svg\">\n        <\/div>\n        <div class=\"col-12 col-lg-6 content-container\">\n            <div class=\"contact-pers-head\">\n                <span class=\"contact-pers-title\">\n                    Dr. Julia Bre\u00dfler\n                <\/span>\n                <span class=\"contact-pers-job\">\n                    Innovatsioonit\u00f6\u00f6\n                <\/span>\n            <\/div>\n            <div class=\"contaact-pers-possibl\">\n                <a href=\"mailto:julia.bressler@teleskopeffekt.de\"><img decoding=\"async\" class=\"svg-icon icon-mail-outlined\" src=\"https:\/\/www.teleskopeffekt.de\/wp-content\/themes\/boxed-theme\/includes\/media\/icons\/mail-outlined.svg\" alt=\"posti teel\"><\/a><a href=\"https:\/\/www.linkedin.com\/in\/dr-julia-bre%C3%9Fler\/\"><img decoding=\"async\" class=\"svg-icon icon-linkedin-fill\" src=\"https:\/\/www.teleskopeffekt.de\/wp-content\/themes\/boxed-theme\/includes\/media\/icons\/linkedin-fill.svg\" alt=\"linkedin-fill\"><\/a>\n            <\/div>\n           <a class=\"btn btn-cta\"href=\"mailto:julia.bressler@teleskopeffekt.de\">JETZT KONTAKT AUFNEHMEN<\/a>\n        <\/div>\n        <script type=\"application\/ld+json\">{\n    \"@context\": \"https:\\\/\\\/schema.org\\\/\",\n    \"@type\": \"Person\",\n    \"name\": \"Dr. Julia Bre\\u00dfler\",\n    \"jobTitle\": \"Innovationsarbeit\",\n    \"url\": \"https:\\\/\\\/www.teleskopeffekt.de\\\/et\\\/team\\\/dr-julia-bressler\\\/\",\n    \"image\": \"https:\\\/\\\/www.teleskopeffekt.de\\\/wp-content\\\/uploads\\\/2024\\\/02\\\/dr-julia-bressler-500.jpg\",\n    \"sameAs\": \"https:\\\/\\\/www.linkedin.com\\\/in\\\/dr-julia-bre%C3%9Fler\\\/\",\n    \"worksFor\": {\n        \"@type\": \"Organization\",\n        \"name\": \"TeleskopEffekt GmbH\"\n    }\n}<\/script>\n\n    <\/div>\n<\/div>            <link rel=\"stylesheet\" type=\"text\/css\" href=\"https:\/\/www.teleskopeffekt.de\/wp-content\/themes\/boxed-theme\/includes\/blocks\/block_contact_person\/style.css\">\n            <\/div>","protected":false},"excerpt":{"rendered":"","protected":false},"author":4,"featured_media":0,"parent":0,"menu_order":0,"comment_status":"closed","ping_status":"closed","template":"page-standard.php","meta":{"_acf_changed":true,"content-type":"","_price":"","_stock":"","_tribe_ticket_header":"","_tribe_default_ticket_provider":"","_tribe_ticket_capacity":"0","_ticket_start_date":"","_ticket_end_date":"","_tribe_ticket_show_description":"","_tribe_ticket_show_not_going":false,"_tribe_ticket_use_global_stock":"","_tribe_ticket_global_stock_level":"","_global_stock_mode":"","_global_stock_cap":"","_tribe_rsvp_for_event":"","_tribe_ticket_going_count":"","_tribe_ticket_not_going_count":"","_tribe_tickets_list":"[]","_tribe_ticket_has_attendee_info_fields":false,"footnotes":""},"class_list":["post-5375","page","type-page","status-publish","hentry"],"acf":[],"yoast_head":"<!-- This site is optimized with the Yoast SEO plugin v27.2 - https:\/\/yoast.com\/product\/yoast-seo-wordpress\/ -->\n<title>WERO - Teleskopeffekt | Innovation f\u00fcr Bank &amp; Mittelstand<\/title>\n<meta name=\"robots\" content=\"noindex, nofollow\" \/>\n<meta property=\"og:locale\" content=\"et_EE\" \/>\n<meta property=\"og:type\" content=\"article\" \/>\n<meta property=\"og:title\" content=\"WERO - Teleskopeffekt | Innovation f\u00fcr Bank &amp; Mittelstand\" \/>\n<meta property=\"og:url\" content=\"https:\/\/www.teleskopeffekt.de\/et\/whoo\/\" \/>\n<meta property=\"og:site_name\" content=\"Teleskopeffekt | Innovation f\u00fcr Bank &amp; Mittelstand\" \/>\n<meta property=\"article:modified_time\" content=\"2025-11-17T10:36:31+00:00\" \/>\n<meta name=\"twitter:card\" content=\"summary_large_image\" \/>\n<script type=\"application\/ld+json\" class=\"yoast-schema-graph\">{\"@context\":\"https:\/\/schema.org\",\"@graph\":[{\"@type\":\"WebPage\",\"@id\":\"https:\/\/www.teleskopeffekt.de\/wero\/\",\"url\":\"https:\/\/www.teleskopeffekt.de\/wero\/\",\"name\":\"WERO - Teleskopeffekt | Innovation f\u00fcr Bank &amp; Mittelstand\",\"isPartOf\":{\"@id\":\"https:\/\/www.teleskopeffekt.de\/#website\"},\"datePublished\":\"2025-08-06T09:18:44+00:00\",\"dateModified\":\"2025-11-17T10:36:31+00:00\",\"breadcrumb\":{\"@id\":\"https:\/\/www.teleskopeffekt.de\/wero\/#breadcrumb\"},\"inLanguage\":\"et\",\"potentialAction\":[{\"@type\":\"ReadAction\",\"target\":[\"https:\/\/www.teleskopeffekt.de\/wero\/\"]}]},{\"@type\":\"BreadcrumbList\",\"@id\":\"https:\/\/www.teleskopeffekt.de\/wero\/#breadcrumb\",\"itemListElement\":[{\"@type\":\"ListItem\",\"position\":1,\"name\":\"Teleskopeffekt\",\"item\":\"https:\/\/www.teleskopeffekt.de\/\"},{\"@type\":\"ListItem\",\"position\":2,\"name\":\"WERO\"}]},{\"@type\":\"WebSite\",\"@id\":\"https:\/\/www.teleskopeffekt.de\/#website\",\"url\":\"https:\/\/www.teleskopeffekt.de\/\",\"name\":\"Teleskopeffekt | Innovation f\u00fcr Bank &amp; Mittelstand\",\"description\":\"\",\"potentialAction\":[{\"@type\":\"SearchAction\",\"target\":{\"@type\":\"EntryPoint\",\"urlTemplate\":\"https:\/\/www.teleskopeffekt.de\/?s={search_term_string}\"},\"query-input\":{\"@type\":\"PropertyValueSpecification\",\"valueRequired\":true,\"valueName\":\"search_term_string\"}}],\"inLanguage\":\"et\"}]}<\/script>\n<!-- \/ Yoast SEO plugin. -->","yoast_head_json":{"title":"WERO - Teleskoopi efekt | Innovatsioon pankadele ja VKEdele","robots":{"index":"noindex","follow":"nofollow"},"og_locale":"et_EE","og_type":"article","og_title":"WERO - Teleskopeffekt | Innovation f\u00fcr Bank &amp; Mittelstand","og_url":"https:\/\/www.teleskopeffekt.de\/et\/whoo\/","og_site_name":"Teleskopeffekt | Innovation f\u00fcr Bank &amp; Mittelstand","article_modified_time":"2025-11-17T10:36:31+00:00","twitter_card":"summary_large_image","schema":{"@context":"https:\/\/schema.org","@graph":[{"@type":"WebPage","@id":"https:\/\/www.teleskopeffekt.de\/wero\/","url":"https:\/\/www.teleskopeffekt.de\/wero\/","name":"WERO - Teleskoopi efekt | Innovatsioon pankadele ja VKEdele","isPartOf":{"@id":"https:\/\/www.teleskopeffekt.de\/#website"},"datePublished":"2025-08-06T09:18:44+00:00","dateModified":"2025-11-17T10:36:31+00:00","breadcrumb":{"@id":"https:\/\/www.teleskopeffekt.de\/wero\/#breadcrumb"},"inLanguage":"et","potentialAction":[{"@type":"ReadAction","target":["https:\/\/www.teleskopeffekt.de\/wero\/"]}]},{"@type":"BreadcrumbList","@id":"https:\/\/www.teleskopeffekt.de\/wero\/#breadcrumb","itemListElement":[{"@type":"ListItem","position":1,"name":"Teleskopeffekt","item":"https:\/\/www.teleskopeffekt.de\/"},{"@type":"ListItem","position":2,"name":"WERO"}]},{"@type":"WebSite","@id":"https:\/\/www.teleskopeffekt.de\/#website","url":"https:\/\/www.teleskopeffekt.de\/","name":"Teleskoobiefekt | Innovatsioon pankade ja VKEde jaoks","description":"","potentialAction":[{"@type":"SearchAction","target":{"@type":"EntryPoint","urlTemplate":"https:\/\/www.teleskopeffekt.de\/?s={search_term_string}"},"query-input":{"@type":"PropertyValueSpecification","valueRequired":true,"valueName":"search_term_string"}}],"inLanguage":"et"}]}},"_links":{"self":[{"href":"https:\/\/www.teleskopeffekt.de\/et\/wp-json\/wp\/v2\/pages\/5375","targetHints":{"allow":["GET"]}}],"collection":[{"href":"https:\/\/www.teleskopeffekt.de\/et\/wp-json\/wp\/v2\/pages"}],"about":[{"href":"https:\/\/www.teleskopeffekt.de\/et\/wp-json\/wp\/v2\/types\/page"}],"author":[{"embeddable":true,"href":"https:\/\/www.teleskopeffekt.de\/et\/wp-json\/wp\/v2\/users\/4"}],"replies":[{"embeddable":true,"href":"https:\/\/www.teleskopeffekt.de\/et\/wp-json\/wp\/v2\/comments?post=5375"}],"version-history":[{"count":0,"href":"https:\/\/www.teleskopeffekt.de\/et\/wp-json\/wp\/v2\/pages\/5375\/revisions"}],"wp:attachment":[{"href":"https:\/\/www.teleskopeffekt.de\/et\/wp-json\/wp\/v2\/media?parent=5375"}],"curies":[{"name":"wp","href":"https:\/\/api.w.org\/{rel}","templated":true}]}}