{"id":5262,"date":"2025-06-26T15:32:37","date_gmt":"2025-06-26T13:32:37","guid":{"rendered":"https:\/\/www.teleskopeffekt.de\/?page_id=5262"},"modified":"2025-07-10T08:17:06","modified_gmt":"2025-07-10T06:17:06","slug":"kliendipank2030","status":"publish","type":"page","link":"https:\/\/www.teleskopeffekt.de\/et\/fuer-banken\/kundenbank2030\/","title":{"rendered":"KundenBank2030"},"content":{"rendered":"<div class=\"row block-686861273 rmt rmb row-small\">\n\n<div class=\"col col-12 col-lg-12 block-wysiwyg\">\n\n    <h2 style=\" text-align:left;\">Kliendikesksus on rohkem kui lihtsalt trend - see on edutegur.<\/h2>\n    <ul>\n<li data-start=\"1102\" data-end=\"1262\">\n<p data-start=\"1104\" data-end=\"1262\"><strong data-start=\"1104\" data-end=\"1132\">Regulatiivsed n\u00f5uded:<\/strong><br data-start=\"1132\" data-end=\"1135\" \/>MaRisk ja BaFin (08\/2023) n\u00f5uavad, et kliendikasu oleks toodete kavandamise, juhtimise ja kontrolli keskmes.<\/p>\n<\/li>\n<li data-start=\"1263\" data-end=\"1425\">\n<p data-start=\"1265\" data-end=\"1425\"><strong data-start=\"1265\" data-end=\"1296\">Strateegiliselt \u00fchendatav:<\/strong><br data-start=\"1296\" data-end=\"1299\" \/>\u00dchildub BVRi k\u00f5ikeh\u00f5lmava strateegiaga: kogemused ilma meedia katkestusteta, modulaarne arhitektuur, platvormidega \u00fchilduv loogika.<\/p>\n<\/li>\n<li data-start=\"1426\" data-end=\"1528\">\n<p data-start=\"1428\" data-end=\"1528\"><strong data-start=\"1428\" data-end=\"1462\">\u00dclekantav igap\u00e4evasesse pangandusse:<\/strong><br data-start=\"1462\" data-end=\"1465\" \/>Personad ja koosloome, kliendireisid, KPI-p\u00f5hine juhtimine.<\/p>\n<\/li>\n<\/ul>\n \n      <div class=\"block-links\" style=\"text-align:left;\"><a class=\"btn btn-primary hero-link-first\" href=\"#EffektTag\" target=\"\">Meie lahendused<\/a>\n      <\/div>\n  <\/div>            <link rel=\"stylesheet\" type=\"text\/css\" href=\"https:\/\/www.teleskopeffekt.de\/wp-content\/themes\/boxed-theme\/includes\/blocks\/block_wysiwyg\/style.css\">\n            <\/div>\n\n\n<div id=\"EffektTag\" class=\"row block-41001078  row-small\">\n\n<div class=\"col col-12 col-lg-6 block-wysiwyg\"style=\"padding-top:50px; padding-bottom:50px;\">\n\n    <h3 style=\"color:#194673; text-align:left;\">Miks KundenBank2030?<\/h3>\n    \n    <h-subline style=\"color:#194673; text-align:left;\">Sest l\u00e4hedusest ei piisa, kui seda ei ole teie DNA-s.<\/h-subline>\n    <p>Kliendikesksus ei ole pehme lubadus, vaid j\u00e4relevalveasutuste n\u00f5utav edutegur - strateegiliselt vajalik ja praktiliselt teostatav. \u00dcha enam digitaliseeruvas finantsmaailmas ei saa pank mitte ainult elada \u201ekliendil\u00e4hedust\u201c, vaid ta peab seda l\u00e4hedust ka struktuuriliselt ja s\u00fcstemaatiliselt oma DNA-sse kinnistama. Ja just seda me saavutame <strong data-start=\"934\" data-end=\"952\">KundenBank2030<\/strong>.<\/p>\n<p data-start=\"1608\" data-end=\"1904\"><strong data-start=\"1608\" data-end=\"1636\">N\u00e4ide praktikast:<\/strong><br data-start=\"1636\" data-end=\"1639\" \/>Lisa, 19, praktikant. Tema vanemad on Volksbanki kliendid. Ta laeb alla pangarakenduse - kuid mitte Volksbanki oma.<br data-start=\"1762\" data-end=\"1765\" \/>Andreas, 43, ettev\u00f5tja. Ta hindab isiklikku n\u00f5ustamist, kuid eelistab igap\u00e4evaste rahaasjade jaoks kasutada digitaalseid vahendeid - ilma \u00fchistu logota.<\/p>\n<p data-start=\"1906\" data-end=\"2108\">Meie \u00fchiskond kahaneb, vananeb, digitaliseerub - ja eemaldub k\u00e4egakatsutavast kliendisuhtest. <strong data-start=\"2021\" data-end=\"2039\">KundenBank2030<\/strong> annab Volksbankile v\u00f5imaluse juhtida just seda muutust.<\/p>\n<\/div>            <link rel=\"stylesheet\" type=\"text\/css\" href=\"https:\/\/www.teleskopeffekt.de\/wp-content\/themes\/boxed-theme\/includes\/blocks\/block_wysiwyg\/style.css\">\n            \n<div class=\"col col-12 col-lg-6 block-image block-hover-effect\"style=\"padding-top:50px; padding-bottom:50px;\">\n\n    <img decoding=\"async\" class=\"desk-img\" src=\"https:\/\/www.teleskopeffekt.de\/wp-content\/uploads\/2025\/06\/Bilder-fuer-die-Webseite--960x638.jpg\" alt=\"\" loading=\"lazy\">\n    <img decoding=\"async\" class=\"mob-img\" src=\"https:\/\/www.teleskopeffekt.de\/wp-content\/uploads\/2025\/06\/Bilder-fuer-die-Webseite--576x383.jpg\" alt=\"\" loading=\"lazy\">\n    <\/div>\n\n\n            <link rel=\"stylesheet\" type=\"text\/css\" href=\"https:\/\/www.teleskopeffekt.de\/wp-content\/themes\/boxed-theme\/includes\/blocks\/block_image\/style.css\">\n            <\/div>\n\n\n<div id=\"EffektTag\" class=\"row block-1116897410  row-small\">\n\n<div class=\"col col-12 col-lg-6 block-image block-hover-effect\"style=\"padding-top:50px; padding-bottom:50px;\">\n\n    <img decoding=\"async\" class=\"desk-img\" src=\"https:\/\/www.teleskopeffekt.de\/wp-content\/uploads\/2025\/06\/1-960x638.jpg\" alt=\"\" loading=\"lazy\">\n    <img decoding=\"async\" class=\"mob-img\" src=\"https:\/\/www.teleskopeffekt.de\/wp-content\/uploads\/2025\/06\/1-576x383.jpg\" alt=\"\" loading=\"lazy\">\n    <\/div>\n\n\n            <link rel=\"stylesheet\" type=\"text\/css\" href=\"https:\/\/www.teleskopeffekt.de\/wp-content\/themes\/boxed-theme\/includes\/blocks\/block_image\/style.css\">\n            \n<div class=\"col col-12 col-lg-6 block-wysiwyg\"style=\"padding-top:50px; padding-bottom:50px;\">\n\n    <h3 style=\"color:#194673; text-align:left;\">Mida me pakume?<\/h3>\n    \n    <h-subline style=\"color:#194673; text-align:left;\">Interdistsiplinaarne meeskond teeb vahet:<\/h-subline>\n    <ul data-start=\"2691\" data-end=\"3248\">\n<li data-start=\"2691\" data-end=\"2813\">\n<p data-start=\"2693\" data-end=\"2813\">Teie t\u00f6\u00f6tajad t\u00f6\u00f6tavad reaalsete kliendipersoonadega, mis on profiilidena n\u00e4htavad konsultatsioonidel, koosolekutel ja intranetis.<\/p>\n<\/li>\n<li data-start=\"2814\" data-end=\"2927\">\n<p data-start=\"2816\" data-end=\"2927\">Interdistsiplinaarne meeskond tuvastab kliendim\u00f5juga protsessid ja optimeerib neid otseselt kiirete v\u00f5itudega.<\/p>\n<\/li>\n<li data-start=\"2928\" data-end=\"3027\">\n<p data-start=\"2930\" data-end=\"3027\">Konsultandid treenivad uut dialoogiloogikat - mis p\u00f5hineb elulistel olukordadel, h\u00fcbriidsel ja kliendi igap\u00e4evaelule l\u00e4hedasel viisil.<\/p>\n<\/li>\n<li data-start=\"3028\" data-end=\"3098\">\n<p data-start=\"3030\" data-end=\"3098\">Juhid integreerivad uued kliendi p\u00f5hin\u00e4itajad oma juhtimisloogikasse.<\/p>\n<\/li>\n<li data-start=\"3099\" data-end=\"3248\">\n<p data-start=\"3101\" data-end=\"3248\">Kliendikesksus muutub mitte ainult strateegia esitluse osaks, vaid ka osaks <strong data-start=\"3190\" data-end=\"3247\">Juhtkonna koosolekud, koolitus ja sisekommunikatsioon<\/strong>.<\/p>\n<\/li>\n<\/ul>\n<p data-start=\"3250\" data-end=\"3340\"><strong data-start=\"3250\" data-end=\"3270\">Igap\u00e4evane n\u00e4ide:<\/strong><br data-start=\"3270\" data-end=\"3273\" \/>\u201eMida Lisa vajaks?\u201c - mitte: \u201eMida me saame m\u00fc\u00fca?\u201c<\/p>\n<\/div>            <link rel=\"stylesheet\" type=\"text\/css\" href=\"https:\/\/www.teleskopeffekt.de\/wp-content\/themes\/boxed-theme\/includes\/blocks\/block_wysiwyg\/style.css\">\n            \n<div class=\"col col-12 col-lg-12 block-wysiwyg\">\n\n    <h3 style=\"color:#194673; text-align:left;\">Ajakava ja j\u00e4rgmised sammud<\/h3>\n    \n    <h-subline style=\"color:#194673; text-align:left;\">8-10 n\u00e4dala jooksul rakendame \u00fchiselt \u201eKundenBank2030\u201c teie ettev\u00f5ttes - minimaalse koordineerimisega ja maksimaalse m\u00f5juga.<\/h-subline>\n    <p data-start=\"3408\" data-end=\"3570\">Siin on, mida te v\u00f5ite oodata:<\/p>\n<ul data-start=\"3572\" data-end=\"4155\">\n<li data-start=\"3572\" data-end=\"3671\">\n<p data-start=\"3574\" data-end=\"3671\"><strong data-start=\"3574\" data-end=\"3596\">2 kliendi intervjuud<\/strong> 30-45 minutit kumbki \u2192 Valik ja kutse teie poolt, teostus meie poolt<\/p>\n<\/li>\n<li data-start=\"3672\" data-end=\"3858\">\n<p data-start=\"3674\" data-end=\"3858\"><strong data-start=\"3674\" data-end=\"3715\">1 protsessi anal\u00fc\u00fcsi t\u00f6\u00f6tuba (3 tundi)<\/strong> 6-8 t\u00f6\u00f6tajaga \u2192 Teemad: Auditiprotsessid, IT-korraldus, andmehaldus, turvalisus v\u00f5i isegi ehituse rahastamine ja teeninduskogemus<\/p>\n<\/li>\n<li data-start=\"3859\" data-end=\"3955\">\n<p data-start=\"3861\" data-end=\"3955\"><strong data-start=\"3861\" data-end=\"3900\">1 m\u00fc\u00fcgikoolitus (2 x 2 tundi)<\/strong> \u2192 Teie m\u00fc\u00fcgimeeskonnale, sh t\u00f6\u00f6riistad ja dialoogiloogika<\/p>\n<\/li>\n<li data-start=\"3956\" data-end=\"4072\">\n<p data-start=\"3958\" data-end=\"4072\"><strong data-start=\"3958\" data-end=\"3998\">1 juhtimissessioon (2 tundi)<\/strong> \u2192 Fookus: tulemusn\u00e4itajate integreerimine, juhtimine ja kliendiperspektiivi kinnistamine<\/p>\n<\/li>\n<li data-start=\"4073\" data-end=\"4155\">\n<p data-start=\"4075\" data-end=\"4155\"><strong data-start=\"4075\" data-end=\"4111\">4-6 tundi sisemist koordineerimist<\/strong> \u2192 Kohtumiste, osalejate, ruumide jaoks<\/p>\n<\/li>\n<\/ul>\n<p data-start=\"4157\" data-end=\"4301\"><strong data-start=\"4157\" data-end=\"4190\">Meie hoolitseme k\u00f5ige muu eest.<\/strong><br data-start=\"4190\" data-end=\"4193\" \/>Ettevalmistusest ja modereerimisest kuni tulemuste t\u00f6\u00f6tlemiseni - praktiline, arusaadav ja struktureeritud.<\/p>\n<\/div>            <link rel=\"stylesheet\" type=\"text\/css\" href=\"https:\/\/www.teleskopeffekt.de\/wp-content\/themes\/boxed-theme\/includes\/blocks\/block_wysiwyg\/style.css\">\n            <\/div>\n\n\n<div id=\"EffektTag\" class=\"row block-562236418  row-small\">\n\n<div class=\"col col-12 col-lg-6 block-wysiwyg\"style=\"padding-top:50px; padding-bottom:50px;\">\n\n    <h3 style=\"color:#194673; text-align:left;\">Teie investeering - selge kohustus, selge m\u00f5ju<\/h3>\n    \n    <h-subline style=\"color:#194673; text-align:left;\">Kui palju see teile maksma l\u00e4heb ja kes teid toetab? <\/h-subline>\n    <p>Selge kohustus selge m\u00f5ju saavutamiseks. Investeering on kohandatud vastavalt teie vajadustele ja me pakume struktureeritud rakendamist ilma asjatu vaevata. T\u00e4iendavad \u00fcksikasjad investeeringu ja erinevate v\u00f5imaluste kohta on saadaval otse n\u00f5udmisel.<\/p>\n<p>Koos pakume strateegilist s\u00fcgavust, inimlikku l\u00e4hedust ja konkreetset rakendamist.<\/p>\n<p data-start=\"2183\" data-end=\"2508\"><strong>WG ANDMED<\/strong> toob kaasa ulatusliku \u00fcmberkujundamise ja projektikogemuse, mis tagab eduka rakendamise.<br data-start=\"2350\" data-end=\"2353\" \/><strong>Teleskoobi efekt<\/strong> rakendab selle muutuse praktikas ja tagab j\u00e4tkusuutliku muutuse kohandatud t\u00f6\u00f6tubade ja osalemisprotsesside kaudu.<\/p>\n<p data-start=\"2510\" data-end=\"2591\">Sest t\u00f5elised muutused vajavad numbreid ja suhtumist.<\/p>\n \n      <div class=\"block-links\" style=\"text-align:left;\"><a class=\"btn btn-primary hero-link-first ext\" href=\"https:\/\/share-eu1.hsforms.com\/1KENMUmQnSiqZY-mCiG4uig2dd7dn\" target=\"\">P\u00d6\u00d6RDIMINE KOHE<\/a>\n      <\/div>\n  <\/div>            <link rel=\"stylesheet\" type=\"text\/css\" href=\"https:\/\/www.teleskopeffekt.de\/wp-content\/themes\/boxed-theme\/includes\/blocks\/block_wysiwyg\/style.css\">\n            \n<div class=\"col col-12 col-lg-6 block-image block-hover-effect\"style=\"padding-top:50px; padding-bottom:50px;\">\n\n    <img decoding=\"async\" class=\"desk-img\" src=\"https:\/\/www.teleskopeffekt.de\/wp-content\/uploads\/2025\/06\/3-960x638.jpg\" alt=\"\" loading=\"lazy\">\n    <img decoding=\"async\" class=\"mob-img\" src=\"https:\/\/www.teleskopeffekt.de\/wp-content\/uploads\/2025\/06\/3-576x383.jpg\" alt=\"\" loading=\"lazy\">\n    <\/div>\n\n\n            <link rel=\"stylesheet\" type=\"text\/css\" href=\"https:\/\/www.teleskopeffekt.de\/wp-content\/themes\/boxed-theme\/includes\/blocks\/block_image\/style.css\">\n            <\/div>\n\n\n<div class=\"row block-585283744 rmt rmb row-small-back-overfl no-overflow\" style=\"background:#194673;\">\n\n    \n    <h6 style=\"color:#ffffff; text-align:center;\">CustomerBank 2030<\/h6>\n    \n    \n    <style>\n    .block-wysiwyg.ident68657521 p,\n    .block-wysiwyg.ident68657521 span {\n     color:#ffffff;\n    }\n    <\/style>\n    \n<div class=\"col col-12 col-lg-12 block-wysiwyg ident68657521\" style=\"color:#ffffff;\">\n<p style=\"text-align: center;\">Kliendikesksuse uus m\u00e4\u00e4ratlus: \u00f5igusaktidega n\u00f5utav, strateegiliselt vajalik, praktiliselt teostatav.<\/p>\n \n      <div class=\"block-links\" style=\"text-align:center;\"><a class=\"btn btn-cta-inv hero-link-first ext\" href=\"https:\/\/share-eu1.hsforms.com\/1KENMUmQnSiqZY-mCiG4uig2dd7dn\" target=\"\">P\u00d6\u00d6RDIMINE KOHE<\/a>\n      <\/div>\n  <\/div>            <link rel=\"stylesheet\" type=\"text\/css\" href=\"https:\/\/www.teleskopeffekt.de\/wp-content\/themes\/boxed-theme\/includes\/blocks\/block_wysiwyg\/style.css\">\n            <\/div>\n\n\n<div class=\"row block-1832582820 rmt rmb row-small\">\n\n<div class=\"col col-12 col-lg-12 block-contact-person block-hover-effect\"style=\"padding-top:50px; padding-bottom:50px;\">\n<div class=\"row\">\n        <div class=\"col-12 col-lg-6 thumb-container\">\n        <img decoding=\"async\" data-no-translation src=\"https:\/\/www.teleskopeffekt.de\/wp-content\/uploads\/2024\/02\/tanja-speck-500.jpg\">\n        <img decoding=\"async\" data-no-translation class=\"frame-loops\" src=\"\/wp-content\/themes\/boxed-theme\/includes\/media\/theme-icons\/image-frame-loops.svg\">\n        <\/div>\n        <div class=\"col-12 col-lg-6 content-container\">\n            <div class=\"contact-pers-head\">\n                <span class=\"contact-pers-title\">\n                    Tanja Speck\n                <\/span>\n                <span class=\"contact-pers-job\">\n                    Partnerite haldamine \n                <\/span>\n            <\/div>\n            <div class=\"contaact-pers-possibl\">\n                <a href=\"mailto:tanja.speck@teleskopeffekt.de\"><img decoding=\"async\" class=\"svg-icon icon-mail-outlined\" src=\"https:\/\/www.teleskopeffekt.de\/wp-content\/themes\/boxed-theme\/includes\/media\/icons\/mail-outlined.svg\" alt=\"posti teel\"><\/a><a href=\"https:\/\/www.linkedin.com\/in\/tanjaspeck\/\"><img decoding=\"async\" class=\"svg-icon icon-linkedin-fill\" src=\"https:\/\/www.teleskopeffekt.de\/wp-content\/themes\/boxed-theme\/includes\/media\/icons\/linkedin-fill.svg\" alt=\"linkedin-fill\"><\/a>\n            <\/div>\n           <a class=\"btn btn-cta\"href=\"mailto:tanja.speck@teleskopeffekt.de\">JETZT KONTAKT AUFNEHMEN<\/a>\n        <\/div>\n        <script type=\"application\/ld+json\">{\n    \"@context\": \"https:\\\/\\\/schema.org\\\/\",\n    \"@type\": \"Person\",\n    \"name\": \"Tanja Speck\",\n    \"jobTitle\": \"Partnermanagement \",\n    \"url\": \"https:\\\/\\\/www.teleskopeffekt.de\\\/et\\\/team\\\/tanja-speck\\\/\",\n    \"image\": \"https:\\\/\\\/www.teleskopeffekt.de\\\/wp-content\\\/uploads\\\/2024\\\/02\\\/tanja-speck-500.jpg\",\n    \"sameAs\": \"https:\\\/\\\/www.linkedin.com\\\/in\\\/tanjaspeck\\\/\",\n    \"worksFor\": {\n        \"@type\": \"Organization\",\n        \"name\": \"TeleskopEffekt GmbH\"\n    }\n}<\/script>\n\n    <\/div>\n<\/div>            <link rel=\"stylesheet\" type=\"text\/css\" href=\"https:\/\/www.teleskopeffekt.de\/wp-content\/themes\/boxed-theme\/includes\/blocks\/block_contact_person\/style.css\">\n            <\/div>","protected":false},"excerpt":{"rendered":"","protected":false},"author":4,"featured_media":0,"parent":263,"menu_order":0,"comment_status":"closed","ping_status":"closed","template":"page-standard.php","meta":{"_acf_changed":true,"content-type":"","_price":"","_stock":"","_tribe_ticket_header":"","_tribe_default_ticket_provider":"","_tribe_ticket_capacity":"0","_ticket_start_date":"","_ticket_end_date":"","_tribe_ticket_show_description":"","_tribe_ticket_show_not_going":false,"_tribe_ticket_use_global_stock":"","_tribe_ticket_global_stock_level":"","_global_stock_mode":"","_global_stock_cap":"","_tribe_rsvp_for_event":"","_tribe_ticket_going_count":"","_tribe_ticket_not_going_count":"","_tribe_tickets_list":"[]","_tribe_ticket_has_attendee_info_fields":false,"footnotes":""},"class_list":["post-5262","page","type-page","status-publish","hentry"],"acf":[],"yoast_head":"<!-- This site is optimized with the Yoast SEO plugin v27.2 - https:\/\/yoast.com\/product\/yoast-seo-wordpress\/ -->\n<title>KundenBank2030 - Teleskopeffekt | Innovation f\u00fcr Bank &amp; Mittelstand<\/title>\n<meta name=\"robots\" content=\"index, follow, max-snippet:-1, max-image-preview:large, max-video-preview:-1\" \/>\n<link rel=\"canonical\" href=\"https:\/\/www.teleskopeffekt.de\/et\/pankade-jaoks\/kliendipank2030\/\" \/>\n<meta property=\"og:locale\" content=\"et_EE\" \/>\n<meta property=\"og:type\" content=\"article\" \/>\n<meta property=\"og:title\" content=\"KundenBank2030 - Teleskopeffekt | Innovation f\u00fcr Bank &amp; Mittelstand\" \/>\n<meta property=\"og:url\" content=\"https:\/\/www.teleskopeffekt.de\/et\/pankade-jaoks\/kliendipank2030\/\" \/>\n<meta property=\"og:site_name\" content=\"Teleskopeffekt | Innovation f\u00fcr Bank &amp; Mittelstand\" \/>\n<meta property=\"article:modified_time\" content=\"2025-07-10T06:17:06+00:00\" \/>\n<meta name=\"twitter:card\" content=\"summary_large_image\" \/>\n<script type=\"application\/ld+json\" class=\"yoast-schema-graph\">{\"@context\":\"https:\/\/schema.org\",\"@graph\":[{\"@type\":\"WebPage\",\"@id\":\"https:\/\/www.teleskopeffekt.de\/fuer-banken\/kundenbank2030\/\",\"url\":\"https:\/\/www.teleskopeffekt.de\/fuer-banken\/kundenbank2030\/\",\"name\":\"KundenBank2030 - Teleskopeffekt | Innovation f\u00fcr Bank &amp; Mittelstand\",\"isPartOf\":{\"@id\":\"https:\/\/www.teleskopeffekt.de\/#website\"},\"datePublished\":\"2025-06-26T13:32:37+00:00\",\"dateModified\":\"2025-07-10T06:17:06+00:00\",\"breadcrumb\":{\"@id\":\"https:\/\/www.teleskopeffekt.de\/fuer-banken\/kundenbank2030\/#breadcrumb\"},\"inLanguage\":\"et\",\"potentialAction\":[{\"@type\":\"ReadAction\",\"target\":[\"https:\/\/www.teleskopeffekt.de\/fuer-banken\/kundenbank2030\/\"]}]},{\"@type\":\"BreadcrumbList\",\"@id\":\"https:\/\/www.teleskopeffekt.de\/fuer-banken\/kundenbank2030\/#breadcrumb\",\"itemListElement\":[{\"@type\":\"ListItem\",\"position\":1,\"name\":\"Teleskopeffekt\",\"item\":\"https:\/\/www.teleskopeffekt.de\/\"},{\"@type\":\"ListItem\",\"position\":2,\"name\":\"TeleskopEffekt Startseite\",\"item\":\"https:\/\/www.teleskopeffekt.de\/\"},{\"@type\":\"ListItem\",\"position\":3,\"name\":\"KundenBank2030\"}]},{\"@type\":\"WebSite\",\"@id\":\"https:\/\/www.teleskopeffekt.de\/#website\",\"url\":\"https:\/\/www.teleskopeffekt.de\/\",\"name\":\"Teleskopeffekt | Innovation f\u00fcr Bank &amp; Mittelstand\",\"description\":\"\",\"potentialAction\":[{\"@type\":\"SearchAction\",\"target\":{\"@type\":\"EntryPoint\",\"urlTemplate\":\"https:\/\/www.teleskopeffekt.de\/?s={search_term_string}\"},\"query-input\":{\"@type\":\"PropertyValueSpecification\",\"valueRequired\":true,\"valueName\":\"search_term_string\"}}],\"inLanguage\":\"et\"}]}<\/script>\n<!-- \/ Yoast SEO plugin. -->","yoast_head_json":{"title":"KundenBank2030 - Teleskoopi efekt | Innovatsioon pankadele ja VKEdele","robots":{"index":"index","follow":"follow","max-snippet":"max-snippet:-1","max-image-preview":"max-image-preview:large","max-video-preview":"max-video-preview:-1"},"canonical":"https:\/\/www.teleskopeffekt.de\/et\/pankade-jaoks\/kliendipank2030\/","og_locale":"et_EE","og_type":"article","og_title":"KundenBank2030 - Teleskopeffekt | Innovation f\u00fcr Bank &amp; Mittelstand","og_url":"https:\/\/www.teleskopeffekt.de\/et\/pankade-jaoks\/kliendipank2030\/","og_site_name":"Teleskopeffekt | Innovation f\u00fcr Bank &amp; Mittelstand","article_modified_time":"2025-07-10T06:17:06+00:00","twitter_card":"summary_large_image","schema":{"@context":"https:\/\/schema.org","@graph":[{"@type":"WebPage","@id":"https:\/\/www.teleskopeffekt.de\/fuer-banken\/kundenbank2030\/","url":"https:\/\/www.teleskopeffekt.de\/fuer-banken\/kundenbank2030\/","name":"KundenBank2030 - Teleskoopi efekt | Innovatsioon pankadele ja VKEdele","isPartOf":{"@id":"https:\/\/www.teleskopeffekt.de\/#website"},"datePublished":"2025-06-26T13:32:37+00:00","dateModified":"2025-07-10T06:17:06+00:00","breadcrumb":{"@id":"https:\/\/www.teleskopeffekt.de\/fuer-banken\/kundenbank2030\/#breadcrumb"},"inLanguage":"et","potentialAction":[{"@type":"ReadAction","target":["https:\/\/www.teleskopeffekt.de\/fuer-banken\/kundenbank2030\/"]}]},{"@type":"BreadcrumbList","@id":"https:\/\/www.teleskopeffekt.de\/fuer-banken\/kundenbank2030\/#breadcrumb","itemListElement":[{"@type":"ListItem","position":1,"name":"Teleskopeffekt","item":"https:\/\/www.teleskopeffekt.de\/"},{"@type":"ListItem","position":2,"name":"TeleskopEffekt Startseite","item":"https:\/\/www.teleskopeffekt.de\/"},{"@type":"ListItem","position":3,"name":"KundenBank2030"}]},{"@type":"WebSite","@id":"https:\/\/www.teleskopeffekt.de\/#website","url":"https:\/\/www.teleskopeffekt.de\/","name":"Teleskoobiefekt | Innovatsioon pankade ja VKEde jaoks","description":"","potentialAction":[{"@type":"SearchAction","target":{"@type":"EntryPoint","urlTemplate":"https:\/\/www.teleskopeffekt.de\/?s={search_term_string}"},"query-input":{"@type":"PropertyValueSpecification","valueRequired":true,"valueName":"search_term_string"}}],"inLanguage":"et"}]}},"_links":{"self":[{"href":"https:\/\/www.teleskopeffekt.de\/et\/wp-json\/wp\/v2\/pages\/5262","targetHints":{"allow":["GET"]}}],"collection":[{"href":"https:\/\/www.teleskopeffekt.de\/et\/wp-json\/wp\/v2\/pages"}],"about":[{"href":"https:\/\/www.teleskopeffekt.de\/et\/wp-json\/wp\/v2\/types\/page"}],"author":[{"embeddable":true,"href":"https:\/\/www.teleskopeffekt.de\/et\/wp-json\/wp\/v2\/users\/4"}],"replies":[{"embeddable":true,"href":"https:\/\/www.teleskopeffekt.de\/et\/wp-json\/wp\/v2\/comments?post=5262"}],"version-history":[{"count":0,"href":"https:\/\/www.teleskopeffekt.de\/et\/wp-json\/wp\/v2\/pages\/5262\/revisions"}],"up":[{"embeddable":true,"href":"https:\/\/www.teleskopeffekt.de\/et\/wp-json\/wp\/v2\/pages\/263"}],"wp:attachment":[{"href":"https:\/\/www.teleskopeffekt.de\/et\/wp-json\/wp\/v2\/media?parent=5262"}],"curies":[{"name":"wp","href":"https:\/\/api.w.org\/{rel}","templated":true}]}}