{"id":5253,"date":"2025-06-26T08:22:33","date_gmt":"2025-06-26T06:22:33","guid":{"rendered":"https:\/\/www.teleskopeffekt.de\/?page_id=5253"},"modified":"2026-02-11T16:24:50","modified_gmt":"2026-02-11T15:24:50","slug":"uue-tegevusmudeli-vaeljatoeoetamine","status":"publish","type":"page","link":"https:\/\/www.teleskopeffekt.de\/et\/fuer-banken\/neues-betriebsmodell-entfalten\/","title":{"rendered":"Uus toimimismudel: t\u00f5hususe potentsiaali \u00e4rakasutamine"},"content":{"rendered":"<div class=\"row block-2072004300 rmb row-small\">\n\n<div class=\"col col-12 col-lg-8 block-wysiwyg\"style=\"padding-top:50px;\">\n<p><span style=\"font-size: 12pt;\">\u00dchistupankade uus toimimismudel (nBM) on pangandustegevuse kaugeleulatuv strateegiline ja operatiivne \u00fcmberkorraldamine, mille algatas \u00dchistu finantsv\u00f5rgustik (GFG) eesm\u00e4rgiga luua 2030. aastaks j\u00e4tkusuutlik, t\u00f5hus ja standardiseeritud jaepanganduse mudel.\u00a0<\/span><\/p>\n<p><span style=\"font-size: 12pt;\">Kaugeleulatuv algatus, mille eesm\u00e4rk on saavutada terviklik <b>Standardiseerimine<\/b>, <b>Automatiseerimine<\/b> ja <b>Paindlik t\u00f6\u00f6jaotus<\/b> on eesm\u00e4rk. Standardiseerimine h\u00f5lmab protsesse, tooteid ja tehnoloogiaid, et luua t\u00f5hus ja tulevikukindel pangainfrastruktuur, mis vastab digitaalajastu n\u00f5uetele. nBMi poolt esilekutsutud paradigmamuutus on otsustava t\u00e4htsusega pankade jaoks, kes soovivad j\u00e4\u00e4da konkurentsiv\u00f5imeliseks ja samal ajal v\u00e4hendada kulusid.\u00a0<\/span><\/p>\n<p><span style=\"font-size: 12pt;\">See t\u00f6\u00f6tati v\u00e4lja selleks, et aidata \u00fchistupankadel vastata digitaliseerimise, muutuva kliendik\u00e4itumise ja suureneva konkurentsi v\u00e4ljakutsetele.\u00a0<\/span><\/p>\n<p style=\"text-align: left;\"><span style=\"font-size: 14pt;\">\u00a0<\/span><\/p>\n<\/div>            <link rel=\"stylesheet\" type=\"text\/css\" href=\"https:\/\/www.teleskopeffekt.de\/wp-content\/themes\/boxed-theme\/includes\/blocks\/block_wysiwyg\/style.css\">\n            \n<div class=\"col col-12 col-lg-4 block-image\">\n\n    <img decoding=\"async\" class=\"desk-img\" src=\"https:\/\/www.teleskopeffekt.de\/wp-content\/uploads\/2025\/12\/10801080-640x640.jpg\" alt=\"\" loading=\"lazy\">\n    <img decoding=\"async\" class=\"mob-img\" src=\"https:\/\/www.teleskopeffekt.de\/wp-content\/uploads\/2025\/12\/10801080-576x576.jpg\" alt=\"\" loading=\"lazy\">\n    <\/div>\n\n\n            <link rel=\"stylesheet\" type=\"text\/css\" href=\"https:\/\/www.teleskopeffekt.de\/wp-content\/themes\/boxed-theme\/includes\/blocks\/block_image\/style.css\">\n            <\/div>\n\n\n<div class=\"row block-1384834508  row-small\">\n\n<div class=\"col col-12 col-lg-12 block-wysiwyg\"style=\"padding-bottom:50px;\">\n\n    <h2 style=\" text-align:center;\">Uue mudeli olulised omadused<\/h2>\n    <p>&nbsp;<\/p>\n<p style=\"text-align: center;\"><span style=\"font-size: 12pt;\">Standarditud tooted ja protsessid on nBMi rakendamise aluseks. See standardimine h\u00f5lbustab automatiseerimist ja v\u00f5imaldab v\u00f5tta kasutusele k\u00f5ikv\u00f5imalikud paberivabad protsessid, mis pakuvad paremat kasutajakogemust nii pankadele kui ka klientidele.\u00a0<\/span><\/p>\n<h3 style=\"text-align: center;\"><strong>Eelised pankade jaoks\u00a0<\/strong><\/h3>\n<p style=\"text-align: center;\"><span style=\"font-size: 14pt;\">\u2705<span style=\"font-size: 12pt;\"> Kulutulu t\u00e4nu k\u00e4sitsi tehtavate toimingute v\u00e4hendamisele ja protsesside automatiseerimisele.\u00a0<\/span><\/span><\/p>\n<p style=\"text-align: center;\"><span style=\"font-size: 12pt;\">\u2705 Suurem kliendikesksus: vabastades t\u00f6\u00f6tajad haldus\u00fclesannetest, saavad nad rohkem aega investeerida kliendikontaktidesse, mis suurendab klientide rahulolu.\u00a0<\/span><\/p>\n<p style=\"text-align: center;\"><span style=\"font-size: 12pt;\">\u2705 Kiirem turulej\u00f5udmine ja v\u00e4iksem n\u00f5udlus IT-spetsialistide j\u00e4rele.\u00a0<\/span><\/p>\n<p style=\"text-align: center;\"><span style=\"font-size: 12pt;\">\u2705 Optimeeritud pangastruktuur, mis h\u00f5lmab peamiselt m\u00fc\u00fcgi-, tootmis- ja kontrollivaldkondi. See toob kaasa selge keskendumise p\u00f5hitegevusele ja sisemiste protsesside parandamise.\u00a0<\/span><\/p>\n<\/div>            <link rel=\"stylesheet\" type=\"text\/css\" href=\"https:\/\/www.teleskopeffekt.de\/wp-content\/themes\/boxed-theme\/includes\/blocks\/block_wysiwyg\/style.css\">\n            <\/div>\n\n\n<div class=\"row block-1826152853 rmt row-small-back-overfl no-overflow\" style=\"background:#194673;\">\n\n    \n    <h2 style=\"color:#ffffff; text-align:center;\">Meie teenused:<\/h2>\n    \n    \n<div class=\"col col-12 col-lg-12 block-wysiwyg\"style=\"padding-top:50px;\">\n<p style=\"text-align: center;\">\u2705 <span style=\"color: #ffffff;\">Uue tegevusmudeli oluline alus on klientide digitaalne kvoot. Kas soovite minna 75-le? Siis v\u00f5tke meiega \u00fchendust.<\/span><\/p>\n<p style=\"text-align: center;\"><span style=\"color: #ffffff;\">\u2705 T\u00f6\u00f6tajad ei j\u00e4rgi seda? Me saame aidata.<\/span><\/p>\n<p style=\"text-align: center;\"><span style=\"color: #ffffff;\">\u2705 Vabastamisplaani ei saa enam realiseerida. Me leiame lahenduse.<\/span><\/p>\n<\/div>            <link rel=\"stylesheet\" type=\"text\/css\" href=\"https:\/\/www.teleskopeffekt.de\/wp-content\/themes\/boxed-theme\/includes\/blocks\/block_wysiwyg\/style.css\">\n            <\/div>\n\n\n<div class=\"row block-1518941552 rmt rmb row-small\">\n\n<div class=\"col col-12 col-lg-12 block-contact-person block-hover-effect\"style=\"padding-top:50px;\">\n<div class=\"row\">\n        <div class=\"col-12 col-lg-6 thumb-container\">\n        <img decoding=\"async\" data-no-translation src=\"https:\/\/www.teleskopeffekt.de\/wp-content\/uploads\/2024\/01\/Team-Webseite.jpg\">\n        <img decoding=\"async\" data-no-translation class=\"frame-loops\" src=\"\/wp-content\/themes\/boxed-theme\/includes\/media\/theme-icons\/image-frame-loops.svg\">\n        <\/div>\n        <div class=\"col-12 col-lg-6 content-container\">\n            <div class=\"contact-pers-head\">\n                <span class=\"contact-pers-title\">\n                    Dominik Baumann\n                <\/span>\n                <span class=\"contact-pers-job\">\n                    Tegevdirektor\n                <\/span>\n            <\/div>\n            <div class=\"contaact-pers-possibl\">\n                <a href=\"mailto:dominik.baumann@teleskopeffekt.de\"><img decoding=\"async\" class=\"svg-icon icon-mail-outlined\" src=\"https:\/\/www.teleskopeffekt.de\/wp-content\/themes\/boxed-theme\/includes\/media\/icons\/mail-outlined.svg\" alt=\"posti teel\"><\/a><a href=\"https:\/\/www.linkedin.com\/in\/dominik-baumann-de\/\"><img decoding=\"async\" class=\"svg-icon icon-linkedin-fill\" src=\"https:\/\/www.teleskopeffekt.de\/wp-content\/themes\/boxed-theme\/includes\/media\/icons\/linkedin-fill.svg\" alt=\"linkedin-fill\"><\/a>\n            <\/div>\n           <a class=\"btn btn-cta\"href=\"mailto:dominik.baumann@teleskopeffekt.de\">JETZT KONTAKT AUFNEHMEN<\/a>\n        <\/div>\n        <script type=\"application\/ld+json\">{\n    \"@context\": \"https:\\\/\\\/schema.org\\\/\",\n    \"@type\": \"Person\",\n    \"name\": \"Dominik Baumann\",\n    \"jobTitle\": \"Gesch\\u00e4ftsf\\u00fchrer\",\n    \"url\": \"https:\\\/\\\/www.teleskopeffekt.de\\\/et\\\/team\\\/dominik-baumann\\\/\",\n    \"image\": \"https:\\\/\\\/www.teleskopeffekt.de\\\/wp-content\\\/uploads\\\/2024\\\/01\\\/Team-Webseite.jpg\",\n    \"sameAs\": \"https:\\\/\\\/www.linkedin.com\\\/in\\\/dominik-baumann-de\\\/\",\n    \"worksFor\": {\n        \"@type\": \"Organization\",\n        \"name\": \"TeleskopEffekt GmbH\"\n    }\n}<\/script>\n\n    <\/div>\n<\/div>            <link rel=\"stylesheet\" type=\"text\/css\" href=\"https:\/\/www.teleskopeffekt.de\/wp-content\/themes\/boxed-theme\/includes\/blocks\/block_contact_person\/style.css\">\n            <\/div>","protected":false},"excerpt":{"rendered":"","protected":false},"author":4,"featured_media":0,"parent":263,"menu_order":0,"comment_status":"closed","ping_status":"closed","template":"page-standard.php","meta":{"_acf_changed":false,"content-type":"","_price":"","_stock":"","_tribe_ticket_header":"","_tribe_default_ticket_provider":"","_tribe_ticket_capacity":"0","_ticket_start_date":"","_ticket_end_date":"","_tribe_ticket_show_description":"","_tribe_ticket_show_not_going":false,"_tribe_ticket_use_global_stock":"","_tribe_ticket_global_stock_level":"","_global_stock_mode":"","_global_stock_cap":"","_tribe_rsvp_for_event":"","_tribe_ticket_going_count":"","_tribe_ticket_not_going_count":"","_tribe_tickets_list":"[]","_tribe_ticket_has_attendee_info_fields":false,"footnotes":""},"class_list":["post-5253","page","type-page","status-publish","hentry"],"acf":[],"yoast_head":"<!-- This site is optimized with the Yoast SEO plugin v27.2 - https:\/\/yoast.com\/product\/yoast-seo-wordpress\/ -->\n<title>Neues Betriebsmodell: Effizienzpotenziale heben - Teleskopeffekt | Innovation f\u00fcr Bank &amp; Mittelstand<\/title>\n<meta name=\"description\" content=\"TeleskopEffekt | Wir unterst\u00fctzen dich beim Entfalten des vollen Potenzials des neuen Betriebsmodells von atruvia in deiner Bank\" \/>\n<meta name=\"robots\" content=\"index, follow, max-snippet:-1, max-image-preview:large, max-video-preview:-1\" \/>\n<link rel=\"canonical\" href=\"https:\/\/www.teleskopeffekt.de\/et\/pankade-jaoks\/uue-tegevusmudeli-vaeljatoeoetamine\/\" \/>\n<meta property=\"og:locale\" content=\"et_EE\" \/>\n<meta property=\"og:type\" content=\"article\" \/>\n<meta property=\"og:title\" content=\"Neues Betriebsmodell: Effizienzpotenziale heben - Teleskopeffekt | Innovation f\u00fcr Bank &amp; Mittelstand\" \/>\n<meta property=\"og:description\" content=\"TeleskopEffekt | Wir unterst\u00fctzen dich beim Entfalten des vollen Potenzials des neuen Betriebsmodells von atruvia in deiner Bank\" \/>\n<meta property=\"og:url\" content=\"https:\/\/www.teleskopeffekt.de\/et\/pankade-jaoks\/uue-tegevusmudeli-vaeljatoeoetamine\/\" \/>\n<meta property=\"og:site_name\" content=\"Teleskopeffekt | Innovation f\u00fcr Bank &amp; Mittelstand\" \/>\n<meta property=\"article:modified_time\" content=\"2026-02-11T15:24:50+00:00\" \/>\n<meta name=\"twitter:card\" content=\"summary_large_image\" \/>\n<script type=\"application\/ld+json\" class=\"yoast-schema-graph\">{\"@context\":\"https:\/\/schema.org\",\"@graph\":[{\"@type\":\"WebPage\",\"@id\":\"https:\/\/www.teleskopeffekt.de\/fuer-banken\/neues-betriebsmodell-entfalten\/\",\"url\":\"https:\/\/www.teleskopeffekt.de\/fuer-banken\/neues-betriebsmodell-entfalten\/\",\"name\":\"Neues Betriebsmodell: Effizienzpotenziale heben - Teleskopeffekt | Innovation f\u00fcr Bank &amp; Mittelstand\",\"isPartOf\":{\"@id\":\"https:\/\/www.teleskopeffekt.de\/#website\"},\"datePublished\":\"2025-06-26T06:22:33+00:00\",\"dateModified\":\"2026-02-11T15:24:50+00:00\",\"description\":\"TeleskopEffekt | Wir unterst\u00fctzen dich beim Entfalten des vollen Potenzials des neuen Betriebsmodells von atruvia in deiner Bank\",\"breadcrumb\":{\"@id\":\"https:\/\/www.teleskopeffekt.de\/fuer-banken\/neues-betriebsmodell-entfalten\/#breadcrumb\"},\"inLanguage\":\"et\",\"potentialAction\":[{\"@type\":\"ReadAction\",\"target\":[\"https:\/\/www.teleskopeffekt.de\/fuer-banken\/neues-betriebsmodell-entfalten\/\"]}]},{\"@type\":\"BreadcrumbList\",\"@id\":\"https:\/\/www.teleskopeffekt.de\/fuer-banken\/neues-betriebsmodell-entfalten\/#breadcrumb\",\"itemListElement\":[{\"@type\":\"ListItem\",\"position\":1,\"name\":\"Teleskopeffekt\",\"item\":\"https:\/\/www.teleskopeffekt.de\/\"},{\"@type\":\"ListItem\",\"position\":2,\"name\":\"TeleskopEffekt Startseite\",\"item\":\"https:\/\/www.teleskopeffekt.de\/\"},{\"@type\":\"ListItem\",\"position\":3,\"name\":\"Neues Betriebsmodell: Effizienzpotenziale heben\"}]},{\"@type\":\"WebSite\",\"@id\":\"https:\/\/www.teleskopeffekt.de\/#website\",\"url\":\"https:\/\/www.teleskopeffekt.de\/\",\"name\":\"Teleskopeffekt | Innovation f\u00fcr Bank &amp; Mittelstand\",\"description\":\"\",\"potentialAction\":[{\"@type\":\"SearchAction\",\"target\":{\"@type\":\"EntryPoint\",\"urlTemplate\":\"https:\/\/www.teleskopeffekt.de\/?s={search_term_string}\"},\"query-input\":{\"@type\":\"PropertyValueSpecification\",\"valueRequired\":true,\"valueName\":\"search_term_string\"}}],\"inLanguage\":\"et\"}]}<\/script>\n<!-- \/ Yoast SEO plugin. -->","yoast_head_json":{"title":"Uus tegevusmudel: t\u00f5hususe potentsiaali kasutamine - teleskoobiefekt | Innovatsioon pankadele ja VKEdele","description":"Teleskoopi efekt | Toetame teid atruvia uue toimimismudeli t\u00e4ieliku potentsiaali realiseerimisel teie pangas","robots":{"index":"index","follow":"follow","max-snippet":"max-snippet:-1","max-image-preview":"max-image-preview:large","max-video-preview":"max-video-preview:-1"},"canonical":"https:\/\/www.teleskopeffekt.de\/et\/pankade-jaoks\/uue-tegevusmudeli-vaeljatoeoetamine\/","og_locale":"et_EE","og_type":"article","og_title":"Neues Betriebsmodell: Effizienzpotenziale heben - Teleskopeffekt | Innovation f\u00fcr Bank &amp; Mittelstand","og_description":"TeleskopEffekt | Wir unterst\u00fctzen dich beim Entfalten des vollen Potenzials des neuen Betriebsmodells von atruvia in deiner Bank","og_url":"https:\/\/www.teleskopeffekt.de\/et\/pankade-jaoks\/uue-tegevusmudeli-vaeljatoeoetamine\/","og_site_name":"Teleskopeffekt | Innovation f\u00fcr Bank &amp; Mittelstand","article_modified_time":"2026-02-11T15:24:50+00:00","twitter_card":"summary_large_image","schema":{"@context":"https:\/\/schema.org","@graph":[{"@type":"WebPage","@id":"https:\/\/www.teleskopeffekt.de\/fuer-banken\/neues-betriebsmodell-entfalten\/","url":"https:\/\/www.teleskopeffekt.de\/fuer-banken\/neues-betriebsmodell-entfalten\/","name":"Uus tegevusmudel: t\u00f5hususe potentsiaali kasutamine - teleskoobiefekt | Innovatsioon pankadele ja VKEdele","isPartOf":{"@id":"https:\/\/www.teleskopeffekt.de\/#website"},"datePublished":"2025-06-26T06:22:33+00:00","dateModified":"2026-02-11T15:24:50+00:00","description":"Teleskoopi efekt | Toetame teid atruvia uue toimimismudeli t\u00e4ieliku potentsiaali realiseerimisel teie pangas","breadcrumb":{"@id":"https:\/\/www.teleskopeffekt.de\/fuer-banken\/neues-betriebsmodell-entfalten\/#breadcrumb"},"inLanguage":"et","potentialAction":[{"@type":"ReadAction","target":["https:\/\/www.teleskopeffekt.de\/fuer-banken\/neues-betriebsmodell-entfalten\/"]}]},{"@type":"BreadcrumbList","@id":"https:\/\/www.teleskopeffekt.de\/fuer-banken\/neues-betriebsmodell-entfalten\/#breadcrumb","itemListElement":[{"@type":"ListItem","position":1,"name":"Teleskopeffekt","item":"https:\/\/www.teleskopeffekt.de\/"},{"@type":"ListItem","position":2,"name":"TeleskopEffekt Startseite","item":"https:\/\/www.teleskopeffekt.de\/"},{"@type":"ListItem","position":3,"name":"Neues Betriebsmodell: Effizienzpotenziale heben"}]},{"@type":"WebSite","@id":"https:\/\/www.teleskopeffekt.de\/#website","url":"https:\/\/www.teleskopeffekt.de\/","name":"Teleskoobiefekt | Innovatsioon pankade ja VKEde jaoks","description":"","potentialAction":[{"@type":"SearchAction","target":{"@type":"EntryPoint","urlTemplate":"https:\/\/www.teleskopeffekt.de\/?s={search_term_string}"},"query-input":{"@type":"PropertyValueSpecification","valueRequired":true,"valueName":"search_term_string"}}],"inLanguage":"et"}]}},"_links":{"self":[{"href":"https:\/\/www.teleskopeffekt.de\/et\/wp-json\/wp\/v2\/pages\/5253","targetHints":{"allow":["GET"]}}],"collection":[{"href":"https:\/\/www.teleskopeffekt.de\/et\/wp-json\/wp\/v2\/pages"}],"about":[{"href":"https:\/\/www.teleskopeffekt.de\/et\/wp-json\/wp\/v2\/types\/page"}],"author":[{"embeddable":true,"href":"https:\/\/www.teleskopeffekt.de\/et\/wp-json\/wp\/v2\/users\/4"}],"replies":[{"embeddable":true,"href":"https:\/\/www.teleskopeffekt.de\/et\/wp-json\/wp\/v2\/comments?post=5253"}],"version-history":[{"count":0,"href":"https:\/\/www.teleskopeffekt.de\/et\/wp-json\/wp\/v2\/pages\/5253\/revisions"}],"up":[{"embeddable":true,"href":"https:\/\/www.teleskopeffekt.de\/et\/wp-json\/wp\/v2\/pages\/263"}],"wp:attachment":[{"href":"https:\/\/www.teleskopeffekt.de\/et\/wp-json\/wp\/v2\/media?parent=5253"}],"curies":[{"name":"wp","href":"https:\/\/api.w.org\/{rel}","templated":true}]}}