{"id":4739,"date":"2024-10-15T13:09:46","date_gmt":"2024-10-15T11:09:46","guid":{"rendered":"https:\/\/www.teleskopeffekt.de\/?page_id=4739"},"modified":"2024-10-15T13:15:21","modified_gmt":"2024-10-15T11:15:21","slug":"7-huerden-im-recruiting-linkedin","status":"publish","type":"page","link":"https:\/\/www.teleskopeffekt.de\/et\/fuer-banken\/personalgewinnung\/7-huerden-im-recruiting-linkedin\/","title":{"rendered":"Leadmagnet ohne Formular"},"content":{"rendered":"<div class=\"row block-420072289  row-small\">\n\n<div class=\"col col-12 col-lg-12 block-wysiwyg\">\n\n    <h2 style=\" text-align:left;\">Die 7 gr\u00f6\u00dften Recruiting-Herausforderungen f\u00fcr Banken und wie du sie meisterst<\/h2>\n    <p>&nbsp;<\/p>\n<h3>Entdecke die Schl\u00fcsselstrategien, um den Arbeitskr\u00e4ftemangel in der Banken- und Finanzbranche zu bew\u00e4ltigen und dein Recruiting nachhaltig auf Erfolgskurs zu bringen.<\/h3>\n<\/div>            <link rel=\"stylesheet\" type=\"text\/css\" href=\"https:\/\/www.teleskopeffekt.de\/wp-content\/themes\/boxed-theme\/includes\/blocks\/block_wysiwyg\/style.css\">\n            <\/div>\n\n\n<div class=\"row block-967766707 rmt rmb row-small\">\n\n<div class=\"col col-12 col-lg-4 block-image\">\n\n    <img decoding=\"async\" class=\"desk-img\" src=\"https:\/\/www.teleskopeffekt.de\/wp-content\/uploads\/2024\/10\/Kopie-von-Leadmagnet-TeleskopEffekt-Vers.-1-640x905.png\" alt=\"\" loading=\"lazy\">\n    <img decoding=\"async\" class=\"mob-img\" src=\"https:\/\/www.teleskopeffekt.de\/wp-content\/uploads\/2024\/10\/Kopie-von-Leadmagnet-TeleskopEffekt-Vers.-1-576x815.png\" alt=\"\" loading=\"lazy\">\n    <\/div>\n\n\n            <link rel=\"stylesheet\" type=\"text\/css\" href=\"https:\/\/www.teleskopeffekt.de\/wp-content\/themes\/boxed-theme\/includes\/blocks\/block_image\/style.css\">\n            \n<div class=\"col col-12 col-lg-8 block-wysiwyg\">\n<div class=\"con-kit-quark con-kit-quark-unordered-list__text\">\n<h4>Wir verraten dir &#8230;<\/h4>\n<ul>\n&nbsp;<\/p>\n<li>wie du das gro\u00dfe Potenzial passiv wechselwilliger Mitarbeitenden in anderen Unternehmen absch\u00f6pfen und das Know-how um diese enorme Zielgruppe f\u00fcr dich nutzen kannst.<\/li>\n<p>&nbsp;<\/p>\n<li>wie du mit optimierten, zielgerichteten und pr\u00e4zisen Stellenanzeigen die richtigen Kandidaten ansprichst und deine Bewerbungsrate nachhaltig erh\u00f6hst.<\/li>\n<p>&nbsp;<\/p>\n<li>praktische Tipps, um deine Karriereseite und Bewerbungsprozesse schlank und mobil-optimiert zu gestalten, um potenzielle Arbeitskr\u00e4fte nicht w\u00e4hrend der Bewerbungsphase zu verlieren.<\/li>\n<p>&nbsp;<\/p>\n<li>wie du dein Bewerber-Erlebnis verbesserst und mit einfachen, transparenten Prozessen und wertsch\u00e4tzender Kommunikation Top-Talente f\u00fcr dich gewinnst.<\/li>\n<p>&nbsp;<\/p>\n<li>warum Social Media unverzichtbar f\u00fcr dein Employer Branding und Recruiting ist und wie du es gezielt zur Reichweiten-Erh\u00f6hung nutzen kannst.<\/li>\n<p>&nbsp;\n<\/ul>\n<\/div>\n \n      <div class=\"block-links\" style=\"text-align:left;\"><a class=\"btn btn-primary hero-link-first\" href=\"https:\/\/www.teleskopeffekt.de\/wp-content\/uploads\/2024\/10\/Recruiting-Leitfaden_Regionalbanken-Finanzdienstleister.pdf\" target=\"_blank\">Das und vieles mehr erf\u00e4hrst du hier. Hole dir deinen Recruiting-Leitfaden jetzt!<\/a>\n      <\/div>\n  <\/div>            <link rel=\"stylesheet\" type=\"text\/css\" href=\"https:\/\/www.teleskopeffekt.de\/wp-content\/themes\/boxed-theme\/includes\/blocks\/block_wysiwyg\/style.css\">\n            <\/div>\n\n\n<div class=\"row block-1597899526 rmb row-small\">\n\n<div class=\"col col-12 col-lg-8 block-wysiwyg\">\n<h3>Gehe deinen Weg in eine erfolgreiche Zukunft im Personal- und Recruiting-Sektor<\/h3>\n<p>&nbsp;<br \/>\nBis 2030 verlieren Unternehmen im Banken- und Finanzsektor etwa 30 % ihrer Arbeitskr\u00e4fte alleine durch Verrentung. Es ist daher essenziell, dass ihr euer Recruiting updated, um in Zukunft erfolgreich zu sein und Wachstum generieren zu k\u00f6nnen.<br \/>\nDoch die Aussichten sind nicht so d\u00fcster, wie es scheint. Denn mit den richtigen Methoden und durchdachten Strategien sowie Prozessen sicherst du dir die Arbeitskr\u00e4fte, die du brauchst.<\/p>\n<p><strong>Wie? Das zeigen wir dir gerne!<\/strong><\/p>\n<p>Gemeinsam bringen wir dein Recruiting aufs n\u00e4chste Level!<\/p>\n<p>Wir freuen uns auf den Austausch mit dir!<\/p>\n \n      <div class=\"block-links\" style=\"text-align:left;\"><a class=\"btn btn-cta hero-link-first ext\" href=\"https:\/\/outlook.office365.com\/owa\/calendar\/TeleskopEffektGmbH@OUBLAZ.onmicrosoft.com\/bookings\/\" target=\"\">Vereinbare jetzt dein kostenfreies Orientierungsgespr\u00e4ch <\/a>\n      <\/div>\n  <\/div>            <link rel=\"stylesheet\" type=\"text\/css\" href=\"https:\/\/www.teleskopeffekt.de\/wp-content\/themes\/boxed-theme\/includes\/blocks\/block_wysiwyg\/style.css\">\n            \n<div class=\"col col-12 col-lg-4 block-image\">\n\n    <img decoding=\"async\" class=\"desk-img\" src=\"https:\/\/www.teleskopeffekt.de\/wp-content\/uploads\/2024\/10\/dominik_und_moritz_sitzen_auf_dem_baum-640x661.png\" alt=\"\" loading=\"lazy\">\n    <img decoding=\"async\" class=\"mob-img\" src=\"https:\/\/www.teleskopeffekt.de\/wp-content\/uploads\/2024\/10\/dominik_und_moritz_sitzen_auf_dem_baum-576x595.png\" alt=\"\" loading=\"lazy\">\n    <\/div>\n\n\n            <link rel=\"stylesheet\" type=\"text\/css\" href=\"https:\/\/www.teleskopeffekt.de\/wp-content\/themes\/boxed-theme\/includes\/blocks\/block_image\/style.css\">\n            <\/div>","protected":false},"excerpt":{"rendered":"","protected":false},"author":4,"featured_media":0,"parent":1855,"menu_order":0,"comment_status":"closed","ping_status":"closed","template":"page-standard.php","meta":{"_acf_changed":true,"content-type":"","_price":"","_stock":"","_tribe_ticket_header":"","_tribe_default_ticket_provider":"","_tribe_ticket_capacity":"0","_ticket_start_date":"","_ticket_end_date":"","_tribe_ticket_show_description":"","_tribe_ticket_show_not_going":false,"_tribe_ticket_use_global_stock":"","_tribe_ticket_global_stock_level":"","_global_stock_mode":"","_global_stock_cap":"","_tribe_rsvp_for_event":"","_tribe_ticket_going_count":"","_tribe_ticket_not_going_count":"","_tribe_tickets_list":"[]","_tribe_ticket_has_attendee_info_fields":false,"footnotes":""},"class_list":["post-4739","page","type-page","status-publish","hentry"],"acf":[],"yoast_head":"<!-- This site is optimized with the Yoast SEO plugin v27.4 - https:\/\/yoast.com\/product\/yoast-seo-wordpress\/ -->\n<title>7 H\u00fcrden im Recruiting<\/title>\n<meta name=\"description\" content=\"7 H\u00fcrden im Recruiting und wie du sie \u00fcberwindest.\" \/>\n<meta name=\"robots\" content=\"index, nofollow, max-snippet:-1, max-image-preview:large, max-video-preview:-1\" \/>\n<link rel=\"canonical\" href=\"https:\/\/www.teleskopeffekt.de\/et\/pankade-jaoks\/personalgewinnung\/7-huerden-im-recruiting-linkedin\/\" \/>\n<meta property=\"og:locale\" content=\"et_EE\" \/>\n<meta property=\"og:type\" content=\"article\" \/>\n<meta property=\"og:title\" content=\"7 H\u00fcrden im Recruiting\" \/>\n<meta property=\"og:description\" content=\"7 H\u00fcrden im Recruiting und wie du sie \u00fcberwindest.\" \/>\n<meta property=\"og:url\" content=\"https:\/\/www.teleskopeffekt.de\/et\/pankade-jaoks\/personalgewinnung\/7-huerden-im-recruiting-linkedin\/\" \/>\n<meta property=\"og:site_name\" content=\"Teleskopeffekt | Innovation f\u00fcr Bank &amp; Mittelstand\" \/>\n<meta property=\"article:modified_time\" content=\"2024-10-15T11:15:21+00:00\" \/>\n<meta name=\"twitter:card\" content=\"summary_large_image\" \/>\n<script type=\"application\/ld+json\" class=\"yoast-schema-graph\">{\"@context\":\"https:\\\/\\\/schema.org\",\"@graph\":[{\"@type\":\"WebPage\",\"@id\":\"https:\\\/\\\/www.teleskopeffekt.de\\\/fuer-banken\\\/personalgewinnung\\\/7-huerden-im-recruiting-linkedin\\\/\",\"url\":\"https:\\\/\\\/www.teleskopeffekt.de\\\/fuer-banken\\\/personalgewinnung\\\/7-huerden-im-recruiting-linkedin\\\/\",\"name\":\"7 H\u00fcrden im Recruiting\",\"isPartOf\":{\"@id\":\"https:\\\/\\\/www.teleskopeffekt.de\\\/#website\"},\"datePublished\":\"2024-10-15T11:09:46+00:00\",\"dateModified\":\"2024-10-15T11:15:21+00:00\",\"description\":\"7 H\u00fcrden im Recruiting und wie du sie \u00fcberwindest.\",\"breadcrumb\":{\"@id\":\"https:\\\/\\\/www.teleskopeffekt.de\\\/fuer-banken\\\/personalgewinnung\\\/7-huerden-im-recruiting-linkedin\\\/#breadcrumb\"},\"inLanguage\":\"et\",\"potentialAction\":[{\"@type\":\"ReadAction\",\"target\":[\"https:\\\/\\\/www.teleskopeffekt.de\\\/fuer-banken\\\/personalgewinnung\\\/7-huerden-im-recruiting-linkedin\\\/\"]}]},{\"@type\":\"BreadcrumbList\",\"@id\":\"https:\\\/\\\/www.teleskopeffekt.de\\\/fuer-banken\\\/personalgewinnung\\\/7-huerden-im-recruiting-linkedin\\\/#breadcrumb\",\"itemListElement\":[{\"@type\":\"ListItem\",\"position\":1,\"name\":\"Teleskopeffekt\",\"item\":\"https:\\\/\\\/www.teleskopeffekt.de\\\/\"},{\"@type\":\"ListItem\",\"position\":2,\"name\":\"TeleskopEffekt Startseite\",\"item\":\"https:\\\/\\\/www.teleskopeffekt.de\\\/\"},{\"@type\":\"ListItem\",\"position\":3,\"name\":\"Personalgewinnung f\u00fcr Banken\",\"item\":\"https:\\\/\\\/www.teleskopeffekt.de\\\/?page_id=1855\"},{\"@type\":\"ListItem\",\"position\":4,\"name\":\"Leadmagnet ohne Formular\"}]},{\"@type\":\"WebSite\",\"@id\":\"https:\\\/\\\/www.teleskopeffekt.de\\\/#website\",\"url\":\"https:\\\/\\\/www.teleskopeffekt.de\\\/\",\"name\":\"Teleskopeffekt | Innovation f\u00fcr Bank &amp; Mittelstand\",\"description\":\"\",\"potentialAction\":[{\"@type\":\"SearchAction\",\"target\":{\"@type\":\"EntryPoint\",\"urlTemplate\":\"https:\\\/\\\/www.teleskopeffekt.de\\\/?s={search_term_string}\"},\"query-input\":{\"@type\":\"PropertyValueSpecification\",\"valueRequired\":true,\"valueName\":\"search_term_string\"}}],\"inLanguage\":\"et\"}]}<\/script>\n<!-- \/ Yoast SEO plugin. -->","yoast_head_json":{"title":"7 H\u00fcrden im Recruiting","description":"7 H\u00fcrden im Recruiting und wie du sie \u00fcberwindest.","robots":{"index":"index","follow":"nofollow","max-snippet":"max-snippet:-1","max-image-preview":"max-image-preview:large","max-video-preview":"max-video-preview:-1"},"canonical":"https:\/\/www.teleskopeffekt.de\/et\/pankade-jaoks\/personalgewinnung\/7-huerden-im-recruiting-linkedin\/","og_locale":"et_EE","og_type":"article","og_title":"7 H\u00fcrden im Recruiting","og_description":"7 H\u00fcrden im Recruiting und wie du sie \u00fcberwindest.","og_url":"https:\/\/www.teleskopeffekt.de\/et\/pankade-jaoks\/personalgewinnung\/7-huerden-im-recruiting-linkedin\/","og_site_name":"Teleskopeffekt | Innovation f\u00fcr Bank &amp; Mittelstand","article_modified_time":"2024-10-15T11:15:21+00:00","twitter_card":"summary_large_image","schema":{"@context":"https:\/\/schema.org","@graph":[{"@type":"WebPage","@id":"https:\/\/www.teleskopeffekt.de\/fuer-banken\/personalgewinnung\/7-huerden-im-recruiting-linkedin\/","url":"https:\/\/www.teleskopeffekt.de\/fuer-banken\/personalgewinnung\/7-huerden-im-recruiting-linkedin\/","name":"7 H\u00fcrden im Recruiting","isPartOf":{"@id":"https:\/\/www.teleskopeffekt.de\/#website"},"datePublished":"2024-10-15T11:09:46+00:00","dateModified":"2024-10-15T11:15:21+00:00","description":"7 H\u00fcrden im Recruiting und wie du sie \u00fcberwindest.","breadcrumb":{"@id":"https:\/\/www.teleskopeffekt.de\/fuer-banken\/personalgewinnung\/7-huerden-im-recruiting-linkedin\/#breadcrumb"},"inLanguage":"et","potentialAction":[{"@type":"ReadAction","target":["https:\/\/www.teleskopeffekt.de\/fuer-banken\/personalgewinnung\/7-huerden-im-recruiting-linkedin\/"]}]},{"@type":"BreadcrumbList","@id":"https:\/\/www.teleskopeffekt.de\/fuer-banken\/personalgewinnung\/7-huerden-im-recruiting-linkedin\/#breadcrumb","itemListElement":[{"@type":"ListItem","position":1,"name":"Teleskopeffekt","item":"https:\/\/www.teleskopeffekt.de\/"},{"@type":"ListItem","position":2,"name":"TeleskopEffekt Startseite","item":"https:\/\/www.teleskopeffekt.de\/"},{"@type":"ListItem","position":3,"name":"Personalgewinnung f\u00fcr Banken","item":"https:\/\/www.teleskopeffekt.de\/?page_id=1855"},{"@type":"ListItem","position":4,"name":"Leadmagnet ohne Formular"}]},{"@type":"WebSite","@id":"https:\/\/www.teleskopeffekt.de\/#website","url":"https:\/\/www.teleskopeffekt.de\/","name":"Teleskoobiefekt | Innovatsioon pankade ja VKEde jaoks","description":"","potentialAction":[{"@type":"SearchAction","target":{"@type":"EntryPoint","urlTemplate":"https:\/\/www.teleskopeffekt.de\/?s={search_term_string}"},"query-input":{"@type":"PropertyValueSpecification","valueRequired":true,"valueName":"search_term_string"}}],"inLanguage":"et"}]}},"_links":{"self":[{"href":"https:\/\/www.teleskopeffekt.de\/et\/wp-json\/wp\/v2\/pages\/4739","targetHints":{"allow":["GET"]}}],"collection":[{"href":"https:\/\/www.teleskopeffekt.de\/et\/wp-json\/wp\/v2\/pages"}],"about":[{"href":"https:\/\/www.teleskopeffekt.de\/et\/wp-json\/wp\/v2\/types\/page"}],"author":[{"embeddable":true,"href":"https:\/\/www.teleskopeffekt.de\/et\/wp-json\/wp\/v2\/users\/4"}],"replies":[{"embeddable":true,"href":"https:\/\/www.teleskopeffekt.de\/et\/wp-json\/wp\/v2\/comments?post=4739"}],"version-history":[{"count":0,"href":"https:\/\/www.teleskopeffekt.de\/et\/wp-json\/wp\/v2\/pages\/4739\/revisions"}],"up":[{"embeddable":true,"href":"https:\/\/www.teleskopeffekt.de\/et\/wp-json\/wp\/v2\/pages\/1855"}],"wp:attachment":[{"href":"https:\/\/www.teleskopeffekt.de\/et\/wp-json\/wp\/v2\/media?parent=4739"}],"curies":[{"name":"wp","href":"https:\/\/api.w.org\/{rel}","templated":true}]}}