{"id":4732,"date":"2024-10-15T12:03:19","date_gmt":"2024-10-15T10:03:19","guid":{"rendered":"https:\/\/www.teleskopeffekt.de\/?page_id=4732"},"modified":"2024-10-15T13:08:11","modified_gmt":"2024-10-15T11:08:11","slug":"7-huerden-im-recruiting-und-wie-du-sie-ueberwindest","status":"publish","type":"page","link":"https:\/\/www.teleskopeffekt.de\/et\/fuer-banken\/personalgewinnung\/7-huerden-im-recruiting-und-wie-du-sie-ueberwindest\/","title":{"rendered":"Leadmagnet"},"content":{"rendered":"<div class=\"row block-954905816  row-small\">\n\n<div class=\"col col-12 col-lg-12 block-wysiwyg\">\n\n    <h2 style=\" text-align:left;\">Die 7 gr\u00f6\u00dften Recruiting-Herausforderungen f\u00fcr Banken und wie du sie meisterst<\/h2>\n    \n    <h3 style=\" text-align:left;\">Entdecke die Schl\u00fcsselstrategien, um den Arbeitskr\u00e4ftemangel in der Banken- und Finanzbranche zu bew\u00e4ltigen und dein Recruiting nachhaltig auf Erfolgskurs zu bringen.<\/h3>\n    <\/div>            <link rel=\"stylesheet\" type=\"text\/css\" href=\"https:\/\/www.teleskopeffekt.de\/wp-content\/themes\/boxed-theme\/includes\/blocks\/block_wysiwyg\/style.css\">\n            <\/div>\n\n\n<div class=\"row block-1993771397 rmt rmb row-small\">\n\n<div class=\"col col-12 col-lg-4 block-image\">\n\n    <img decoding=\"async\" class=\"desk-img\" src=\"https:\/\/www.teleskopeffekt.de\/wp-content\/uploads\/2024\/10\/Kopie-von-Leadmagnet-TeleskopEffekt-Vers.-1-640x905.png\" alt=\"\" loading=\"lazy\">\n    <img decoding=\"async\" class=\"mob-img\" src=\"https:\/\/www.teleskopeffekt.de\/wp-content\/uploads\/2024\/10\/Kopie-von-Leadmagnet-TeleskopEffekt-Vers.-1-576x815.png\" alt=\"\" loading=\"lazy\">\n    <\/div>\n\n\n            <link rel=\"stylesheet\" type=\"text\/css\" href=\"https:\/\/www.teleskopeffekt.de\/wp-content\/themes\/boxed-theme\/includes\/blocks\/block_image\/style.css\">\n            \n<div class=\"col col-12 col-lg-8 block-wysiwyg\">\n<p><script charset=\"utf-8\" type=\"text\/javascript\" src=\"\/\/js-eu1.hsforms.net\/forms\/embed\/v2.js\"><\/script><br \/>\n<script>\n  hbspt.forms.create({\n    region: \"eu1\",\n    portalId: \"143383451\",\n    formId: \"d77c5c61-8b6d-437d-ab11-4486e961200a\"\n  });\n<\/script><\/p>\n<p>Wir verraten dir &#8230;<\/p>\n<ul>\n<li>wie du das gro\u00dfe Potenzial passiv wechselwilliger Mitarbeitenden in anderen Unternehmen absch\u00f6pfen und das Know-how um diese enorme Zielgruppe f\u00fcr dich nutzen kannst.<\/li>\n<li>wie du mit optimierten, zielgerichteten und pr\u00e4zisen Stellenanzeigen die richtigen Kandidaten ansprichst und deine Bewerbungsrate nachhaltig erh\u00f6hst.<\/li>\n<li>praktische Tipps, um deine Karriereseite und Bewerbungsprozesse schlank und mobil-optimiert zu gestalten, um potenzielle Arbeitskr\u00e4fte nicht w\u00e4hrend der Bewerbungsphase zu verlieren.<\/li>\n<li>wie du dein Bewerber-Erlebnis verbesserst und mit einfachen, transparenten Prozessen und wertsch\u00e4tzender Kommunikation Top-Talente f\u00fcr dich gewinnst.<\/li>\n<li>warum Social Media unverzichtbar f\u00fcr dein Employer Branding und Recruiting ist und wie du es gezielt zur Reichweiten-Erh\u00f6hung nutzen kannst.<\/li>\n<\/ul>\n<\/div>            <link rel=\"stylesheet\" type=\"text\/css\" href=\"https:\/\/www.teleskopeffekt.de\/wp-content\/themes\/boxed-theme\/includes\/blocks\/block_wysiwyg\/style.css\">\n            <\/div>\n\n\n<div class=\"row block-1121929295\">\n<\/div>\n\n\n<div class=\"row block-618240027 rmb row-small\">\n\n<div class=\"col col-12 col-lg-8 block-wysiwyg\">\n<h3>Gehe deinen Weg in eine erfolgreiche Zukunft im Personal- und Recruiting-Sektor<\/h3>\n<p>&nbsp;<br \/>\nBis 2030 verlieren Unternehmen im Banken- und Finanzsektor etwa 30 % ihrer Arbeitskr\u00e4fte alleine durch Verrentung. Es ist daher essenziell, dass ihr euer Recruiting updated, um in Zukunft erfolgreich zu sein und Wachstum generieren zu k\u00f6nnen.<br \/>\nDoch die Aussichten sind nicht so d\u00fcster, wie es scheint. Denn mit den richtigen Methoden und durchdachten Strategien sowie Prozessen sicherst du dir die Arbeitskr\u00e4fte, die du brauchst.<\/p>\n<p><strong>Wie? Das zeigen wir dir gerne!<\/strong><\/p>\n<p>Gemeinsam bringen wir dein Recruiting aufs n\u00e4chste Level!<\/p>\n<p>Wir freuen uns auf den Austausch mit dir!<\/p>\n \n      <div class=\"block-links\" style=\"text-align:left;\"><a class=\"btn btn-cta hero-link-first ext\" href=\"https:\/\/outlook.office365.com\/owa\/calendar\/TeleskopEffektGmbH@OUBLAZ.onmicrosoft.com\/bookings\/\" target=\"\">Vereinbare jetzt dein kostenfreies Orientierungsgespr\u00e4ch <\/a>\n      <\/div>\n  <\/div>            <link rel=\"stylesheet\" type=\"text\/css\" href=\"https:\/\/www.teleskopeffekt.de\/wp-content\/themes\/boxed-theme\/includes\/blocks\/block_wysiwyg\/style.css\">\n            \n<div class=\"col col-12 col-lg-4 block-image\">\n\n    <img decoding=\"async\" class=\"desk-img\" src=\"https:\/\/www.teleskopeffekt.de\/wp-content\/uploads\/2024\/10\/dominik_und_moritz_sitzen_auf_dem_baum-640x661.png\" alt=\"\" loading=\"lazy\">\n    <img decoding=\"async\" class=\"mob-img\" src=\"https:\/\/www.teleskopeffekt.de\/wp-content\/uploads\/2024\/10\/dominik_und_moritz_sitzen_auf_dem_baum-576x595.png\" alt=\"\" loading=\"lazy\">\n    <\/div>\n\n\n            <link rel=\"stylesheet\" type=\"text\/css\" href=\"https:\/\/www.teleskopeffekt.de\/wp-content\/themes\/boxed-theme\/includes\/blocks\/block_image\/style.css\">\n            <\/div>\n\n\n<div class=\"row block-781266298  row-small\">\n\n<div class=\"col col-12 col-lg-12 block-contact-person\">\n<div class=\"row\">\n        <div class=\"col-12 col-lg-6 thumb-container\">\n        <img decoding=\"async\" data-no-translation src=\"https:\/\/www.teleskopeffekt.de\/wp-content\/uploads\/2024\/01\/Team-Webseite.jpg\">\n        <img decoding=\"async\" data-no-translation class=\"frame-loops\" src=\"\/wp-content\/themes\/boxed-theme\/includes\/media\/theme-icons\/image-frame-loops.svg\">\n        <\/div>\n        <div class=\"col-12 col-lg-6 content-container\">\n            <div class=\"contact-pers-head\">\n                <span class=\"contact-pers-title\">\n                    Dominik Baumann\n                <\/span>\n                <span class=\"contact-pers-job\">\n                    Tegevdirektor\n                <\/span>\n            <\/div>\n            <div class=\"contaact-pers-possibl\">\n                <a href=\"mailto:dominik.baumann@teleskopeffekt.de\"><img decoding=\"async\" class=\"svg-icon icon-mail-outlined\" src=\"https:\/\/www.teleskopeffekt.de\/wp-content\/themes\/boxed-theme\/includes\/media\/icons\/mail-outlined.svg\" alt=\"posti teel\"><\/a><a href=\"https:\/\/www.linkedin.com\/in\/dominik-baumann-de\/\"><img decoding=\"async\" class=\"svg-icon icon-linkedin-fill\" src=\"https:\/\/www.teleskopeffekt.de\/wp-content\/themes\/boxed-theme\/includes\/media\/icons\/linkedin-fill.svg\" alt=\"linkedin-fill\"><\/a>\n            <\/div>\n           <a class=\"btn btn-cta\"href=\"mailto:dominik.baumann@teleskopeffekt.de\">JETZT KONTAKT AUFNEHMEN<\/a>\n        <\/div>\n        <script type=\"application\/ld+json\">{\n    \"@context\": \"https:\\\/\\\/schema.org\\\/\",\n    \"@type\": \"Person\",\n    \"name\": \"Dominik Baumann\",\n    \"jobTitle\": \"Gesch\\u00e4ftsf\\u00fchrer\",\n    \"url\": \"https:\\\/\\\/www.teleskopeffekt.de\\\/et\\\/team\\\/dominik-baumann\\\/\",\n    \"image\": \"https:\\\/\\\/www.teleskopeffekt.de\\\/wp-content\\\/uploads\\\/2024\\\/01\\\/Team-Webseite.jpg\",\n    \"sameAs\": \"https:\\\/\\\/www.linkedin.com\\\/in\\\/dominik-baumann-de\\\/\",\n    \"worksFor\": {\n        \"@type\": \"Organization\",\n        \"name\": \"TeleskopEffekt GmbH\"\n    }\n}<\/script>\n\n    <\/div>\n<\/div>            <link rel=\"stylesheet\" type=\"text\/css\" href=\"https:\/\/www.teleskopeffekt.de\/wp-content\/themes\/boxed-theme\/includes\/blocks\/block_contact_person\/style.css\">\n            <\/div>","protected":false},"excerpt":{"rendered":"","protected":false},"author":4,"featured_media":0,"parent":1855,"menu_order":0,"comment_status":"closed","ping_status":"closed","template":"page-standard.php","meta":{"_acf_changed":false,"content-type":"","_price":"","_stock":"","_tribe_ticket_header":"","_tribe_default_ticket_provider":"","_tribe_ticket_capacity":"0","_ticket_start_date":"","_ticket_end_date":"","_tribe_ticket_show_description":"","_tribe_ticket_show_not_going":false,"_tribe_ticket_use_global_stock":"","_tribe_ticket_global_stock_level":"","_global_stock_mode":"","_global_stock_cap":"","_tribe_rsvp_for_event":"","_tribe_ticket_going_count":"","_tribe_ticket_not_going_count":"","_tribe_tickets_list":"[]","_tribe_ticket_has_attendee_info_fields":false,"footnotes":""},"class_list":["post-4732","page","type-page","status-publish","hentry"],"acf":[],"yoast_head":"<!-- This site is optimized with the Yoast SEO plugin v27.4 - https:\/\/yoast.com\/product\/yoast-seo-wordpress\/ -->\n<title>7 H\u00fcrden im Recruiting und wie du sie \u00fcberwindest<\/title>\n<meta name=\"description\" content=\"Im Leitfaden erf\u00e4hrst du Schl\u00fcsselstrategien, um den Arbeitskr\u00e4ftemangel zu bew\u00e4ltigen und dein Recruiting nachhaltig zu optimieren.\" \/>\n<meta name=\"robots\" content=\"index, follow, max-snippet:-1, max-image-preview:large, max-video-preview:-1\" \/>\n<link rel=\"canonical\" href=\"https:\/\/www.teleskopeffekt.de\/et\/pankade-jaoks\/personalgewinnung\/7-huerden-im-recruiting-und-wie-du-sie-ueberwindest\/\" \/>\n<meta property=\"og:locale\" content=\"et_EE\" \/>\n<meta property=\"og:type\" content=\"article\" \/>\n<meta property=\"og:title\" content=\"7 H\u00fcrden im Recruiting und wie du sie \u00fcberwindest\" \/>\n<meta property=\"og:description\" content=\"Im Leitfaden erf\u00e4hrst du Schl\u00fcsselstrategien, um den Arbeitskr\u00e4ftemangel zu bew\u00e4ltigen und dein Recruiting nachhaltig zu optimieren.\" \/>\n<meta property=\"og:url\" content=\"https:\/\/www.teleskopeffekt.de\/et\/pankade-jaoks\/personalgewinnung\/7-huerden-im-recruiting-und-wie-du-sie-ueberwindest\/\" \/>\n<meta property=\"og:site_name\" content=\"Teleskopeffekt | Innovation f\u00fcr Bank &amp; Mittelstand\" \/>\n<meta property=\"article:modified_time\" content=\"2024-10-15T11:08:11+00:00\" \/>\n<meta name=\"twitter:card\" content=\"summary_large_image\" \/>\n<script type=\"application\/ld+json\" class=\"yoast-schema-graph\">{\"@context\":\"https:\\\/\\\/schema.org\",\"@graph\":[{\"@type\":\"WebPage\",\"@id\":\"https:\\\/\\\/www.teleskopeffekt.de\\\/fuer-banken\\\/personalgewinnung\\\/7-huerden-im-recruiting-und-wie-du-sie-ueberwindest\\\/\",\"url\":\"https:\\\/\\\/www.teleskopeffekt.de\\\/fuer-banken\\\/personalgewinnung\\\/7-huerden-im-recruiting-und-wie-du-sie-ueberwindest\\\/\",\"name\":\"7 H\u00fcrden im Recruiting und wie du sie \u00fcberwindest\",\"isPartOf\":{\"@id\":\"https:\\\/\\\/www.teleskopeffekt.de\\\/#website\"},\"datePublished\":\"2024-10-15T10:03:19+00:00\",\"dateModified\":\"2024-10-15T11:08:11+00:00\",\"description\":\"Im Leitfaden erf\u00e4hrst du Schl\u00fcsselstrategien, um den Arbeitskr\u00e4ftemangel zu bew\u00e4ltigen und dein Recruiting nachhaltig zu optimieren.\",\"breadcrumb\":{\"@id\":\"https:\\\/\\\/www.teleskopeffekt.de\\\/fuer-banken\\\/personalgewinnung\\\/7-huerden-im-recruiting-und-wie-du-sie-ueberwindest\\\/#breadcrumb\"},\"inLanguage\":\"et\",\"potentialAction\":[{\"@type\":\"ReadAction\",\"target\":[\"https:\\\/\\\/www.teleskopeffekt.de\\\/fuer-banken\\\/personalgewinnung\\\/7-huerden-im-recruiting-und-wie-du-sie-ueberwindest\\\/\"]}]},{\"@type\":\"BreadcrumbList\",\"@id\":\"https:\\\/\\\/www.teleskopeffekt.de\\\/fuer-banken\\\/personalgewinnung\\\/7-huerden-im-recruiting-und-wie-du-sie-ueberwindest\\\/#breadcrumb\",\"itemListElement\":[{\"@type\":\"ListItem\",\"position\":1,\"name\":\"Teleskopeffekt\",\"item\":\"https:\\\/\\\/www.teleskopeffekt.de\\\/\"},{\"@type\":\"ListItem\",\"position\":2,\"name\":\"TeleskopEffekt Startseite\",\"item\":\"https:\\\/\\\/www.teleskopeffekt.de\\\/\"},{\"@type\":\"ListItem\",\"position\":3,\"name\":\"Personalgewinnung f\u00fcr Banken\",\"item\":\"https:\\\/\\\/www.teleskopeffekt.de\\\/?page_id=1855\"},{\"@type\":\"ListItem\",\"position\":4,\"name\":\"Leadmagnet\"}]},{\"@type\":\"WebSite\",\"@id\":\"https:\\\/\\\/www.teleskopeffekt.de\\\/#website\",\"url\":\"https:\\\/\\\/www.teleskopeffekt.de\\\/\",\"name\":\"Teleskopeffekt | Innovation f\u00fcr Bank &amp; Mittelstand\",\"description\":\"\",\"potentialAction\":[{\"@type\":\"SearchAction\",\"target\":{\"@type\":\"EntryPoint\",\"urlTemplate\":\"https:\\\/\\\/www.teleskopeffekt.de\\\/?s={search_term_string}\"},\"query-input\":{\"@type\":\"PropertyValueSpecification\",\"valueRequired\":true,\"valueName\":\"search_term_string\"}}],\"inLanguage\":\"et\"}]}<\/script>\n<!-- \/ Yoast SEO plugin. -->","yoast_head_json":{"title":"7 H\u00fcrden im Recruiting und wie du sie \u00fcberwindest","description":"Im Leitfaden erf\u00e4hrst du Schl\u00fcsselstrategien, um den Arbeitskr\u00e4ftemangel zu bew\u00e4ltigen und dein Recruiting nachhaltig zu optimieren.","robots":{"index":"index","follow":"follow","max-snippet":"max-snippet:-1","max-image-preview":"max-image-preview:large","max-video-preview":"max-video-preview:-1"},"canonical":"https:\/\/www.teleskopeffekt.de\/et\/pankade-jaoks\/personalgewinnung\/7-huerden-im-recruiting-und-wie-du-sie-ueberwindest\/","og_locale":"et_EE","og_type":"article","og_title":"7 H\u00fcrden im Recruiting und wie du sie \u00fcberwindest","og_description":"Im Leitfaden erf\u00e4hrst du Schl\u00fcsselstrategien, um den Arbeitskr\u00e4ftemangel zu bew\u00e4ltigen und dein Recruiting nachhaltig zu optimieren.","og_url":"https:\/\/www.teleskopeffekt.de\/et\/pankade-jaoks\/personalgewinnung\/7-huerden-im-recruiting-und-wie-du-sie-ueberwindest\/","og_site_name":"Teleskopeffekt | Innovation f\u00fcr Bank &amp; Mittelstand","article_modified_time":"2024-10-15T11:08:11+00:00","twitter_card":"summary_large_image","schema":{"@context":"https:\/\/schema.org","@graph":[{"@type":"WebPage","@id":"https:\/\/www.teleskopeffekt.de\/fuer-banken\/personalgewinnung\/7-huerden-im-recruiting-und-wie-du-sie-ueberwindest\/","url":"https:\/\/www.teleskopeffekt.de\/fuer-banken\/personalgewinnung\/7-huerden-im-recruiting-und-wie-du-sie-ueberwindest\/","name":"7 H\u00fcrden im Recruiting und wie du sie \u00fcberwindest","isPartOf":{"@id":"https:\/\/www.teleskopeffekt.de\/#website"},"datePublished":"2024-10-15T10:03:19+00:00","dateModified":"2024-10-15T11:08:11+00:00","description":"Im Leitfaden erf\u00e4hrst du Schl\u00fcsselstrategien, um den Arbeitskr\u00e4ftemangel zu bew\u00e4ltigen und dein Recruiting nachhaltig zu optimieren.","breadcrumb":{"@id":"https:\/\/www.teleskopeffekt.de\/fuer-banken\/personalgewinnung\/7-huerden-im-recruiting-und-wie-du-sie-ueberwindest\/#breadcrumb"},"inLanguage":"et","potentialAction":[{"@type":"ReadAction","target":["https:\/\/www.teleskopeffekt.de\/fuer-banken\/personalgewinnung\/7-huerden-im-recruiting-und-wie-du-sie-ueberwindest\/"]}]},{"@type":"BreadcrumbList","@id":"https:\/\/www.teleskopeffekt.de\/fuer-banken\/personalgewinnung\/7-huerden-im-recruiting-und-wie-du-sie-ueberwindest\/#breadcrumb","itemListElement":[{"@type":"ListItem","position":1,"name":"Teleskopeffekt","item":"https:\/\/www.teleskopeffekt.de\/"},{"@type":"ListItem","position":2,"name":"TeleskopEffekt Startseite","item":"https:\/\/www.teleskopeffekt.de\/"},{"@type":"ListItem","position":3,"name":"Personalgewinnung f\u00fcr Banken","item":"https:\/\/www.teleskopeffekt.de\/?page_id=1855"},{"@type":"ListItem","position":4,"name":"Leadmagnet"}]},{"@type":"WebSite","@id":"https:\/\/www.teleskopeffekt.de\/#website","url":"https:\/\/www.teleskopeffekt.de\/","name":"Teleskoobiefekt | Innovatsioon pankade ja VKEde jaoks","description":"","potentialAction":[{"@type":"SearchAction","target":{"@type":"EntryPoint","urlTemplate":"https:\/\/www.teleskopeffekt.de\/?s={search_term_string}"},"query-input":{"@type":"PropertyValueSpecification","valueRequired":true,"valueName":"search_term_string"}}],"inLanguage":"et"}]}},"_links":{"self":[{"href":"https:\/\/www.teleskopeffekt.de\/et\/wp-json\/wp\/v2\/pages\/4732","targetHints":{"allow":["GET"]}}],"collection":[{"href":"https:\/\/www.teleskopeffekt.de\/et\/wp-json\/wp\/v2\/pages"}],"about":[{"href":"https:\/\/www.teleskopeffekt.de\/et\/wp-json\/wp\/v2\/types\/page"}],"author":[{"embeddable":true,"href":"https:\/\/www.teleskopeffekt.de\/et\/wp-json\/wp\/v2\/users\/4"}],"replies":[{"embeddable":true,"href":"https:\/\/www.teleskopeffekt.de\/et\/wp-json\/wp\/v2\/comments?post=4732"}],"version-history":[{"count":0,"href":"https:\/\/www.teleskopeffekt.de\/et\/wp-json\/wp\/v2\/pages\/4732\/revisions"}],"up":[{"embeddable":true,"href":"https:\/\/www.teleskopeffekt.de\/et\/wp-json\/wp\/v2\/pages\/1855"}],"wp:attachment":[{"href":"https:\/\/www.teleskopeffekt.de\/et\/wp-json\/wp\/v2\/media?parent=4732"}],"curies":[{"name":"wp","href":"https:\/\/api.w.org\/{rel}","templated":true}]}}