{"id":4674,"date":"2024-09-19T10:12:08","date_gmt":"2024-09-19T08:12:08","guid":{"rendered":"https:\/\/www.teleskopeffekt.de\/?page_id=4674"},"modified":"2024-09-20T08:15:28","modified_gmt":"2024-09-20T06:15:28","slug":"how-to-be-innovative","status":"publish","type":"page","link":"https:\/\/www.teleskopeffekt.de\/et\/ueber-uns\/how-to-be-innovative\/","title":{"rendered":"How to be Innovative?"},"content":{"rendered":"<div class=\"row block-38937729  row-small\">\n\n<div class=\"col col-12 col-lg-12 block-wysiwyg\">\n\n    <h3 style=\"color:#194673; text-align:left;\">Innovation ist die F\u00e4higkeit, Neues zu schaffen, das einen Mehrwert bietet.<\/h3>\n    <p><strong>Doch wie gelingt es, die eigene Innovationskraft zu aktivieren? In diesem Pager zeigen wir , wie Du durch f\u00fcnf einfache, aber wirkungsvolle Methoden Deine Kreativit\u00e4t und Innovationsf\u00e4higkeit st\u00e4rken k\u00f6nnen \u2013 unabh\u00e4ngig von Deiner Branche oder aktuellen Herausforderung. Lassen uns gemeinsam erkunden, wie Du Innovation in Deinen Alltag bringen kannst.<\/strong><\/p>\n<\/div>            <link rel=\"stylesheet\" type=\"text\/css\" href=\"https:\/\/www.teleskopeffekt.de\/wp-content\/themes\/boxed-theme\/includes\/blocks\/block_wysiwyg\/style.css\">\n            <\/div>\n\n\n<div class=\"row block-784074794  row-small\">\n\n<div class=\"col col-12 col-lg-6 block-wysiwyg\"style=\"padding-top:50px; padding-bottom:50px;\">\n\n    <h3 style=\"color:#194673; text-align:left;\">5 Methoden zur F\u00f6rderung deiner pers\u00f6nlichen Innovationskraft<\/h3>\n    <ul>\n<li><strong>Neugier-Di\u00e4t \u2013 Kontinuierliche Aufnahme von neuen Reizen<\/strong><\/li>\n<li><strong>Kreative Rituale \u2013 Schaffe Raum f\u00fcr Kreativit\u00e4t<\/strong><\/li>\n<li><strong><span class=\"OYPEnA font-feature-liga-off font-feature-clig-off font-feature-calt-off text-decoration-none text-strikethrough-none\">Experimentierfreude \u2013 Ideen schnell und mutig testen<\/span><\/strong><\/li>\n<li><strong>Vernetztes Lernen \u2013 Feedback einholen und weiterentwickeln<\/strong><\/li>\n<li><strong>Innovations-Oase \u2013 Schaffe eine unterst\u00fctzende Umgebung<\/strong><\/li>\n<\/ul>\n \n      <div class=\"block-links\" style=\"text-align:left;\"><a class=\"btn btn-primary hero-link-first\" href=\"https:\/\/www.teleskopeffekt.de\/wp-content\/uploads\/2024\/09\/How-to-be-Innovative-5-Methoden.pdf\" target=\"\">Hier zu den Methoden<\/a>\n      <\/div>\n  <\/div>            <link rel=\"stylesheet\" type=\"text\/css\" href=\"https:\/\/www.teleskopeffekt.de\/wp-content\/themes\/boxed-theme\/includes\/blocks\/block_wysiwyg\/style.css\">\n            \n<div class=\"col col-12 col-lg-6 block-image block-hover-effect\"style=\"padding-top:50px; padding-bottom:50px;\">\n\n    <img decoding=\"async\" class=\"desk-img\" src=\"https:\/\/www.teleskopeffekt.de\/wp-content\/uploads\/2024\/09\/Bilder-fuer-die-Webseite--960x638.png\" alt=\"\" loading=\"lazy\">\n    <img decoding=\"async\" class=\"mob-img\" src=\"https:\/\/www.teleskopeffekt.de\/wp-content\/uploads\/2024\/09\/Bilder-fuer-die-Webseite--576x383.png\" alt=\"\" loading=\"lazy\">\n    <\/div>\n\n\n            <link rel=\"stylesheet\" type=\"text\/css\" href=\"https:\/\/www.teleskopeffekt.de\/wp-content\/themes\/boxed-theme\/includes\/blocks\/block_image\/style.css\">\n            <\/div>\n\n\n<div class=\"row block-80719080 rmt rmb row-small\">\n\n<div class=\"col col-12 col-lg-12 block-contact-person block-hover-effect\"style=\"padding-top:50px; padding-bottom:50px;\">\n<div class=\"row\">\n        <div class=\"col-12 col-lg-6 thumb-container\">\n        <img decoding=\"async\" data-no-translation src=\"https:\/\/www.teleskopeffekt.de\/wp-content\/uploads\/2024\/02\/tanja-speck-500.jpg\">\n        <img decoding=\"async\" data-no-translation class=\"frame-loops\" src=\"\/wp-content\/themes\/boxed-theme\/includes\/media\/theme-icons\/image-frame-loops.svg\">\n        <\/div>\n        <div class=\"col-12 col-lg-6 content-container\">\n            <div class=\"contact-pers-head\">\n                <span class=\"contact-pers-title\">\n                    Tanja Speck\n                <\/span>\n                <span class=\"contact-pers-job\">\n                    Partnerite haldamine \n                <\/span>\n            <\/div>\n            <div class=\"contaact-pers-possibl\">\n                <a href=\"mailto:tanja.speck@teleskopeffekt.de\"><img decoding=\"async\" class=\"svg-icon icon-mail-outlined\" src=\"https:\/\/www.teleskopeffekt.de\/wp-content\/themes\/boxed-theme\/includes\/media\/icons\/mail-outlined.svg\" alt=\"posti teel\"><\/a><a href=\"https:\/\/www.linkedin.com\/in\/tanjaspeck\/\"><img decoding=\"async\" class=\"svg-icon icon-linkedin-fill\" src=\"https:\/\/www.teleskopeffekt.de\/wp-content\/themes\/boxed-theme\/includes\/media\/icons\/linkedin-fill.svg\" alt=\"linkedin-fill\"><\/a>\n            <\/div>\n           <a class=\"btn btn-cta\"href=\"mailto:tanja.speck@teleskopeffekt.de\">JETZT KONTAKT AUFNEHMEN<\/a>\n        <\/div>\n        <script type=\"application\/ld+json\">{\n    \"@context\": \"https:\\\/\\\/schema.org\\\/\",\n    \"@type\": \"Person\",\n    \"name\": \"Tanja Speck\",\n    \"jobTitle\": \"Partnermanagement \",\n    \"url\": \"https:\\\/\\\/www.teleskopeffekt.de\\\/et\\\/team\\\/tanja-speck\\\/\",\n    \"image\": \"https:\\\/\\\/www.teleskopeffekt.de\\\/wp-content\\\/uploads\\\/2024\\\/02\\\/tanja-speck-500.jpg\",\n    \"sameAs\": \"https:\\\/\\\/www.linkedin.com\\\/in\\\/tanjaspeck\\\/\",\n    \"worksFor\": {\n        \"@type\": \"Organization\",\n        \"name\": \"TeleskopEffekt GmbH\"\n    }\n}<\/script>\n\n    <\/div>\n<\/div>            <link rel=\"stylesheet\" type=\"text\/css\" href=\"https:\/\/www.teleskopeffekt.de\/wp-content\/themes\/boxed-theme\/includes\/blocks\/block_contact_person\/style.css\">\n            <\/div>\n\n\n<div class=\"row block-1451299168 rmt rmb row-small-back-overfl no-overflow\" style=\"background:#194673;\">\n\n    \n    <h6 style=\"color:#ffffff; text-align:center;\">Innovationen entstehen aus der Bereitschaft, Dinge anders zu sehen \u2013 und sich selbst zu erlauben, anders zu denken.<\/h6>\n    \n    \n    <style>\n    .block-wysiwyg.ident79984972 p,\n    .block-wysiwyg.ident79984972 span {\n     color:#ffffff;\n    }\n    <\/style>\n    \n<div class=\"col col-12 col-lg-12 block-wysiwyg ident79984972\" style=\"color:#ffffff;\">\n<p style=\"text-align: center\">V\u00f5tke meiega \u00fchendust ja loome koos inspireerivaid uuendusi.<\/p>\n \n      <div class=\"block-links\" style=\"text-align:center;\"><a class=\"btn btn-cta-inv hero-link-first\" href=\"https:\/\/www.teleskopeffekt.de\/et\/leistungen\/keskmise-suurusega-ettevotete-jaoks\/oppimine-eestist\/\" target=\"\">\u00f5ppida Eestilt<\/a>\n      <\/div>\n  <\/div>            <link rel=\"stylesheet\" type=\"text\/css\" href=\"https:\/\/www.teleskopeffekt.de\/wp-content\/themes\/boxed-theme\/includes\/blocks\/block_wysiwyg\/style.css\">\n            <\/div>","protected":false},"excerpt":{"rendered":"","protected":false},"author":4,"featured_media":0,"parent":241,"menu_order":0,"comment_status":"closed","ping_status":"closed","template":"page-standard.php","meta":{"_acf_changed":true,"content-type":"","_price":"","_stock":"","_tribe_ticket_header":"","_tribe_default_ticket_provider":"","_tribe_ticket_capacity":"0","_ticket_start_date":"","_ticket_end_date":"","_tribe_ticket_show_description":"","_tribe_ticket_show_not_going":false,"_tribe_ticket_use_global_stock":"","_tribe_ticket_global_stock_level":"","_global_stock_mode":"","_global_stock_cap":"","_tribe_rsvp_for_event":"","_tribe_ticket_going_count":"","_tribe_ticket_not_going_count":"","_tribe_tickets_list":"[]","_tribe_ticket_has_attendee_info_fields":false,"footnotes":""},"class_list":["post-4674","page","type-page","status-publish","hentry"],"acf":[],"yoast_head":"<!-- This site is optimized with the Yoast SEO plugin v27.4 - https:\/\/yoast.com\/product\/yoast-seo-wordpress\/ -->\n<title>How to be Innovative? - Teleskopeffekt | Innovation f\u00fcr Bank &amp; Mittelstand<\/title>\n<meta name=\"robots\" content=\"index, follow, max-snippet:-1, max-image-preview:large, max-video-preview:-1\" \/>\n<link rel=\"canonical\" href=\"https:\/\/www.teleskopeffekt.de\/et\/meist\/how-to-be-innovative\/\" \/>\n<meta property=\"og:locale\" content=\"et_EE\" \/>\n<meta property=\"og:type\" content=\"article\" \/>\n<meta property=\"og:title\" content=\"How to be Innovative? - Teleskopeffekt | Innovation f\u00fcr Bank &amp; Mittelstand\" \/>\n<meta property=\"og:url\" content=\"https:\/\/www.teleskopeffekt.de\/et\/meist\/how-to-be-innovative\/\" \/>\n<meta property=\"og:site_name\" content=\"Teleskopeffekt | Innovation f\u00fcr Bank &amp; Mittelstand\" \/>\n<meta property=\"article:modified_time\" content=\"2024-09-20T06:15:28+00:00\" \/>\n<meta name=\"twitter:card\" content=\"summary_large_image\" \/>\n<script type=\"application\/ld+json\" class=\"yoast-schema-graph\">{\"@context\":\"https:\\\/\\\/schema.org\",\"@graph\":[{\"@type\":\"WebPage\",\"@id\":\"https:\\\/\\\/www.teleskopeffekt.de\\\/ueber-uns\\\/how-to-be-innovative\\\/\",\"url\":\"https:\\\/\\\/www.teleskopeffekt.de\\\/ueber-uns\\\/how-to-be-innovative\\\/\",\"name\":\"How to be Innovative? - Teleskopeffekt | Innovation f\u00fcr Bank &amp; Mittelstand\",\"isPartOf\":{\"@id\":\"https:\\\/\\\/www.teleskopeffekt.de\\\/#website\"},\"datePublished\":\"2024-09-19T08:12:08+00:00\",\"dateModified\":\"2024-09-20T06:15:28+00:00\",\"breadcrumb\":{\"@id\":\"https:\\\/\\\/www.teleskopeffekt.de\\\/ueber-uns\\\/how-to-be-innovative\\\/#breadcrumb\"},\"inLanguage\":\"et\",\"potentialAction\":[{\"@type\":\"ReadAction\",\"target\":[\"https:\\\/\\\/www.teleskopeffekt.de\\\/ueber-uns\\\/how-to-be-innovative\\\/\"]}]},{\"@type\":\"BreadcrumbList\",\"@id\":\"https:\\\/\\\/www.teleskopeffekt.de\\\/ueber-uns\\\/how-to-be-innovative\\\/#breadcrumb\",\"itemListElement\":[{\"@type\":\"ListItem\",\"position\":1,\"name\":\"Teleskopeffekt\",\"item\":\"https:\\\/\\\/www.teleskopeffekt.de\\\/\"},{\"@type\":\"ListItem\",\"position\":2,\"name\":\"\u00dcber uns\",\"item\":\"https:\\\/\\\/www.teleskopeffekt.de\\\/ueber-uns\\\/\"},{\"@type\":\"ListItem\",\"position\":3,\"name\":\"How to be Innovative?\"}]},{\"@type\":\"WebSite\",\"@id\":\"https:\\\/\\\/www.teleskopeffekt.de\\\/#website\",\"url\":\"https:\\\/\\\/www.teleskopeffekt.de\\\/\",\"name\":\"Teleskopeffekt | Innovation f\u00fcr Bank &amp; Mittelstand\",\"description\":\"\",\"potentialAction\":[{\"@type\":\"SearchAction\",\"target\":{\"@type\":\"EntryPoint\",\"urlTemplate\":\"https:\\\/\\\/www.teleskopeffekt.de\\\/?s={search_term_string}\"},\"query-input\":{\"@type\":\"PropertyValueSpecification\",\"valueRequired\":true,\"valueName\":\"search_term_string\"}}],\"inLanguage\":\"et\"}]}<\/script>\n<!-- \/ Yoast SEO plugin. -->","yoast_head_json":{"title":"How to be Innovative? - Teleskopeffekt | Innovation f\u00fcr Bank &amp; Mittelstand","robots":{"index":"index","follow":"follow","max-snippet":"max-snippet:-1","max-image-preview":"max-image-preview:large","max-video-preview":"max-video-preview:-1"},"canonical":"https:\/\/www.teleskopeffekt.de\/et\/meist\/how-to-be-innovative\/","og_locale":"et_EE","og_type":"article","og_title":"How to be Innovative? - Teleskopeffekt | Innovation f\u00fcr Bank &amp; Mittelstand","og_url":"https:\/\/www.teleskopeffekt.de\/et\/meist\/how-to-be-innovative\/","og_site_name":"Teleskopeffekt | Innovation f\u00fcr Bank &amp; Mittelstand","article_modified_time":"2024-09-20T06:15:28+00:00","twitter_card":"summary_large_image","schema":{"@context":"https:\/\/schema.org","@graph":[{"@type":"WebPage","@id":"https:\/\/www.teleskopeffekt.de\/ueber-uns\/how-to-be-innovative\/","url":"https:\/\/www.teleskopeffekt.de\/ueber-uns\/how-to-be-innovative\/","name":"How to be Innovative? - Teleskopeffekt | Innovation f\u00fcr Bank &amp; Mittelstand","isPartOf":{"@id":"https:\/\/www.teleskopeffekt.de\/#website"},"datePublished":"2024-09-19T08:12:08+00:00","dateModified":"2024-09-20T06:15:28+00:00","breadcrumb":{"@id":"https:\/\/www.teleskopeffekt.de\/ueber-uns\/how-to-be-innovative\/#breadcrumb"},"inLanguage":"et","potentialAction":[{"@type":"ReadAction","target":["https:\/\/www.teleskopeffekt.de\/ueber-uns\/how-to-be-innovative\/"]}]},{"@type":"BreadcrumbList","@id":"https:\/\/www.teleskopeffekt.de\/ueber-uns\/how-to-be-innovative\/#breadcrumb","itemListElement":[{"@type":"ListItem","position":1,"name":"Teleskopeffekt","item":"https:\/\/www.teleskopeffekt.de\/"},{"@type":"ListItem","position":2,"name":"\u00dcber uns","item":"https:\/\/www.teleskopeffekt.de\/ueber-uns\/"},{"@type":"ListItem","position":3,"name":"How to be Innovative?"}]},{"@type":"WebSite","@id":"https:\/\/www.teleskopeffekt.de\/#website","url":"https:\/\/www.teleskopeffekt.de\/","name":"Teleskoobiefekt | Innovatsioon pankade ja VKEde jaoks","description":"","potentialAction":[{"@type":"SearchAction","target":{"@type":"EntryPoint","urlTemplate":"https:\/\/www.teleskopeffekt.de\/?s={search_term_string}"},"query-input":{"@type":"PropertyValueSpecification","valueRequired":true,"valueName":"search_term_string"}}],"inLanguage":"et"}]}},"_links":{"self":[{"href":"https:\/\/www.teleskopeffekt.de\/et\/wp-json\/wp\/v2\/pages\/4674","targetHints":{"allow":["GET"]}}],"collection":[{"href":"https:\/\/www.teleskopeffekt.de\/et\/wp-json\/wp\/v2\/pages"}],"about":[{"href":"https:\/\/www.teleskopeffekt.de\/et\/wp-json\/wp\/v2\/types\/page"}],"author":[{"embeddable":true,"href":"https:\/\/www.teleskopeffekt.de\/et\/wp-json\/wp\/v2\/users\/4"}],"replies":[{"embeddable":true,"href":"https:\/\/www.teleskopeffekt.de\/et\/wp-json\/wp\/v2\/comments?post=4674"}],"version-history":[{"count":0,"href":"https:\/\/www.teleskopeffekt.de\/et\/wp-json\/wp\/v2\/pages\/4674\/revisions"}],"up":[{"embeddable":true,"href":"https:\/\/www.teleskopeffekt.de\/et\/wp-json\/wp\/v2\/pages\/241"}],"wp:attachment":[{"href":"https:\/\/www.teleskopeffekt.de\/et\/wp-json\/wp\/v2\/media?parent=4674"}],"curies":[{"name":"wp","href":"https:\/\/api.w.org\/{rel}","templated":true}]}}