{"id":4507,"date":"2024-05-27T12:12:21","date_gmt":"2024-05-27T10:12:21","guid":{"rendered":"https:\/\/www.teleskopeffekt.de\/?page_id=4507"},"modified":"2024-05-27T12:13:01","modified_gmt":"2024-05-27T10:13:01","slug":"eva-innovate-avatar-fuer-bit","status":"publish","type":"page","link":"https:\/\/www.teleskopeffekt.de\/et\/fuer-banken\/eva-innovate-avatar-fuer-bit\/","title":{"rendered":"Eva Innovate &#8211; Avatar f\u00fcr BIT"},"content":{"rendered":"<div class=\"row block-1862936601  row-small\">\n\n<div class=\"col col-12 col-lg-12 block-html\">\n<div id=\"avatar-container\" style=\"max-width: 1200px; height: 675px;\"><\/div>\r\n<script src=\"https:\/\/client.vr-avatar.de\/embed\/embed.js\"><\/script>\r\n<\/div><\/div>\n\n\n<div class=\"row block-2012699122 rmt rmb row-small\">\n\n<div class=\"col col-12 col-lg-12 block-contact-person block-hover-effect\"style=\"padding-top:50px; padding-bottom:50px;\">\n<\/div>            <link rel=\"stylesheet\" type=\"text\/css\" href=\"https:\/\/www.teleskopeffekt.de\/wp-content\/themes\/boxed-theme\/includes\/blocks\/block_contact_person\/style.css\">\n            <\/div>\n\n\n<div class=\"row block-1197374947 rmt rmb row-small-back-overfl no-overflow\" style=\"background:#194673;\">\n\n    \n    <h6 style=\"color:#ffffff; text-align:center;\">Lisage oma j\u00e4rgmisele \u00fcritusele s\u00fcgavust ja d\u00fcnaamikat<\/h6>\n    \n    \n    <style>\n    .block-wysiwyg.ident86407035 p,\n    .block-wysiwyg.ident86407035 span {\n     color:#ffffff;\n    }\n    <\/style>\n    \n<div class=\"col col-12 col-lg-12 block-wysiwyg ident86407035\" style=\"color:#ffffff;\">\n<p style=\"text-align: center\">Meie kirg p\u00fchendumise ja inspiratsiooni vastu muudab meid ideaalseks partneriks,<\/p>\n<p style=\"text-align: center\">et rikastada oma konverentsi, seminari v\u00f5i seminari.<\/p>\n \n      <div class=\"block-links\" style=\"text-align:center;\"><a class=\"btn btn-cta-inv hero-link-first ext\" href=\"https:\/\/share-eu1.hsforms.com\/1RCtsgjyDTiSVTL_vGDydjA2dd7dn\" target=\"\">P\u00d6\u00d6RDIMINE KOHE<\/a>\n      <\/div>\n  <\/div>            <link rel=\"stylesheet\" type=\"text\/css\" href=\"https:\/\/www.teleskopeffekt.de\/wp-content\/themes\/boxed-theme\/includes\/blocks\/block_wysiwyg\/style.css\">\n            <\/div>","protected":false},"excerpt":{"rendered":"","protected":false},"author":4,"featured_media":0,"parent":263,"menu_order":0,"comment_status":"closed","ping_status":"closed","template":"page-standard.php","meta":{"_acf_changed":false,"content-type":"","_price":"","_stock":"","_tribe_ticket_header":"","_tribe_default_ticket_provider":"","_tribe_ticket_capacity":"0","_ticket_start_date":"","_ticket_end_date":"","_tribe_ticket_show_description":"","_tribe_ticket_show_not_going":false,"_tribe_ticket_use_global_stock":"","_tribe_ticket_global_stock_level":"","_global_stock_mode":"","_global_stock_cap":"","_tribe_rsvp_for_event":"","_tribe_ticket_going_count":"","_tribe_ticket_not_going_count":"","_tribe_tickets_list":"[]","_tribe_ticket_has_attendee_info_fields":false,"footnotes":""},"class_list":["post-4507","page","type-page","status-publish","hentry"],"acf":[],"yoast_head":"<!-- This site is optimized with the Yoast SEO plugin v27.4 - https:\/\/yoast.com\/product\/yoast-seo-wordpress\/ -->\n<title>Eva Innovate - Avatar f\u00fcr BIT - Teleskopeffekt | Innovation f\u00fcr Bank &amp; Mittelstand<\/title>\n<meta name=\"robots\" content=\"index, follow, max-snippet:-1, max-image-preview:large, max-video-preview:-1\" \/>\n<link rel=\"canonical\" href=\"https:\/\/www.teleskopeffekt.de\/et\/pankade-jaoks\/eva-innovate-avatar-fuer-bit\/\" \/>\n<meta property=\"og:locale\" content=\"et_EE\" \/>\n<meta property=\"og:type\" content=\"article\" \/>\n<meta property=\"og:title\" content=\"Eva Innovate - Avatar f\u00fcr BIT - Teleskopeffekt | Innovation f\u00fcr Bank &amp; Mittelstand\" \/>\n<meta property=\"og:url\" content=\"https:\/\/www.teleskopeffekt.de\/et\/pankade-jaoks\/eva-innovate-avatar-fuer-bit\/\" \/>\n<meta property=\"og:site_name\" content=\"Teleskopeffekt | Innovation f\u00fcr Bank &amp; Mittelstand\" \/>\n<meta property=\"article:modified_time\" content=\"2024-05-27T10:13:01+00:00\" \/>\n<meta name=\"twitter:card\" content=\"summary_large_image\" \/>\n<script type=\"application\/ld+json\" class=\"yoast-schema-graph\">{\"@context\":\"https:\\\/\\\/schema.org\",\"@graph\":[{\"@type\":\"WebPage\",\"@id\":\"https:\\\/\\\/www.teleskopeffekt.de\\\/fuer-banken\\\/eva-innovate-avatar-fuer-bit\\\/\",\"url\":\"https:\\\/\\\/www.teleskopeffekt.de\\\/fuer-banken\\\/eva-innovate-avatar-fuer-bit\\\/\",\"name\":\"Eva Innovate - Avatar f\u00fcr BIT - Teleskopeffekt | Innovation f\u00fcr Bank &amp; Mittelstand\",\"isPartOf\":{\"@id\":\"https:\\\/\\\/www.teleskopeffekt.de\\\/#website\"},\"datePublished\":\"2024-05-27T10:12:21+00:00\",\"dateModified\":\"2024-05-27T10:13:01+00:00\",\"breadcrumb\":{\"@id\":\"https:\\\/\\\/www.teleskopeffekt.de\\\/fuer-banken\\\/eva-innovate-avatar-fuer-bit\\\/#breadcrumb\"},\"inLanguage\":\"et\",\"potentialAction\":[{\"@type\":\"ReadAction\",\"target\":[\"https:\\\/\\\/www.teleskopeffekt.de\\\/fuer-banken\\\/eva-innovate-avatar-fuer-bit\\\/\"]}]},{\"@type\":\"BreadcrumbList\",\"@id\":\"https:\\\/\\\/www.teleskopeffekt.de\\\/fuer-banken\\\/eva-innovate-avatar-fuer-bit\\\/#breadcrumb\",\"itemListElement\":[{\"@type\":\"ListItem\",\"position\":1,\"name\":\"Teleskopeffekt\",\"item\":\"https:\\\/\\\/www.teleskopeffekt.de\\\/\"},{\"@type\":\"ListItem\",\"position\":2,\"name\":\"TeleskopEffekt Startseite\",\"item\":\"https:\\\/\\\/www.teleskopeffekt.de\\\/\"},{\"@type\":\"ListItem\",\"position\":3,\"name\":\"Eva Innovate &#8211; Avatar f\u00fcr BIT\"}]},{\"@type\":\"WebSite\",\"@id\":\"https:\\\/\\\/www.teleskopeffekt.de\\\/#website\",\"url\":\"https:\\\/\\\/www.teleskopeffekt.de\\\/\",\"name\":\"Teleskopeffekt | Innovation f\u00fcr Bank &amp; Mittelstand\",\"description\":\"\",\"potentialAction\":[{\"@type\":\"SearchAction\",\"target\":{\"@type\":\"EntryPoint\",\"urlTemplate\":\"https:\\\/\\\/www.teleskopeffekt.de\\\/?s={search_term_string}\"},\"query-input\":{\"@type\":\"PropertyValueSpecification\",\"valueRequired\":true,\"valueName\":\"search_term_string\"}}],\"inLanguage\":\"et\"}]}<\/script>\n<!-- \/ Yoast SEO plugin. -->","yoast_head_json":{"title":"Eva Innovate - Avatar f\u00fcr BIT - Teleskopeffekt | Innovation f\u00fcr Bank &amp; Mittelstand","robots":{"index":"index","follow":"follow","max-snippet":"max-snippet:-1","max-image-preview":"max-image-preview:large","max-video-preview":"max-video-preview:-1"},"canonical":"https:\/\/www.teleskopeffekt.de\/et\/pankade-jaoks\/eva-innovate-avatar-fuer-bit\/","og_locale":"et_EE","og_type":"article","og_title":"Eva Innovate - Avatar f\u00fcr BIT - Teleskopeffekt | Innovation f\u00fcr Bank &amp; Mittelstand","og_url":"https:\/\/www.teleskopeffekt.de\/et\/pankade-jaoks\/eva-innovate-avatar-fuer-bit\/","og_site_name":"Teleskopeffekt | Innovation f\u00fcr Bank &amp; Mittelstand","article_modified_time":"2024-05-27T10:13:01+00:00","twitter_card":"summary_large_image","schema":{"@context":"https:\/\/schema.org","@graph":[{"@type":"WebPage","@id":"https:\/\/www.teleskopeffekt.de\/fuer-banken\/eva-innovate-avatar-fuer-bit\/","url":"https:\/\/www.teleskopeffekt.de\/fuer-banken\/eva-innovate-avatar-fuer-bit\/","name":"Eva Innovate - Avatar f\u00fcr BIT - Teleskopeffekt | Innovation f\u00fcr Bank &amp; Mittelstand","isPartOf":{"@id":"https:\/\/www.teleskopeffekt.de\/#website"},"datePublished":"2024-05-27T10:12:21+00:00","dateModified":"2024-05-27T10:13:01+00:00","breadcrumb":{"@id":"https:\/\/www.teleskopeffekt.de\/fuer-banken\/eva-innovate-avatar-fuer-bit\/#breadcrumb"},"inLanguage":"et","potentialAction":[{"@type":"ReadAction","target":["https:\/\/www.teleskopeffekt.de\/fuer-banken\/eva-innovate-avatar-fuer-bit\/"]}]},{"@type":"BreadcrumbList","@id":"https:\/\/www.teleskopeffekt.de\/fuer-banken\/eva-innovate-avatar-fuer-bit\/#breadcrumb","itemListElement":[{"@type":"ListItem","position":1,"name":"Teleskopeffekt","item":"https:\/\/www.teleskopeffekt.de\/"},{"@type":"ListItem","position":2,"name":"TeleskopEffekt Startseite","item":"https:\/\/www.teleskopeffekt.de\/"},{"@type":"ListItem","position":3,"name":"Eva Innovate &#8211; Avatar f\u00fcr BIT"}]},{"@type":"WebSite","@id":"https:\/\/www.teleskopeffekt.de\/#website","url":"https:\/\/www.teleskopeffekt.de\/","name":"Teleskoobiefekt | Innovatsioon pankade ja VKEde jaoks","description":"","potentialAction":[{"@type":"SearchAction","target":{"@type":"EntryPoint","urlTemplate":"https:\/\/www.teleskopeffekt.de\/?s={search_term_string}"},"query-input":{"@type":"PropertyValueSpecification","valueRequired":true,"valueName":"search_term_string"}}],"inLanguage":"et"}]}},"_links":{"self":[{"href":"https:\/\/www.teleskopeffekt.de\/et\/wp-json\/wp\/v2\/pages\/4507","targetHints":{"allow":["GET"]}}],"collection":[{"href":"https:\/\/www.teleskopeffekt.de\/et\/wp-json\/wp\/v2\/pages"}],"about":[{"href":"https:\/\/www.teleskopeffekt.de\/et\/wp-json\/wp\/v2\/types\/page"}],"author":[{"embeddable":true,"href":"https:\/\/www.teleskopeffekt.de\/et\/wp-json\/wp\/v2\/users\/4"}],"replies":[{"embeddable":true,"href":"https:\/\/www.teleskopeffekt.de\/et\/wp-json\/wp\/v2\/comments?post=4507"}],"version-history":[{"count":0,"href":"https:\/\/www.teleskopeffekt.de\/et\/wp-json\/wp\/v2\/pages\/4507\/revisions"}],"up":[{"embeddable":true,"href":"https:\/\/www.teleskopeffekt.de\/et\/wp-json\/wp\/v2\/pages\/263"}],"wp:attachment":[{"href":"https:\/\/www.teleskopeffekt.de\/et\/wp-json\/wp\/v2\/media?parent=4507"}],"curies":[{"name":"wp","href":"https:\/\/api.w.org\/{rel}","templated":true}]}}