{"id":3467,"date":"2024-03-01T20:13:14","date_gmt":"2024-03-01T19:13:14","guid":{"rendered":"https:\/\/www.teleskopeffekt.de\/?page_id=3467"},"modified":"2024-05-28T12:51:37","modified_gmt":"2024-05-28T10:51:37","slug":"jaetkusuutlikkus","status":"publish","type":"page","link":"https:\/\/www.teleskopeffekt.de\/et\/ueber-uns\/nachhaltigkeit\/","title":{"rendered":"J\u00e4tkusuutlikkus"},"content":{"rendered":"<div id=\"Nachhaltigkeit\" class=\"row block-1422977130 rmt rmb row-small\">\n\n<div class=\"col col-12 col-lg-6 block-image block-hover-effect\"style=\"padding-right:0px; padding-left: 0px;\">\n\n    <img decoding=\"async\" class=\"desk-img\" src=\"https:\/\/www.teleskopeffekt.de\/wp-content\/uploads\/2024\/02\/TagDerOffenenWerkbank_097-scaled-960x640.jpg\" alt=\"\" loading=\"lazy\">\n    <img decoding=\"async\" class=\"mob-img\" src=\"https:\/\/www.teleskopeffekt.de\/wp-content\/uploads\/2024\/02\/TagDerOffenenWerkbank_097-scaled-576x384.jpg\" alt=\"\" loading=\"lazy\">\n    <\/div>\n\n\n            <link rel=\"stylesheet\" type=\"text\/css\" href=\"https:\/\/www.teleskopeffekt.de\/wp-content\/themes\/boxed-theme\/includes\/blocks\/block_image\/style.css\">\n            \n<div class=\"col col-12 col-lg-6 block-wysiwyg\">\n\n    <h2 style=\" text-align:left;\">Elav j\u00e4tkusuutlikkus koos TeleskopEffektiga<\/h2>\n    \n    <h-subline style=\" text-align:left;\">Meie p\u00fchendumine rohelisemale maailmale<\/h-subline>\n    <p>TeleskopEffektis on j\u00e4tkusuutlikkus k\u00f5ige keskmes, mida me teeme. Me n\u00e4eme end pioneeridena innovatsiooni ja \u00f6koloogilise vastutuse \u00fchendamisel. Meie eesm\u00e4rk on anda sihip\u00e4raste meetmete ja teadliku ettev\u00f5tte juhtimise kaudu positiivne panus kliimakaitsesse. M\u00f5\u00f5distades oma CO2-jalaj\u00e4lge, seame selged eesm\u00e4rgid oma heitkoguste v\u00e4hendamiseks ja n\u00e4itame, et vastutustundlik k\u00e4itumine ja majanduslik edu v\u00f5ivad k\u00e4ia k\u00e4sik\u00e4es.<\/p>\n \n      <div class=\"block-links\" style=\"text-align:left;\"><a class=\"btn btn-primary hero-link-first ext\" href=\"https:\/\/share-eu1.hsforms.com\/14dMXm4DKRZyeo2ZM8DXGtQ2dd7dn\" target=\"\">ROHKEM TEAVET<\/a>\n      <\/div>\n  <\/div>            <link rel=\"stylesheet\" type=\"text\/css\" href=\"https:\/\/www.teleskopeffekt.de\/wp-content\/themes\/boxed-theme\/includes\/blocks\/block_wysiwyg\/style.css\">\n            <\/div>\n\n\n<div class=\"row block-1434333831 rmt rmb row-small\">\n\n    <style>\n    .block-counted.ident95954425 p,\n    .block-counted.ident95954425 span {\n     color:#194673;\n    }\n    <\/style>\n    \n<div class=\"col col-12 col-lg-12 block-counted ident95954425\" style=\"color:#194673; padding-top:50px; padding-bottom:50px;\">\n<div class=\"row\">\n            <div class=\"col-12 col-lg-6 counted-container\">\n                <span class=\"counter\">1<\/span>\n                <p class=\"counted-content\">M\u00f5\u00f5tmine ja eesm\u00e4rgid:\r\nMe v\u00f5tame oma kliimavastutust t\u00f5siselt, m\u00f5\u00f5tes regulaarselt oma s\u00fcsinikujalaj\u00e4lge ja seades endale selged v\u00e4hendamise eesm\u00e4rgid.\r\n\r\n\r\n<p>\n            <\/div>\n            \n            <div class=\"col-12 col-lg-6 counted-container\">\n                <span class=\"counter\">2<\/span>\n                <p class=\"counted-content\">Meie ruumide t\u00f5hus kasutamine:\r\nMe p\u00f6\u00f6rame oma ruumide kasutamisel t\u00e4helepanu energiat\u00f5hususele, optimeerides elektri- ja k\u00fcttekulu.\r\n<p>\n            <\/div>\n            \n            <div class=\"col-12 col-lg-6 counted-container\">\n                <span class=\"counter\">3<\/span>\n                <p class=\"counted-content\">Teadlik tarbimine:\r\nMeie toitlustuspakkumine sisaldab 50% v\u00e4hem liha, et v\u00e4hendada meie \u00fcrituste \u00f6koloogilist jalaj\u00e4lge.\r\n\r\n<p>\n            <\/div>\n            \n            <div class=\"col-12 col-lg-6 counted-container\">\n                <span class=\"counter\">4<\/span>\n                <p class=\"counted-content\">S\u00e4\u00e4stva liikuvuse edendamine:\r\nSoovitame j\u00e4tkusuutlikke reisimisv\u00f5imalusi ja keskendume t\u00f5husale planeerimisele ning vajalikele isiklikele kohtumistele ettev\u00f5tte reiside puhul.<p>\n            <\/div>\n            <\/div><\/div>            <link rel=\"stylesheet\" type=\"text\/css\" href=\"https:\/\/www.teleskopeffekt.de\/wp-content\/themes\/boxed-theme\/includes\/blocks\/block_counted\/style.css\">\n            <\/div>\n\n\n<div class=\"row block-106147632 rmt rmb row-small\">\n\n<div class=\"col col-12 col-lg-12 block-contact-person block-hover-effect\"style=\"padding-top:50px; padding-bottom:50px;\">\n<div class=\"row\">\n        <div class=\"col-12 col-lg-6 thumb-container\">\n        <img decoding=\"async\" data-no-translation src=\"https:\/\/www.teleskopeffekt.de\/wp-content\/uploads\/2024\/02\/manuela-antrag-500.jpg\">\n        <img decoding=\"async\" data-no-translation class=\"frame-loops\" src=\"\/wp-content\/themes\/boxed-theme\/includes\/media\/theme-icons\/image-frame-loops.svg\">\n        <\/div>\n        <div class=\"col-12 col-lg-6 content-container\">\n            <div class=\"contact-pers-head\">\n                <span class=\"contact-pers-title\">\n                    Manuela taotlus\n                <\/span>\n                <span class=\"contact-pers-job\">\n                    Workbench32 Manager \n                <\/span>\n            <\/div>\n            <div class=\"contaact-pers-possibl\">\n                <a href=\"mailto:manuela.antrag@teleskopeffekt.de\"><img decoding=\"async\" class=\"svg-icon icon-mail-outlined\" src=\"https:\/\/www.teleskopeffekt.de\/wp-content\/themes\/boxed-theme\/includes\/media\/icons\/mail-outlined.svg\" alt=\"posti teel\"><\/a><a href=\"https:\/\/www.linkedin.com\/in\/manuela-antrag-537a91211\/\"><img decoding=\"async\" class=\"svg-icon icon-linkedin-fill\" src=\"https:\/\/www.teleskopeffekt.de\/wp-content\/themes\/boxed-theme\/includes\/media\/icons\/linkedin-fill.svg\" alt=\"linkedin-fill\"><\/a>\n            <\/div>\n           <a class=\"btn btn-cta\"href=\"mailto:manuela.antrag@teleskopeffekt.de\">JETZT KONTAKT AUFNEHMEN<\/a>\n        <\/div>\n        <script type=\"application\/ld+json\">{\n    \"@context\": \"https:\\\/\\\/schema.org\\\/\",\n    \"@type\": \"Person\",\n    \"name\": \"Manuela Antrag\",\n    \"jobTitle\": \"Werkbank32 Managerin \",\n    \"url\": \"https:\\\/\\\/www.teleskopeffekt.de\\\/et\\\/team\\\/manuela-antrag\\\/\",\n    \"image\": \"https:\\\/\\\/www.teleskopeffekt.de\\\/wp-content\\\/uploads\\\/2024\\\/02\\\/manuela-antrag-500.jpg\",\n    \"sameAs\": \"https:\\\/\\\/www.linkedin.com\\\/in\\\/manuela-antrag-537a91211\\\/\",\n    \"worksFor\": {\n        \"@type\": \"Organization\",\n        \"name\": \"TeleskopEffekt GmbH\"\n    }\n}<\/script>\n\n    <\/div>\n<\/div>            <link rel=\"stylesheet\" type=\"text\/css\" href=\"https:\/\/www.teleskopeffekt.de\/wp-content\/themes\/boxed-theme\/includes\/blocks\/block_contact_person\/style.css\">\n            <\/div>\n\n\n<div class=\"row block-28991252  row-small\">\n\n<div class=\"col col-12 col-lg-6 block-wysiwyg\"style=\"padding-top:50px; padding-bottom:50px;\">\n\n    <h3 style=\"color:#194673; text-align:left;\">Me m\u00f5\u00f5dame oma CO2-jalaj\u00e4lge ja meil on selged eesm\u00e4rgid. <\/h3>\n    \n    <h-subline style=\"color:#194673; text-align:left;\">Me peame j\u00e4tkusuutlikkust <\/h-subline>\n    <ul>\n<li><strong>CO2-jalaj\u00e4lje m\u00f5\u00f5tmine:<\/strong> L\u00e4bipaistev \u00fclevaade meie heitkogustest ja v\u00f5imalike s\u00e4\u00e4stuv\u00f5imaluste kindlaksm\u00e4\u00e4ramine.<\/li>\n<li><strong>V\u00e4hendusmeetmed:<\/strong> Alates toitlustamise kohandamisest ja energiatarbimise optimeerimisest kuni keskkonnas\u00f5braliku liikuvuse edendamiseni.<\/li>\n<li><strong>H\u00fcvitis:<\/strong> Kui kogu v\u00e4hendamispotentsiaal on \u00e4ra kasutatud, kompenseerime \u00fclej\u00e4\u00e4nud netoheitmeid sihtotstarbeliste projektide kaudu.<\/li>\n<\/ul>\n<p>Meie jaoks ei ole j\u00e4tkusuutlikkus mitte trend, vaid p\u00f5him\u00f5tteline hoiak. Iga sammuga, mille me astume s\u00e4\u00e4stvamate tegevuste suunas, tahame innustada teisi meiega \u00fchinema. Meie p\u00fchendumine keskkonnale on keskne osa meie kui innovatsiooniliidri identiteedist. V\u00f5tame \u00fcheskoos vastutuse ja tagame k\u00f5igile elamisv\u00e4\u00e4rse tuleviku.<\/p>\n \n      <div class=\"block-links\" style=\"text-align:left;\"><a class=\"btn btn-primary hero-link-first ext\" href=\"https:\/\/share-eu1.hsforms.com\/14dMXm4DKRZyeo2ZM8DXGtQ2dd7dn\" target=\"\">ROHKEM TEAVET<\/a>\n      <\/div>\n  <\/div>            <link rel=\"stylesheet\" type=\"text\/css\" href=\"https:\/\/www.teleskopeffekt.de\/wp-content\/themes\/boxed-theme\/includes\/blocks\/block_wysiwyg\/style.css\">\n            \n<div class=\"col col-12 col-lg-6 block-image block-hover-effect\"style=\"padding-top:50px; padding-bottom:50px;\">\n\n    <img decoding=\"async\" class=\"desk-img\" src=\"https:\/\/www.teleskopeffekt.de\/wp-content\/uploads\/2024\/02\/Nachhaltigkeit4-960x540.png\" alt=\"\" loading=\"lazy\">\n    <img decoding=\"async\" class=\"mob-img\" src=\"https:\/\/www.teleskopeffekt.de\/wp-content\/uploads\/2024\/02\/Nachhaltigkeit4-576x324.png\" alt=\"\" loading=\"lazy\">\n    <\/div>\n\n\n            <link rel=\"stylesheet\" type=\"text\/css\" href=\"https:\/\/www.teleskopeffekt.de\/wp-content\/themes\/boxed-theme\/includes\/blocks\/block_image\/style.css\">\n            <\/div>\n\n\n<div class=\"row block-1312428525 rmt rmb row-small-back-overfl no-overflow\" style=\"background:#194673;\">\n\n    \n    <h6 style=\"color:#ffffff; text-align:center;\">Elav j\u00e4tkusuutlikkus teleskoobiefektis <\/h6>\n    \n    \n    <style>\n    .block-wysiwyg.ident41108982 p,\n    .block-wysiwyg.ident41108982 span {\n     color:#ffffff;\n    }\n    <\/style>\n    \n<div class=\"col col-12 col-lg-12 block-wysiwyg ident41108982\" style=\"color:#ffffff;\">\n \n      <div class=\"block-links\" style=\"text-align:center;\"><a class=\"btn btn-cta-inv hero-link-first ext\" href=\"https:\/\/share-eu1.hsforms.com\/14dMXm4DKRZyeo2ZM8DXGtQ2dd7dn\" target=\"\">ROHKEM TEAVET<\/a>\n      <\/div>\n  <\/div>            <link rel=\"stylesheet\" type=\"text\/css\" href=\"https:\/\/www.teleskopeffekt.de\/wp-content\/themes\/boxed-theme\/includes\/blocks\/block_wysiwyg\/style.css\">\n            <\/div>","protected":false},"excerpt":{"rendered":"","protected":false},"author":4,"featured_media":0,"parent":241,"menu_order":0,"comment_status":"closed","ping_status":"closed","template":"page-standard.php","meta":{"_acf_changed":true,"content-type":"","_price":"","_stock":"","_tribe_ticket_header":"","_tribe_default_ticket_provider":"","_tribe_ticket_capacity":"0","_ticket_start_date":"","_ticket_end_date":"","_tribe_ticket_show_description":"","_tribe_ticket_show_not_going":false,"_tribe_ticket_use_global_stock":"","_tribe_ticket_global_stock_level":"","_global_stock_mode":"","_global_stock_cap":"","_tribe_rsvp_for_event":"","_tribe_ticket_going_count":"","_tribe_ticket_not_going_count":"","_tribe_tickets_list":"[]","_tribe_ticket_has_attendee_info_fields":false,"footnotes":""},"class_list":["post-3467","page","type-page","status-publish","hentry"],"acf":[],"yoast_head":"<!-- This site is optimized with the Yoast SEO plugin v27.2 - https:\/\/yoast.com\/product\/yoast-seo-wordpress\/ -->\n<title>Nachhaltigkeit - Teleskopeffekt | Innovation f\u00fcr Bank &amp; Mittelstand<\/title>\n<meta name=\"robots\" content=\"index, follow, max-snippet:-1, max-image-preview:large, max-video-preview:-1\" \/>\n<link rel=\"canonical\" href=\"https:\/\/www.teleskopeffekt.de\/et\/meist\/jaetkusuutlikkus\/\" \/>\n<meta property=\"og:locale\" content=\"et_EE\" \/>\n<meta property=\"og:type\" content=\"article\" \/>\n<meta property=\"og:title\" content=\"Nachhaltigkeit - Teleskopeffekt | Innovation f\u00fcr Bank &amp; Mittelstand\" \/>\n<meta property=\"og:url\" content=\"https:\/\/www.teleskopeffekt.de\/et\/meist\/jaetkusuutlikkus\/\" \/>\n<meta property=\"og:site_name\" content=\"Teleskopeffekt | Innovation f\u00fcr Bank &amp; Mittelstand\" \/>\n<meta property=\"article:modified_time\" content=\"2024-05-28T10:51:37+00:00\" \/>\n<meta name=\"twitter:card\" content=\"summary_large_image\" \/>\n<script type=\"application\/ld+json\" class=\"yoast-schema-graph\">{\"@context\":\"https:\/\/schema.org\",\"@graph\":[{\"@type\":\"WebPage\",\"@id\":\"https:\/\/www.teleskopeffekt.de\/ueber-uns\/nachhaltigkeit\/\",\"url\":\"https:\/\/www.teleskopeffekt.de\/ueber-uns\/nachhaltigkeit\/\",\"name\":\"Nachhaltigkeit - Teleskopeffekt | Innovation f\u00fcr Bank &amp; Mittelstand\",\"isPartOf\":{\"@id\":\"https:\/\/www.teleskopeffekt.de\/#website\"},\"datePublished\":\"2024-03-01T19:13:14+00:00\",\"dateModified\":\"2024-05-28T10:51:37+00:00\",\"breadcrumb\":{\"@id\":\"https:\/\/www.teleskopeffekt.de\/ueber-uns\/nachhaltigkeit\/#breadcrumb\"},\"inLanguage\":\"et\",\"potentialAction\":[{\"@type\":\"ReadAction\",\"target\":[\"https:\/\/www.teleskopeffekt.de\/ueber-uns\/nachhaltigkeit\/\"]}]},{\"@type\":\"BreadcrumbList\",\"@id\":\"https:\/\/www.teleskopeffekt.de\/ueber-uns\/nachhaltigkeit\/#breadcrumb\",\"itemListElement\":[{\"@type\":\"ListItem\",\"position\":1,\"name\":\"Teleskopeffekt\",\"item\":\"https:\/\/www.teleskopeffekt.de\/\"},{\"@type\":\"ListItem\",\"position\":2,\"name\":\"\u00dcber uns\",\"item\":\"https:\/\/www.teleskopeffekt.de\/ueber-uns\/\"},{\"@type\":\"ListItem\",\"position\":3,\"name\":\"Nachhaltigkeit\"}]},{\"@type\":\"WebSite\",\"@id\":\"https:\/\/www.teleskopeffekt.de\/#website\",\"url\":\"https:\/\/www.teleskopeffekt.de\/\",\"name\":\"Teleskopeffekt | Innovation f\u00fcr Bank &amp; Mittelstand\",\"description\":\"\",\"potentialAction\":[{\"@type\":\"SearchAction\",\"target\":{\"@type\":\"EntryPoint\",\"urlTemplate\":\"https:\/\/www.teleskopeffekt.de\/?s={search_term_string}\"},\"query-input\":{\"@type\":\"PropertyValueSpecification\",\"valueRequired\":true,\"valueName\":\"search_term_string\"}}],\"inLanguage\":\"et\"}]}<\/script>\n<!-- \/ Yoast SEO plugin. -->","yoast_head_json":{"title":"J\u00e4tkusuutlikkus - Teleskoopi efekt | Innovatsioon pankade ja VKEde jaoks","robots":{"index":"index","follow":"follow","max-snippet":"max-snippet:-1","max-image-preview":"max-image-preview:large","max-video-preview":"max-video-preview:-1"},"canonical":"https:\/\/www.teleskopeffekt.de\/et\/meist\/jaetkusuutlikkus\/","og_locale":"et_EE","og_type":"article","og_title":"Nachhaltigkeit - Teleskopeffekt | Innovation f\u00fcr Bank &amp; Mittelstand","og_url":"https:\/\/www.teleskopeffekt.de\/et\/meist\/jaetkusuutlikkus\/","og_site_name":"Teleskopeffekt | Innovation f\u00fcr Bank &amp; Mittelstand","article_modified_time":"2024-05-28T10:51:37+00:00","twitter_card":"summary_large_image","schema":{"@context":"https:\/\/schema.org","@graph":[{"@type":"WebPage","@id":"https:\/\/www.teleskopeffekt.de\/ueber-uns\/nachhaltigkeit\/","url":"https:\/\/www.teleskopeffekt.de\/ueber-uns\/nachhaltigkeit\/","name":"J\u00e4tkusuutlikkus - Teleskoopi efekt | Innovatsioon pankade ja VKEde jaoks","isPartOf":{"@id":"https:\/\/www.teleskopeffekt.de\/#website"},"datePublished":"2024-03-01T19:13:14+00:00","dateModified":"2024-05-28T10:51:37+00:00","breadcrumb":{"@id":"https:\/\/www.teleskopeffekt.de\/ueber-uns\/nachhaltigkeit\/#breadcrumb"},"inLanguage":"et","potentialAction":[{"@type":"ReadAction","target":["https:\/\/www.teleskopeffekt.de\/ueber-uns\/nachhaltigkeit\/"]}]},{"@type":"BreadcrumbList","@id":"https:\/\/www.teleskopeffekt.de\/ueber-uns\/nachhaltigkeit\/#breadcrumb","itemListElement":[{"@type":"ListItem","position":1,"name":"Teleskopeffekt","item":"https:\/\/www.teleskopeffekt.de\/"},{"@type":"ListItem","position":2,"name":"\u00dcber uns","item":"https:\/\/www.teleskopeffekt.de\/ueber-uns\/"},{"@type":"ListItem","position":3,"name":"Nachhaltigkeit"}]},{"@type":"WebSite","@id":"https:\/\/www.teleskopeffekt.de\/#website","url":"https:\/\/www.teleskopeffekt.de\/","name":"Teleskoobiefekt | Innovatsioon pankade ja VKEde jaoks","description":"","potentialAction":[{"@type":"SearchAction","target":{"@type":"EntryPoint","urlTemplate":"https:\/\/www.teleskopeffekt.de\/?s={search_term_string}"},"query-input":{"@type":"PropertyValueSpecification","valueRequired":true,"valueName":"search_term_string"}}],"inLanguage":"et"}]}},"_links":{"self":[{"href":"https:\/\/www.teleskopeffekt.de\/et\/wp-json\/wp\/v2\/pages\/3467","targetHints":{"allow":["GET"]}}],"collection":[{"href":"https:\/\/www.teleskopeffekt.de\/et\/wp-json\/wp\/v2\/pages"}],"about":[{"href":"https:\/\/www.teleskopeffekt.de\/et\/wp-json\/wp\/v2\/types\/page"}],"author":[{"embeddable":true,"href":"https:\/\/www.teleskopeffekt.de\/et\/wp-json\/wp\/v2\/users\/4"}],"replies":[{"embeddable":true,"href":"https:\/\/www.teleskopeffekt.de\/et\/wp-json\/wp\/v2\/comments?post=3467"}],"version-history":[{"count":0,"href":"https:\/\/www.teleskopeffekt.de\/et\/wp-json\/wp\/v2\/pages\/3467\/revisions"}],"up":[{"embeddable":true,"href":"https:\/\/www.teleskopeffekt.de\/et\/wp-json\/wp\/v2\/pages\/241"}],"wp:attachment":[{"href":"https:\/\/www.teleskopeffekt.de\/et\/wp-json\/wp\/v2\/media?parent=3467"}],"curies":[{"name":"wp","href":"https:\/\/api.w.org\/{rel}","templated":true}]}}