{"id":3463,"date":"2024-03-01T20:02:01","date_gmt":"2024-03-01T19:02:01","guid":{"rendered":"https:\/\/www.teleskopeffekt.de\/?page_id=3463"},"modified":"2024-12-02T08:31:51","modified_gmt":"2024-12-02T07:31:51","slug":"karjaeaer","status":"publish","type":"page","link":"https:\/\/www.teleskopeffekt.de\/et\/ueber-uns\/karriere\/","title":{"rendered":"Karj\u00e4\u00e4r"},"content":{"rendered":"<div class=\"row block-2036908146 rmt rmb row-small\">\n\n<div class=\"col col-12 col-lg-6 block-image block-hover-effect\"style=\"padding-right:0px; padding-left: 0px;\">\n\n    <img decoding=\"async\" class=\"desk-img\" src=\"https:\/\/www.teleskopeffekt.de\/wp-content\/uploads\/2024\/02\/56-Portraits_056-scaled-960x720.jpg\" alt=\"\" loading=\"lazy\">\n    <img decoding=\"async\" class=\"mob-img\" src=\"https:\/\/www.teleskopeffekt.de\/wp-content\/uploads\/2024\/02\/56-Portraits_056-scaled-576x432.jpg\" alt=\"\" loading=\"lazy\">\n    <\/div>\n\n\n            <link rel=\"stylesheet\" type=\"text\/css\" href=\"https:\/\/www.teleskopeffekt.de\/wp-content\/themes\/boxed-theme\/includes\/blocks\/block_image\/style.css\">\n            \n<div class=\"col col-12 col-lg-6 block-wysiwyg\">\n\n    <h2 style=\" text-align:left;\">Saage osaks TeleskopEffekt universumist<\/h2>\n    \n    <h-subline style=\" text-align:left;\">Sinu karj\u00e4\u00e4r, kus innovatsioon ja meeskonnavaim saavad kokku<\/h-subline>\n    <p>TeleskopEffekt usub, et iga inimene saab midagi muuta. Siin on sinu v\u00f5imalus saada osaks meeskonnast, mis m\u00e4\u00e4ratleb pidevalt uuesti v\u00f5imaluste piirid. Meie juures ei t\u00f6\u00f6ta te mitte ainult p\u00f5nevate projektide kallal, vaid kujundate ka aktiivselt tulevikku. Teie ideed ja p\u00fchendumus leiavad kasvupinnas, et kasvada ja s\u00e4rada. Tule pardale ja otsime koos uusi t\u00e4hti taevas.<\/p>\n \n      <div class=\"block-links\" style=\"text-align:left;\"><a class=\"btn btn-primary hero-link-first ext\" href=\"https:\/\/share-eu1.hsforms.com\/14dMXm4DKRZyeo2ZM8DXGtQ2dd7dn\" target=\"\">V\u00d5TA \u00dcHENDUST<\/a>\n      <\/div>\n  <\/div>            <link rel=\"stylesheet\" type=\"text\/css\" href=\"https:\/\/www.teleskopeffekt.de\/wp-content\/themes\/boxed-theme\/includes\/blocks\/block_wysiwyg\/style.css\">\n            <\/div>\n\n\n<div class=\"row block-1301755081 rmt row-small\">\n\n    <style>\n    .block-counted.ident78711349 p,\n    .block-counted.ident78711349 span {\n     color:#194673;\n    }\n    <\/style>\n    \n<div class=\"col col-12 col-lg-12 block-counted ident78711349\" style=\"color:#194673; padding-top:50px; padding-bottom:50px;\">\n<div class=\"row\">\n            <div class=\"col-12 col-lg-6 counted-container\">\n                <span class=\"counter\">1<\/span>\n                <p class=\"counted-content\">Taotluse esitamise algatus:\r\nMeie uksed ja s\u00fcdamed on alati avatud uutele talentidele. Teie proaktiivne kandideerimine ei ole mitte ainult teretulnud, vaid oodatud.\r\n\r\n<p>\n            <\/div>\n            \n            <div class=\"col-12 col-lg-6 counted-container\">\n                <span class=\"counter\">2<\/span>\n                <p class=\"counted-content\">Loominguline vabadus:\r\nArendage oma t\u00e4ielikku potentsiaali t\u00f6\u00f6keskkonnas, mis soodustab loovust, algatusv\u00f5imet ja iseseisvust.\r\n<p>\n            <\/div>\n            \n            <div class=\"col-12 col-lg-6 counted-container\">\n                <span class=\"counter\">3<\/span>\n                <p class=\"counted-content\">Mitmekesisus ja meeskonnavaim:\r\nSaage osaks meeskonnast, mis elab mitmekesisust ja kus iga inimese panust hinnatakse.\r\n<p>\n            <\/div>\n            \n            <div class=\"col-12 col-lg-6 counted-container\">\n                <span class=\"counter\">4<\/span>\n                <p class=\"counted-content\">Paindlikud t\u00f6\u00f6tingimused:\r\nNautige vabadust korraldada oma t\u00f6\u00f6meetodid ja t\u00f6\u00f6aeg vastavalt oma elustiilile.<p>\n            <\/div>\n            <\/div><\/div>            <link rel=\"stylesheet\" type=\"text\/css\" href=\"https:\/\/www.teleskopeffekt.de\/wp-content\/themes\/boxed-theme\/includes\/blocks\/block_counted\/style.css\">\n            <\/div>\n\n\n<div class=\"row block-1135992589  row-small\">\n\n<div class=\"col col-12 col-lg-6 block-wysiwyg\"style=\"padding-top:50px; padding-bottom:50px;\">\n\n    <h3 style=\"color:#194673; text-align:left;\">Taotluse esitamise algatus:<\/h3>\n    \n    <h-subline style=\"color:#194673; text-align:left;\">Praegu ei ole teile sobivat vaba ametikohta kuulutatud?<\/h-subline>\n    <p>Isegi kui praegu ei ole \u00fchtegi ametikohta v\u00e4lja kuulutatud, n\u00e4eme igas avalduses potentsiaali tulevikuv\u00f5imalusteks. N\u00e4idake meile, mis teid ajendab ja kuidas saate meie universumit rikastada.<\/p>\n<p>TeleskopEffekt GmbH on midagi enamat kui lihtsalt t\u00f6\u00f6koht; see on kogukond, mida ajendavad uudishimu, kirg ja soov muuta maailm paremaks. Siin saate vabalt m\u00f5elda, loovalt t\u00f6\u00f6tada ja saada osaks millestki t\u00f5eliselt ainulaadsest. Kui oled valmis koos meiega l\u00e4bi teleskoobi vaatama helgesse tulevikku, kandideeri kohe. Me ei j\u00f5ua \u00e4ra oodata, et sind tundma \u00f5ppida ja koos uusi horisonte avastada.<\/p>\n \n      <div class=\"block-links\" style=\"text-align:left;\"><a class=\"btn btn-primary hero-link-first ext\" href=\"https:\/\/share-eu1.hsforms.com\/14dMXm4DKRZyeo2ZM8DXGtQ2dd7dn\" target=\"\">V\u00d5TA \u00dcHENDUST<\/a>\n      <\/div>\n  <\/div>            <link rel=\"stylesheet\" type=\"text\/css\" href=\"https:\/\/www.teleskopeffekt.de\/wp-content\/themes\/boxed-theme\/includes\/blocks\/block_wysiwyg\/style.css\">\n            \n<div class=\"col col-12 col-lg-6 block-image block-hover-effect\"style=\"padding-top:50px; padding-bottom:50px;\">\n\n    <img decoding=\"async\" class=\"desk-img\" src=\"https:\/\/www.teleskopeffekt.de\/wp-content\/uploads\/2024\/01\/TeleskopEffekt020-scaled-960x640.jpg\" alt=\"\" loading=\"lazy\">\n    <img decoding=\"async\" class=\"mob-img\" src=\"https:\/\/www.teleskopeffekt.de\/wp-content\/uploads\/2024\/01\/TeleskopEffekt020-scaled-576x384.jpg\" alt=\"\" loading=\"lazy\">\n    <\/div>\n\n\n            <link rel=\"stylesheet\" type=\"text\/css\" href=\"https:\/\/www.teleskopeffekt.de\/wp-content\/themes\/boxed-theme\/includes\/blocks\/block_image\/style.css\">\n            <\/div>\n\n\n<div class=\"row block-1942271715 rmt rmb row-small\">\n\n<div class=\"col col-12 col-lg-12 block-contact-person block-hover-effect\"style=\"padding-top:50px; padding-bottom:50px;\">\n<div class=\"row\">\n        <div class=\"col-12 col-lg-6 thumb-container\">\n        <img decoding=\"async\" data-no-translation src=\"https:\/\/www.teleskopeffekt.de\/wp-content\/uploads\/2024\/01\/Team-Webseite.jpg\">\n        <img decoding=\"async\" data-no-translation class=\"frame-loops\" src=\"\/wp-content\/themes\/boxed-theme\/includes\/media\/theme-icons\/image-frame-loops.svg\">\n        <\/div>\n        <div class=\"col-12 col-lg-6 content-container\">\n            <div class=\"contact-pers-head\">\n                <span class=\"contact-pers-title\">\n                    Dominik Baumann\n                <\/span>\n                <span class=\"contact-pers-job\">\n                    Tegevdirektor\n                <\/span>\n            <\/div>\n            <div class=\"contaact-pers-possibl\">\n                <a href=\"mailto:dominik.baumann@teleskopeffekt.de\"><img decoding=\"async\" class=\"svg-icon icon-mail-outlined\" src=\"https:\/\/www.teleskopeffekt.de\/wp-content\/themes\/boxed-theme\/includes\/media\/icons\/mail-outlined.svg\" alt=\"posti teel\"><\/a><a href=\"https:\/\/www.linkedin.com\/in\/dominik-baumann-de\/\"><img decoding=\"async\" class=\"svg-icon icon-linkedin-fill\" src=\"https:\/\/www.teleskopeffekt.de\/wp-content\/themes\/boxed-theme\/includes\/media\/icons\/linkedin-fill.svg\" alt=\"linkedin-fill\"><\/a>\n            <\/div>\n           <a class=\"btn btn-cta\"href=\"mailto:dominik.baumann@teleskopeffekt.de\">JETZT KONTAKT AUFNEHMEN<\/a>\n        <\/div>\n        <script type=\"application\/ld+json\">{\n    \"@context\": \"https:\\\/\\\/schema.org\\\/\",\n    \"@type\": \"Person\",\n    \"name\": \"Dominik Baumann\",\n    \"jobTitle\": \"Gesch\\u00e4ftsf\\u00fchrer\",\n    \"url\": \"https:\\\/\\\/www.teleskopeffekt.de\\\/et\\\/team\\\/dominik-baumann\\\/\",\n    \"image\": \"https:\\\/\\\/www.teleskopeffekt.de\\\/wp-content\\\/uploads\\\/2024\\\/01\\\/Team-Webseite.jpg\",\n    \"sameAs\": \"https:\\\/\\\/www.linkedin.com\\\/in\\\/dominik-baumann-de\\\/\",\n    \"worksFor\": {\n        \"@type\": \"Organization\",\n        \"name\": \"TeleskopEffekt GmbH\"\n    }\n}<\/script>\n\n    <\/div>\n<\/div>            <link rel=\"stylesheet\" type=\"text\/css\" href=\"https:\/\/www.teleskopeffekt.de\/wp-content\/themes\/boxed-theme\/includes\/blocks\/block_contact_person\/style.css\">\n            <\/div>\n\n\n<div class=\"row block-1554227958 rmt rmb row-small-back-overfl no-overflow\" style=\"background:#194673;\">\n\n    \n    <h6 style=\"color:#ffffff; text-align:center;\">Me ei j\u00f5ua \u00e4ra oodata, et teid tundma \u00f5ppida ja koos uusi horisonte avastada.<\/h6>\n    \n    \n    <style>\n    .block-wysiwyg.ident43724578 p,\n    .block-wysiwyg.ident43724578 span {\n     color:#ffffff;\n    }\n    <\/style>\n    \n<div class=\"col col-12 col-lg-12 block-wysiwyg ident43724578\" style=\"color:#ffffff;\">\n<p style=\"text-align: center\">V\u00f5tke meiega \u00fchendust ja loome koos inspireerivaid uuendusi.<\/p>\n \n      <div class=\"block-links\" style=\"text-align:center;\"><a class=\"btn btn-cta-inv hero-link-first ext\" href=\"https:\/\/share-eu1.hsforms.com\/14dMXm4DKRZyeo2ZM8DXGtQ2dd7dn\" target=\"\">V\u00d5TA \u00dcHENDUST<\/a>\n      <\/div>\n  <\/div>            <link rel=\"stylesheet\" type=\"text\/css\" href=\"https:\/\/www.teleskopeffekt.de\/wp-content\/themes\/boxed-theme\/includes\/blocks\/block_wysiwyg\/style.css\">\n            <\/div>","protected":false},"excerpt":{"rendered":"","protected":false},"author":4,"featured_media":0,"parent":241,"menu_order":0,"comment_status":"closed","ping_status":"closed","template":"page-standard.php","meta":{"_acf_changed":true,"content-type":"","_price":"","_stock":"","_tribe_ticket_header":"","_tribe_default_ticket_provider":"","_tribe_ticket_capacity":"0","_ticket_start_date":"","_ticket_end_date":"","_tribe_ticket_show_description":"","_tribe_ticket_show_not_going":false,"_tribe_ticket_use_global_stock":"","_tribe_ticket_global_stock_level":"","_global_stock_mode":"","_global_stock_cap":"","_tribe_rsvp_for_event":"","_tribe_ticket_going_count":"","_tribe_ticket_not_going_count":"","_tribe_tickets_list":"[]","_tribe_ticket_has_attendee_info_fields":false,"footnotes":""},"class_list":["post-3463","page","type-page","status-publish","hentry"],"acf":[],"yoast_head":"<!-- This site is optimized with the Yoast SEO plugin v27.2 - https:\/\/yoast.com\/product\/yoast-seo-wordpress\/ -->\n<title>Karriere - Teleskopeffekt | Innovation f\u00fcr Bank &amp; Mittelstand<\/title>\n<meta name=\"robots\" content=\"index, follow, max-snippet:-1, max-image-preview:large, max-video-preview:-1\" \/>\n<link rel=\"canonical\" href=\"https:\/\/www.teleskopeffekt.de\/et\/meist\/karjaeaer\/\" \/>\n<meta property=\"og:locale\" content=\"et_EE\" \/>\n<meta property=\"og:type\" content=\"article\" \/>\n<meta property=\"og:title\" content=\"Karriere - Teleskopeffekt | Innovation f\u00fcr Bank &amp; Mittelstand\" \/>\n<meta property=\"og:url\" content=\"https:\/\/www.teleskopeffekt.de\/et\/meist\/karjaeaer\/\" \/>\n<meta property=\"og:site_name\" content=\"Teleskopeffekt | Innovation f\u00fcr Bank &amp; Mittelstand\" \/>\n<meta property=\"article:modified_time\" content=\"2024-12-02T07:31:51+00:00\" \/>\n<meta name=\"twitter:card\" content=\"summary_large_image\" \/>\n<script type=\"application\/ld+json\" class=\"yoast-schema-graph\">{\"@context\":\"https:\/\/schema.org\",\"@graph\":[{\"@type\":\"WebPage\",\"@id\":\"https:\/\/www.teleskopeffekt.de\/ueber-uns\/karriere\/\",\"url\":\"https:\/\/www.teleskopeffekt.de\/ueber-uns\/karriere\/\",\"name\":\"Karriere - Teleskopeffekt | Innovation f\u00fcr Bank &amp; Mittelstand\",\"isPartOf\":{\"@id\":\"https:\/\/www.teleskopeffekt.de\/#website\"},\"datePublished\":\"2024-03-01T19:02:01+00:00\",\"dateModified\":\"2024-12-02T07:31:51+00:00\",\"breadcrumb\":{\"@id\":\"https:\/\/www.teleskopeffekt.de\/ueber-uns\/karriere\/#breadcrumb\"},\"inLanguage\":\"et\",\"potentialAction\":[{\"@type\":\"ReadAction\",\"target\":[\"https:\/\/www.teleskopeffekt.de\/ueber-uns\/karriere\/\"]}]},{\"@type\":\"BreadcrumbList\",\"@id\":\"https:\/\/www.teleskopeffekt.de\/ueber-uns\/karriere\/#breadcrumb\",\"itemListElement\":[{\"@type\":\"ListItem\",\"position\":1,\"name\":\"Teleskopeffekt\",\"item\":\"https:\/\/www.teleskopeffekt.de\/\"},{\"@type\":\"ListItem\",\"position\":2,\"name\":\"\u00dcber uns\",\"item\":\"https:\/\/www.teleskopeffekt.de\/ueber-uns\/\"},{\"@type\":\"ListItem\",\"position\":3,\"name\":\"Karriere\"}]},{\"@type\":\"WebSite\",\"@id\":\"https:\/\/www.teleskopeffekt.de\/#website\",\"url\":\"https:\/\/www.teleskopeffekt.de\/\",\"name\":\"Teleskopeffekt | Innovation f\u00fcr Bank &amp; Mittelstand\",\"description\":\"\",\"potentialAction\":[{\"@type\":\"SearchAction\",\"target\":{\"@type\":\"EntryPoint\",\"urlTemplate\":\"https:\/\/www.teleskopeffekt.de\/?s={search_term_string}\"},\"query-input\":{\"@type\":\"PropertyValueSpecification\",\"valueRequired\":true,\"valueName\":\"search_term_string\"}}],\"inLanguage\":\"et\"}]}<\/script>\n<!-- \/ Yoast SEO plugin. -->","yoast_head_json":{"title":"Karj\u00e4\u00e4r - Teleskoopi efekt | Innovatsioon pankade ja VKEde jaoks","robots":{"index":"index","follow":"follow","max-snippet":"max-snippet:-1","max-image-preview":"max-image-preview:large","max-video-preview":"max-video-preview:-1"},"canonical":"https:\/\/www.teleskopeffekt.de\/et\/meist\/karjaeaer\/","og_locale":"et_EE","og_type":"article","og_title":"Karriere - Teleskopeffekt | Innovation f\u00fcr Bank &amp; Mittelstand","og_url":"https:\/\/www.teleskopeffekt.de\/et\/meist\/karjaeaer\/","og_site_name":"Teleskopeffekt | Innovation f\u00fcr Bank &amp; Mittelstand","article_modified_time":"2024-12-02T07:31:51+00:00","twitter_card":"summary_large_image","schema":{"@context":"https:\/\/schema.org","@graph":[{"@type":"WebPage","@id":"https:\/\/www.teleskopeffekt.de\/ueber-uns\/karriere\/","url":"https:\/\/www.teleskopeffekt.de\/ueber-uns\/karriere\/","name":"Karj\u00e4\u00e4r - Teleskoopi efekt | Innovatsioon pankade ja VKEde jaoks","isPartOf":{"@id":"https:\/\/www.teleskopeffekt.de\/#website"},"datePublished":"2024-03-01T19:02:01+00:00","dateModified":"2024-12-02T07:31:51+00:00","breadcrumb":{"@id":"https:\/\/www.teleskopeffekt.de\/ueber-uns\/karriere\/#breadcrumb"},"inLanguage":"et","potentialAction":[{"@type":"ReadAction","target":["https:\/\/www.teleskopeffekt.de\/ueber-uns\/karriere\/"]}]},{"@type":"BreadcrumbList","@id":"https:\/\/www.teleskopeffekt.de\/ueber-uns\/karriere\/#breadcrumb","itemListElement":[{"@type":"ListItem","position":1,"name":"Teleskopeffekt","item":"https:\/\/www.teleskopeffekt.de\/"},{"@type":"ListItem","position":2,"name":"\u00dcber uns","item":"https:\/\/www.teleskopeffekt.de\/ueber-uns\/"},{"@type":"ListItem","position":3,"name":"Karriere"}]},{"@type":"WebSite","@id":"https:\/\/www.teleskopeffekt.de\/#website","url":"https:\/\/www.teleskopeffekt.de\/","name":"Teleskoobiefekt | Innovatsioon pankade ja VKEde jaoks","description":"","potentialAction":[{"@type":"SearchAction","target":{"@type":"EntryPoint","urlTemplate":"https:\/\/www.teleskopeffekt.de\/?s={search_term_string}"},"query-input":{"@type":"PropertyValueSpecification","valueRequired":true,"valueName":"search_term_string"}}],"inLanguage":"et"}]}},"_links":{"self":[{"href":"https:\/\/www.teleskopeffekt.de\/et\/wp-json\/wp\/v2\/pages\/3463","targetHints":{"allow":["GET"]}}],"collection":[{"href":"https:\/\/www.teleskopeffekt.de\/et\/wp-json\/wp\/v2\/pages"}],"about":[{"href":"https:\/\/www.teleskopeffekt.de\/et\/wp-json\/wp\/v2\/types\/page"}],"author":[{"embeddable":true,"href":"https:\/\/www.teleskopeffekt.de\/et\/wp-json\/wp\/v2\/users\/4"}],"replies":[{"embeddable":true,"href":"https:\/\/www.teleskopeffekt.de\/et\/wp-json\/wp\/v2\/comments?post=3463"}],"version-history":[{"count":0,"href":"https:\/\/www.teleskopeffekt.de\/et\/wp-json\/wp\/v2\/pages\/3463\/revisions"}],"up":[{"embeddable":true,"href":"https:\/\/www.teleskopeffekt.de\/et\/wp-json\/wp\/v2\/pages\/241"}],"wp:attachment":[{"href":"https:\/\/www.teleskopeffekt.de\/et\/wp-json\/wp\/v2\/media?parent=3463"}],"curies":[{"name":"wp","href":"https:\/\/api.w.org\/{rel}","templated":true}]}}