{"id":329,"date":"2023-11-27T10:47:03","date_gmt":"2023-11-27T09:47:03","guid":{"rendered":"http:\/\/teleskopeffekt.de.domainpreview.eu\/?page_id=329"},"modified":"2024-03-15T10:22:51","modified_gmt":"2024-03-15T09:22:51","slug":"jaeljend","status":"publish","type":"page","link":"https:\/\/www.teleskopeffekt.de\/et\/impressum\/","title":{"rendered":"J\u00e4lg"},"content":{"rendered":"<div class=\"row block-778158372\">\n<\/div>\n\n\n<div class=\"row block-625486571\">\n\n<div class=\"col col-12 col-lg-12 block-wysiwyg\">\n<p>TeleskopEffekt GmbH<br \/>\nBahnhofstra\u00dfe 32<br \/>\n09648 Mittweida<\/p>\n<p>\u00c4riregister: HRB 24990<br \/>\nRegistrikohus: Chemnitzi kohalik kohus<\/p>\n<p><strong>Esindab:<\/strong><br \/>\nProf Leonhard Zintl<br \/>\nDr. Benjamin Zeitler<br \/>\nMichael Schlagenhaufer<br \/>\nDominik Baumann<br \/>\nProf. dr Alexander Knauer<\/p>\n<h3>V\u00f5tke meiega \u00fchendust<\/h3>\n<p>Telefon: +49 (0) 3727 \/ 5654800<br \/>\nE-post: info@teleskopeffekt.de<\/p>\n<h3>M\u00fc\u00fcgimaksu ID<\/h3>\n<p>M\u00fc\u00fcgimaksu identifitseerimisnumber vastavalt m\u00fc\u00fcgimaksu seaduse \u00a7 27 a:<br \/>\nDE265090176<\/p>\n<h3>Tarbijavaidluste lahendamise \/ universaalne vahekohtu keskus<\/h3>\n<p>Me ei soovi ega ole kohustatud osalema vaidluste lahendamise menetluses tarbijakohtus.<\/p>\n<h3>Veebidisain ja tehniline teostus<\/h3>\n<p>advance.media - Die Ideenk\u00fcche GmbH<br \/>\n<a href=\"https:\/\/www.advance-media.de\" target=\"_blank\" rel=\"noopener\">www.advance-media.de<\/a><\/p>\n<\/div>            <link rel=\"stylesheet\" type=\"text\/css\" href=\"https:\/\/www.teleskopeffekt.de\/wp-content\/themes\/boxed-theme\/includes\/blocks\/block_wysiwyg\/style.css\">\n            <\/div>","protected":false},"excerpt":{"rendered":"","protected":false},"author":3,"featured_media":0,"parent":0,"menu_order":0,"comment_status":"closed","ping_status":"closed","template":"page-standard.php","meta":{"_acf_changed":false,"content-type":"","_price":"","_stock":"","_tribe_ticket_header":"","_tribe_default_ticket_provider":"","_tribe_ticket_capacity":"0","_ticket_start_date":"","_ticket_end_date":"","_tribe_ticket_show_description":"","_tribe_ticket_show_not_going":false,"_tribe_ticket_use_global_stock":"","_tribe_ticket_global_stock_level":"","_global_stock_mode":"","_global_stock_cap":"","_tribe_rsvp_for_event":"","_tribe_ticket_going_count":"","_tribe_ticket_not_going_count":"","_tribe_tickets_list":"[]","_tribe_ticket_has_attendee_info_fields":false,"footnotes":""},"class_list":["post-329","page","type-page","status-publish","hentry"],"acf":[],"yoast_head":"<!-- This site is optimized with the Yoast SEO plugin v27.2 - https:\/\/yoast.com\/product\/yoast-seo-wordpress\/ -->\n<title>Impressum - Teleskopeffekt | Innovation f\u00fcr Bank &amp; Mittelstand<\/title>\n<meta name=\"robots\" content=\"index, follow, max-snippet:-1, max-image-preview:large, max-video-preview:-1\" \/>\n<link rel=\"canonical\" href=\"https:\/\/www.teleskopeffekt.de\/et\/jaeljend\/\" \/>\n<meta property=\"og:locale\" content=\"et_EE\" \/>\n<meta property=\"og:type\" content=\"article\" \/>\n<meta property=\"og:title\" content=\"Impressum - Teleskopeffekt | Innovation f\u00fcr Bank &amp; Mittelstand\" \/>\n<meta property=\"og:url\" content=\"https:\/\/www.teleskopeffekt.de\/et\/jaeljend\/\" \/>\n<meta property=\"og:site_name\" content=\"Teleskopeffekt | Innovation f\u00fcr Bank &amp; Mittelstand\" \/>\n<meta property=\"article:modified_time\" content=\"2024-03-15T09:22:51+00:00\" \/>\n<meta name=\"twitter:card\" content=\"summary_large_image\" \/>\n<script type=\"application\/ld+json\" class=\"yoast-schema-graph\">{\"@context\":\"https:\/\/schema.org\",\"@graph\":[{\"@type\":\"WebPage\",\"@id\":\"https:\/\/www.teleskopeffekt.de\/impressum\/\",\"url\":\"https:\/\/www.teleskopeffekt.de\/impressum\/\",\"name\":\"Impressum - Teleskopeffekt | Innovation f\u00fcr Bank &amp; Mittelstand\",\"isPartOf\":{\"@id\":\"https:\/\/www.teleskopeffekt.de\/#website\"},\"datePublished\":\"2023-11-27T09:47:03+00:00\",\"dateModified\":\"2024-03-15T09:22:51+00:00\",\"breadcrumb\":{\"@id\":\"https:\/\/www.teleskopeffekt.de\/impressum\/#breadcrumb\"},\"inLanguage\":\"et\",\"potentialAction\":[{\"@type\":\"ReadAction\",\"target\":[\"https:\/\/www.teleskopeffekt.de\/impressum\/\"]}]},{\"@type\":\"BreadcrumbList\",\"@id\":\"https:\/\/www.teleskopeffekt.de\/impressum\/#breadcrumb\",\"itemListElement\":[{\"@type\":\"ListItem\",\"position\":1,\"name\":\"Teleskopeffekt\",\"item\":\"https:\/\/www.teleskopeffekt.de\/\"},{\"@type\":\"ListItem\",\"position\":2,\"name\":\"Impressum\"}]},{\"@type\":\"WebSite\",\"@id\":\"https:\/\/www.teleskopeffekt.de\/#website\",\"url\":\"https:\/\/www.teleskopeffekt.de\/\",\"name\":\"Teleskopeffekt | Innovation f\u00fcr Bank &amp; Mittelstand\",\"description\":\"\",\"potentialAction\":[{\"@type\":\"SearchAction\",\"target\":{\"@type\":\"EntryPoint\",\"urlTemplate\":\"https:\/\/www.teleskopeffekt.de\/?s={search_term_string}\"},\"query-input\":{\"@type\":\"PropertyValueSpecification\",\"valueRequired\":true,\"valueName\":\"search_term_string\"}}],\"inLanguage\":\"et\"}]}<\/script>\n<!-- \/ Yoast SEO plugin. -->","yoast_head_json":{"title":"J\u00e4lg - Teleskoopi efekt | Innovatsioon pankadele ja VKEdele","robots":{"index":"index","follow":"follow","max-snippet":"max-snippet:-1","max-image-preview":"max-image-preview:large","max-video-preview":"max-video-preview:-1"},"canonical":"https:\/\/www.teleskopeffekt.de\/et\/jaeljend\/","og_locale":"et_EE","og_type":"article","og_title":"Impressum - Teleskopeffekt | Innovation f\u00fcr Bank &amp; Mittelstand","og_url":"https:\/\/www.teleskopeffekt.de\/et\/jaeljend\/","og_site_name":"Teleskopeffekt | Innovation f\u00fcr Bank &amp; Mittelstand","article_modified_time":"2024-03-15T09:22:51+00:00","twitter_card":"summary_large_image","schema":{"@context":"https:\/\/schema.org","@graph":[{"@type":"WebPage","@id":"https:\/\/www.teleskopeffekt.de\/impressum\/","url":"https:\/\/www.teleskopeffekt.de\/impressum\/","name":"J\u00e4lg - Teleskoopi efekt | Innovatsioon pankadele ja VKEdele","isPartOf":{"@id":"https:\/\/www.teleskopeffekt.de\/#website"},"datePublished":"2023-11-27T09:47:03+00:00","dateModified":"2024-03-15T09:22:51+00:00","breadcrumb":{"@id":"https:\/\/www.teleskopeffekt.de\/impressum\/#breadcrumb"},"inLanguage":"et","potentialAction":[{"@type":"ReadAction","target":["https:\/\/www.teleskopeffekt.de\/impressum\/"]}]},{"@type":"BreadcrumbList","@id":"https:\/\/www.teleskopeffekt.de\/impressum\/#breadcrumb","itemListElement":[{"@type":"ListItem","position":1,"name":"Teleskopeffekt","item":"https:\/\/www.teleskopeffekt.de\/"},{"@type":"ListItem","position":2,"name":"Impressum"}]},{"@type":"WebSite","@id":"https:\/\/www.teleskopeffekt.de\/#website","url":"https:\/\/www.teleskopeffekt.de\/","name":"Teleskoobiefekt | Innovatsioon pankade ja VKEde jaoks","description":"","potentialAction":[{"@type":"SearchAction","target":{"@type":"EntryPoint","urlTemplate":"https:\/\/www.teleskopeffekt.de\/?s={search_term_string}"},"query-input":{"@type":"PropertyValueSpecification","valueRequired":true,"valueName":"search_term_string"}}],"inLanguage":"et"}]}},"_links":{"self":[{"href":"https:\/\/www.teleskopeffekt.de\/et\/wp-json\/wp\/v2\/pages\/329","targetHints":{"allow":["GET"]}}],"collection":[{"href":"https:\/\/www.teleskopeffekt.de\/et\/wp-json\/wp\/v2\/pages"}],"about":[{"href":"https:\/\/www.teleskopeffekt.de\/et\/wp-json\/wp\/v2\/types\/page"}],"author":[{"embeddable":true,"href":"https:\/\/www.teleskopeffekt.de\/et\/wp-json\/wp\/v2\/users\/3"}],"replies":[{"embeddable":true,"href":"https:\/\/www.teleskopeffekt.de\/et\/wp-json\/wp\/v2\/comments?post=329"}],"version-history":[{"count":0,"href":"https:\/\/www.teleskopeffekt.de\/et\/wp-json\/wp\/v2\/pages\/329\/revisions"}],"wp:attachment":[{"href":"https:\/\/www.teleskopeffekt.de\/et\/wp-json\/wp\/v2\/media?parent=329"}],"curies":[{"name":"wp","href":"https:\/\/api.w.org\/{rel}","templated":true}]}}