{"id":323,"date":"2023-11-27T10:45:48","date_gmt":"2023-11-27T09:45:48","guid":{"rendered":"http:\/\/teleskopeffekt.de.domainpreview.eu\/?page_id=323"},"modified":"2024-05-27T11:30:23","modified_gmt":"2024-05-27T09:30:23","slug":"viited","status":"publish","type":"page","link":"https:\/\/www.teleskopeffekt.de\/et\/referenzen\/","title":{"rendered":"Viited"},"content":{"rendered":"\n<div class=\"row block-1543711066 rmt rmb row-small \">\n\n<div class=\"col col-12 col-lg-12 block-big-buttons\">\n<a class=\"big-button button-bank\" href=\"https:\/\/www.teleskopeffekt.de\/news\/alle\/\"target=\"\">News<div class=\"hover-flex-intend\"><\/div><img decoding=\"async\" src=\"\/wp-content\/themes\/boxed-theme\/includes\/media\/icons\/arrow-forward.svg\" alt=\"\"><\/a><a class=\"big-button button-bank\" href=\"https:\/\/www.teleskopeffekt.de\/referenzen-name-aendert-sich-noch\/buch-podcast\/\"target=\"\">Buch &amp; Podcast<div class=\"hover-flex-intend\"><\/div><img decoding=\"async\" src=\"\/wp-content\/themes\/boxed-theme\/includes\/media\/icons\/arrow-forward.svg\" alt=\"\"><\/a><a class=\"big-button button-bank\" href=\"https:\/\/www.teleskopeffekt.de\/veranstaltungen\/\"target=\"\">Veranstaltungen<div class=\"hover-flex-intend\"><\/div><img decoding=\"async\" src=\"\/wp-content\/themes\/boxed-theme\/includes\/media\/icons\/arrow-forward.svg\" alt=\"\"><\/a><\/div>\n<img decoding=\"async\" src=\"\" alt=\"\">            <link rel=\"stylesheet\" type=\"text\/css\" href=\"https:\/\/www.teleskopeffekt.de\/wp-content\/themes\/boxed-theme\/includes\/blocks\/block_big_buttons\/style.css\">\n            <\/div>\n\n\n<div class=\"row block-2064153054  row-small \">\n\n<div class=\"col col-12 col-lg-6 block-image block-hover-effect\"style=\"padding-right:0px; padding-left: 0px;\">\n\n    <img decoding=\"async\" class=\"desk-img\" src=\"https:\/\/www.teleskopeffekt.de\/wp-content\/uploads\/2024\/02\/18-1-960x540.jpg\" alt=\"\" loading=\"lazy\">\n    <img decoding=\"async\" class=\"mob-img\" src=\"https:\/\/www.teleskopeffekt.de\/wp-content\/uploads\/2024\/02\/18-1-576x324.jpg\" alt=\"\" loading=\"lazy\">\n    <\/div>\n\n\n            <link rel=\"stylesheet\" type=\"text\/css\" href=\"https:\/\/www.teleskopeffekt.de\/wp-content\/themes\/boxed-theme\/includes\/blocks\/block_image\/style.css\">\n            \n<div class=\"col col-12 col-lg-6 block-wysiwyg\">\n\n    <h4 style=\" text-align:left;\">Entdecke die Geschichten hinter dem Erfolg<\/h4>\n    \n    <h-subline style=\" text-align:left;\">Inspiration, Erkenntnisse und Motivation aus erster Hand<\/h-subline>\n    <p>In einer Welt, die sich st\u00e4ndig wandelt, ist es unsere Mission, Wissen, Inspiration und praktische Einblicke zu teilen, die dich in deinem beruflichen und pers\u00f6nlichen Wachstum unterst\u00fctzen.<\/p>\n<p>Unter &#8222;Referenzen&#8220; findest du eine Sammlung von Geschichten, Erfahrungen und Ressourcen, die dich motivieren, informieren und dazu anregen, neue Wege zu gehen. Von tiefgr\u00fcndigen Einblicken in unsere neuesten Projekte bis hin zu inspirierenden Geschichten unserer Partner und Kunden \u2013 hier ist f\u00fcr jeden etwas dabei.<\/p>\n \n      <div class=\"block-links\" style=\"text-align:left;\"><a class=\"btn btn-cta hero-link-first\" href=\"#Referenzen\" target=\"\">Mehr <\/a>\n      <\/div>\n  <\/div>            <link rel=\"stylesheet\" type=\"text\/css\" href=\"https:\/\/www.teleskopeffekt.de\/wp-content\/themes\/boxed-theme\/includes\/blocks\/block_wysiwyg\/style.css\">\n            <\/div>\n\n\n<div class=\"row block-1334880831 rmt rmb row-small \">\n\n<div class=\"col col-12 col-lg-12 block-counted\">\n<div class=\"row\">\n            <div class=\"col-12 col-lg-6 counted-container\">\n                <span class=\"counter\">1<\/span>\n                <p class=\"counted-content\">News: \r\nBleibe auf dem Laufenden mit unseren regelm\u00e4\u00dfigen Updates, die dir frische Perspektiven, Branchennews und Highlights aus unseren Veranstaltungen bieten.<p>\n            <\/div>\n            \n            <div class=\"col-12 col-lg-6 counted-container\">\n                <span class=\"counter\">2<\/span>\n                <p class=\"counted-content\">Buch &amp; Podcast: \r\nTauche tiefer ein in die MutOffensive, unser Herzst\u00fcck f\u00fcr Motivation und Ver\u00e4nderung. Erfahre, wie du Herausforderungen begegnen und deine Ziele mit Entschlossenheit verfolgen kannst.<p>\n            <\/div>\n            \n            <div class=\"col-12 col-lg-6 counted-container\">\n                <span class=\"counter\">3<\/span>\n                <p class=\"counted-content\">Erfolgsgeschichten: \r\nLass dich inspirieren von den Erfolgen und Meilensteinen, die wir gemeinsam mit unseren Partnern und Kunden erreicht haben. Jede Geschichte ist ein Beweis daf\u00fcr, was m\u00f6glich ist, wenn Visionen auf Expertise treffen.<p>\n            <\/div>\n            \n            <div class=\"col-12 col-lg-6 counted-container\">\n                <span class=\"counter\">4<\/span>\n                <p class=\"counted-content\">Veranstaltungen: \r\nSei live dabei, wenn wir Wissen teilen, Netzwerke kn\u00fcpfen und gemeinsam Neues entdecken. Unsere Veranstaltungen sind eine Plattform f\u00fcr Austausch, Lernen und Inspiration.<p>\n            <\/div>\n            <\/div><\/div>            <link rel=\"stylesheet\" type=\"text\/css\" href=\"https:\/\/www.teleskopeffekt.de\/wp-content\/themes\/boxed-theme\/includes\/blocks\/block_counted\/style.css\">\n            <\/div>\n\n\n<div id=\"Referenzen\" class=\"row block-305361698  row-small \">\n\n<div class=\"col col-12 col-lg-6 block-wysiwyg\"style=\"padding-top:50px; padding-bottom:50px;\">\n\n    <h3 style=\"color:#194673; text-align:left;\">Referenzen<\/h3>\n    \n    <h-subline style=\"color:#194673; text-align:left;\">Bietet dir umfassenden Einblick in die Welt der TeleskopEffekt GmbH und der Werkbank32.<\/h-subline>\n    <p>Du erh\u00e4ltst Zugang zu einer Vielzahl von Ressourcen, die deine Neugier wecken und dir helfen, auf dem Weg zur Verwirklichung deiner Ziele voranzukommen.<\/p>\n<p><strong>Ob durch anregende Artikel, motivierende Geschichten oder lehrreiche Events \u2013 wir sind hier, um dich zu unterst\u00fctzen.<\/strong><\/p>\n<p>Diese Seite ist dein Tor zu einer Welt voller Inspiration, Erkenntnisse und Erfolgsgeschichten. Es ist ein Zeugnis unserer gemeinsamen Reise mit Partnern, Kunden und der gesamten Community. Tauche ein in die Erfahrungen, die uns geformt haben, und entdecke, wie du selbst Teil dieser fortlaufenden Erfolgsgeschichte werden kannst. Lass dich inspirieren, motivieren und sei bereit, deine eigenen Erfolgsgeschichten zu schreiben.<\/p>\n \n      <div class=\"block-links\" style=\"text-align:left;\"><a class=\"btn btn-primary hero-link-first ext\" href=\"https:\/\/share-eu1.hsforms.com\/14dMXm4DKRZyeo2ZM8DXGtQ2dd7dn\" target=\"\">Fragen<\/a>\n      <\/div>\n  <\/div>            <link rel=\"stylesheet\" type=\"text\/css\" href=\"https:\/\/www.teleskopeffekt.de\/wp-content\/themes\/boxed-theme\/includes\/blocks\/block_wysiwyg\/style.css\">\n            \n<div class=\"col col-12 col-lg-6 block-image block-hover-effect\"style=\"padding-top:50px; padding-bottom:50px;\">\n\n    <img decoding=\"async\" class=\"desk-img\" src=\"https:\/\/www.teleskopeffekt.de\/wp-content\/uploads\/2023\/12\/71-Portraits_071-scaled-960x720.jpg\" alt=\"\" loading=\"lazy\">\n    <img decoding=\"async\" class=\"mob-img\" src=\"https:\/\/www.teleskopeffekt.de\/wp-content\/uploads\/2023\/12\/71-Portraits_071-scaled-576x432.jpg\" alt=\"\" loading=\"lazy\">\n    <\/div>\n\n\n            <link rel=\"stylesheet\" type=\"text\/css\" href=\"https:\/\/www.teleskopeffekt.de\/wp-content\/themes\/boxed-theme\/includes\/blocks\/block_image\/style.css\">\n            <\/div>\n\n\n<div class=\"row block-1063891410 rmt rmb row-small \">\n\n<div class=\"col col-12 col-lg-12 block-contact-person block-hover-effect\">\n<div class=\"row\">\n        <div class=\"col-12 col-lg-6 thumb-container\">\n        <img decoding=\"async\" data-no-translation src=\"https:\/\/www.teleskopeffekt.de\/wp-content\/uploads\/2024\/02\/tanja-speck-500.jpg\">\n        <img decoding=\"async\" data-no-translation class=\"frame-loops\" src=\"\/wp-content\/themes\/boxed-theme\/includes\/media\/theme-icons\/image-frame-loops.svg\">\n        <\/div>\n        <div class=\"col-12 col-lg-6 content-container\">\n            <div class=\"contact-pers-head\">\n                <span class=\"contact-pers-title\">\n                    Tanja Speck\n                <\/span>\n                <span class=\"contact-pers-job\">\n                    Partnermanagement \n                <\/span>\n            <\/div>\n            <div class=\"contaact-pers-possibl\">\n                <a href=\"mailto:tanja.speck@teleskopeffekt.de\"><img decoding=\"async\" class=\"svg-icon icon-mail-outlined\" src=\"https:\/\/www.teleskopeffekt.de\/wp-content\/themes\/boxed-theme\/includes\/media\/icons\/mail-outlined.svg\" alt=\"mail-outlined\"><\/a><a href=\"https:\/\/www.linkedin.com\/in\/tanjaspeck\/\"><img decoding=\"async\" class=\"svg-icon icon-linkedin-fill\" src=\"https:\/\/www.teleskopeffekt.de\/wp-content\/themes\/boxed-theme\/includes\/media\/icons\/linkedin-fill.svg\" alt=\"linkedin-fill\"><\/a>\n            <\/div>\n           <a class=\"btn btn-cta\"href=\"mailto:tanja.speck@teleskopeffekt.de\">JETZT KONTAKT AUFNEHMEN<\/a>\n        <\/div>\n        <script type=\"application\/ld+json\">\n        {\n        \"@context\": \"https:\/\/schema.org\/\",\n        \"@type\": \"Person\",\n        \"name\": \"Tanja Speck\",\n        \"jobTitle\": \"Partnermanagement \",\n        \"url\": \"https:\/\/www.teleskopeffekt.de\/et\/team\/tanja-speck\/\",\n        \"image\": \"https:\/\/www.teleskopeffekt.de\/wp-content\/uploads\/2024\/02\/tanja-speck-500.jpg\",\n        \"sameAs\": \"https:\/\/www.linkedin.com\/in\/tanjaspeck\/\",\n        \"worksFor\": {\n            \"@type\": \"Organization\",\n            \"name\": \"TeleskopEffekt GmbH\"\n            }\n        }\n        <\/script>\n\n    <\/div>\n<\/div>            <link rel=\"stylesheet\" type=\"text\/css\" href=\"https:\/\/www.teleskopeffekt.de\/wp-content\/themes\/boxed-theme\/includes\/blocks\/block_contact_person\/style.css\">\n            <\/div>\n\n\n<div class=\"row block-1839472385 rmt rmb  \">\n\n    \n    <h2 style=\" text-align:center;\">TeleskopEffekt bei LinkedIn<\/h2>\n    \n    \n    <h6 style=\" text-align:center;\">#TeleskopEffekt<\/h6>\n    \n<div class=\"col col-12 col-lg-12 block-elfsight\">\n    <script src=\"https:\/\/static.elfsight.com\/platform\/platform.js\" data-use-service-core defer><\/script>\n    [borlabs-cookie id=&#8220;elfsight&#8220; type=&#8220;content-blocker&#8220;]\n    <div class=\"elfsight-app-e29aba91-1101-4932-a403-fdaf1ff329bf\" data-elfsight-app-lazy><\/div> [\/borlabs-cookie]<\/div>            <link rel=\"stylesheet\" type=\"text\/css\" href=\"https:\/\/www.teleskopeffekt.de\/wp-content\/themes\/boxed-theme\/includes\/blocks\/block_elfsight\/style.css\">\n            <\/div>","protected":false},"excerpt":{"rendered":"","protected":false},"author":3,"featured_media":0,"parent":0,"menu_order":0,"comment_status":"closed","ping_status":"closed","template":"page-standard.php","meta":{"_acf_changed":true,"content-type":"","_price":"","_stock":"","_tribe_ticket_header":"","_tribe_default_ticket_provider":"","_tribe_ticket_capacity":"0","_ticket_start_date":"","_ticket_end_date":"","_tribe_ticket_show_description":"","_tribe_ticket_show_not_going":false,"_tribe_ticket_use_global_stock":"","_tribe_ticket_global_stock_level":"","_global_stock_mode":"","_global_stock_cap":"","_tribe_rsvp_for_event":"","_tribe_ticket_going_count":"","_tribe_ticket_not_going_count":"","_tribe_tickets_list":"[]","_tribe_ticket_has_attendee_info_fields":false,"footnotes":""},"class_list":["post-323","page","type-page","status-publish","hentry"],"acf":[],"yoast_head":"<!-- This site is optimized with the Yoast SEO plugin v27.2 - https:\/\/yoast.com\/product\/yoast-seo-wordpress\/ -->\n<title>Referenzen - Teleskopeffekt | Innovation f\u00fcr Bank &amp; Mittelstand<\/title>\n<meta name=\"robots\" content=\"index, follow, max-snippet:-1, max-image-preview:large, max-video-preview:-1\" \/>\n<link rel=\"canonical\" href=\"https:\/\/www.teleskopeffekt.de\/et\/viited\/\" \/>\n<meta property=\"og:locale\" content=\"et_EE\" \/>\n<meta property=\"og:type\" content=\"article\" \/>\n<meta property=\"og:title\" content=\"Referenzen - Teleskopeffekt | Innovation f\u00fcr Bank &amp; Mittelstand\" \/>\n<meta property=\"og:url\" content=\"https:\/\/www.teleskopeffekt.de\/et\/viited\/\" \/>\n<meta property=\"og:site_name\" content=\"Teleskopeffekt | Innovation f\u00fcr Bank &amp; Mittelstand\" \/>\n<meta property=\"article:modified_time\" content=\"2024-05-27T09:30:23+00:00\" \/>\n<meta name=\"twitter:card\" content=\"summary_large_image\" \/>\n<script type=\"application\/ld+json\" class=\"yoast-schema-graph\">{\"@context\":\"https:\/\/schema.org\",\"@graph\":[{\"@type\":\"WebPage\",\"@id\":\"https:\/\/www.teleskopeffekt.de\/referenzen\/\",\"url\":\"https:\/\/www.teleskopeffekt.de\/referenzen\/\",\"name\":\"Referenzen - Teleskopeffekt | Innovation f\u00fcr Bank &amp; Mittelstand\",\"isPartOf\":{\"@id\":\"https:\/\/www.teleskopeffekt.de\/#website\"},\"datePublished\":\"2023-11-27T09:45:48+00:00\",\"dateModified\":\"2024-05-27T09:30:23+00:00\",\"breadcrumb\":{\"@id\":\"https:\/\/www.teleskopeffekt.de\/referenzen\/#breadcrumb\"},\"inLanguage\":\"et\",\"potentialAction\":[{\"@type\":\"ReadAction\",\"target\":[\"https:\/\/www.teleskopeffekt.de\/referenzen\/\"]}]},{\"@type\":\"BreadcrumbList\",\"@id\":\"https:\/\/www.teleskopeffekt.de\/referenzen\/#breadcrumb\",\"itemListElement\":[{\"@type\":\"ListItem\",\"position\":1,\"name\":\"Teleskopeffekt\",\"item\":\"https:\/\/www.teleskopeffekt.de\/\"},{\"@type\":\"ListItem\",\"position\":2,\"name\":\"Referenzen\"}]},{\"@type\":\"WebSite\",\"@id\":\"https:\/\/www.teleskopeffekt.de\/#website\",\"url\":\"https:\/\/www.teleskopeffekt.de\/\",\"name\":\"Teleskopeffekt | Innovation f\u00fcr Bank &amp; Mittelstand\",\"description\":\"\",\"potentialAction\":[{\"@type\":\"SearchAction\",\"target\":{\"@type\":\"EntryPoint\",\"urlTemplate\":\"https:\/\/www.teleskopeffekt.de\/?s={search_term_string}\"},\"query-input\":{\"@type\":\"PropertyValueSpecification\",\"valueRequired\":true,\"valueName\":\"search_term_string\"}}],\"inLanguage\":\"et\"}]}<\/script>\n<!-- \/ Yoast SEO plugin. -->","yoast_head_json":{"title":"Referenzen - Teleskopeffekt | Innovation f\u00fcr Bank &amp; Mittelstand","robots":{"index":"index","follow":"follow","max-snippet":"max-snippet:-1","max-image-preview":"max-image-preview:large","max-video-preview":"max-video-preview:-1"},"canonical":"https:\/\/www.teleskopeffekt.de\/et\/viited\/","og_locale":"et_EE","og_type":"article","og_title":"Referenzen - Teleskopeffekt | Innovation f\u00fcr Bank &amp; Mittelstand","og_url":"https:\/\/www.teleskopeffekt.de\/et\/viited\/","og_site_name":"Teleskopeffekt | Innovation f\u00fcr Bank &amp; Mittelstand","article_modified_time":"2024-05-27T09:30:23+00:00","twitter_card":"summary_large_image","schema":{"@context":"https:\/\/schema.org","@graph":[{"@type":"WebPage","@id":"https:\/\/www.teleskopeffekt.de\/referenzen\/","url":"https:\/\/www.teleskopeffekt.de\/referenzen\/","name":"Referenzen - Teleskopeffekt | Innovation f\u00fcr Bank &amp; Mittelstand","isPartOf":{"@id":"https:\/\/www.teleskopeffekt.de\/#website"},"datePublished":"2023-11-27T09:45:48+00:00","dateModified":"2024-05-27T09:30:23+00:00","breadcrumb":{"@id":"https:\/\/www.teleskopeffekt.de\/referenzen\/#breadcrumb"},"inLanguage":"et","potentialAction":[{"@type":"ReadAction","target":["https:\/\/www.teleskopeffekt.de\/referenzen\/"]}]},{"@type":"BreadcrumbList","@id":"https:\/\/www.teleskopeffekt.de\/referenzen\/#breadcrumb","itemListElement":[{"@type":"ListItem","position":1,"name":"Teleskopeffekt","item":"https:\/\/www.teleskopeffekt.de\/"},{"@type":"ListItem","position":2,"name":"Referenzen"}]},{"@type":"WebSite","@id":"https:\/\/www.teleskopeffekt.de\/#website","url":"https:\/\/www.teleskopeffekt.de\/","name":"Teleskoobiefekt | Innovatsioon pankade ja VKEde jaoks","description":"","potentialAction":[{"@type":"SearchAction","target":{"@type":"EntryPoint","urlTemplate":"https:\/\/www.teleskopeffekt.de\/?s={search_term_string}"},"query-input":{"@type":"PropertyValueSpecification","valueRequired":true,"valueName":"search_term_string"}}],"inLanguage":"et"}]}},"_links":{"self":[{"href":"https:\/\/www.teleskopeffekt.de\/et\/wp-json\/wp\/v2\/pages\/323","targetHints":{"allow":["GET"]}}],"collection":[{"href":"https:\/\/www.teleskopeffekt.de\/et\/wp-json\/wp\/v2\/pages"}],"about":[{"href":"https:\/\/www.teleskopeffekt.de\/et\/wp-json\/wp\/v2\/types\/page"}],"author":[{"embeddable":true,"href":"https:\/\/www.teleskopeffekt.de\/et\/wp-json\/wp\/v2\/users\/3"}],"replies":[{"embeddable":true,"href":"https:\/\/www.teleskopeffekt.de\/et\/wp-json\/wp\/v2\/comments?post=323"}],"version-history":[{"count":0,"href":"https:\/\/www.teleskopeffekt.de\/et\/wp-json\/wp\/v2\/pages\/323\/revisions"}],"wp:attachment":[{"href":"https:\/\/www.teleskopeffekt.de\/et\/wp-json\/wp\/v2\/media?parent=323"}],"curies":[{"name":"wp","href":"https:\/\/api.w.org\/{rel}","templated":true}]}}