{"id":261,"date":"2023-11-27T10:34:42","date_gmt":"2023-11-27T09:34:42","guid":{"rendered":"http:\/\/teleskopeffekt.de.domainpreview.eu\/?page_id=261"},"modified":"2024-04-03T10:57:41","modified_gmt":"2024-04-03T08:57:41","slug":"leistungen","status":"publish","type":"page","link":"https:\/\/www.teleskopeffekt.de\/et\/leistungen\/","title":{"rendered":"Leistungen"},"content":{"rendered":"<div class=\"row block-152229096 rmt rmb row-small\">\n\n<div class=\"col col-12 col-lg-12 block-big-buttons\">\n<a class=\"big-button button-bank\" href=\"https:\/\/www.teleskopeffekt.de\/et\/leistungen\/pankade-jaoks\/\"target=\"\">F\u00fcr Banken<div class=\"hover-flex-intend\"><\/div><img decoding=\"async\" src=\"\/wp-content\/themes\/boxed-theme\/includes\/media\/icons\/arrow-forward.svg\" alt=\"\"><\/a><a class=\"big-button button-mittelstand\" href=\"https:\/\/www.teleskopeffekt.de\/et\/leistungen\/keskmise-suurusega-ettevotete-jaoks\/\"target=\"\">F\u00fcr Mittelstand<div class=\"hover-flex-intend\"><\/div><img decoding=\"async\" src=\"\/wp-content\/themes\/boxed-theme\/includes\/media\/icons\/arrow-forward.svg\" alt=\"\"><\/a><a class=\"big-button button-startup\" href=\"https:\/\/www.teleskopeffekt.de\/et\/leistungen\/alustavatele-ettevotetele\/\"target=\"\">Alustavatele ettev\u00f5tetele<div class=\"hover-flex-intend\"><\/div><img decoding=\"async\" src=\"\/wp-content\/themes\/boxed-theme\/includes\/media\/icons\/arrow-forward.svg\" alt=\"\"><\/a><\/div>\n<img decoding=\"async\" src=\"\" alt=\"\">            <link rel=\"stylesheet\" type=\"text\/css\" href=\"https:\/\/www.teleskopeffekt.de\/wp-content\/themes\/boxed-theme\/includes\/blocks\/block_big_buttons\/style.css\">\n            <\/div>\n\n\n<div class=\"row block-1052090222  row-small\">\n\n<div class=\"col col-12 col-lg-6 block-image block-hover-effect\"style=\"padding-right:0px; padding-left: 0px;\">\n\n    <img decoding=\"async\" class=\"desk-img\" src=\"https:\/\/www.teleskopeffekt.de\/wp-content\/uploads\/2024\/02\/Gruppenfotos006-scaled-960x640.jpg\" alt=\"\" loading=\"lazy\">\n    <img decoding=\"async\" class=\"mob-img\" src=\"https:\/\/www.teleskopeffekt.de\/wp-content\/uploads\/2024\/02\/Gruppenfotos006-scaled-576x384.jpg\" alt=\"\" loading=\"lazy\">\n    <\/div>\n\n\n            <link rel=\"stylesheet\" type=\"text\/css\" href=\"https:\/\/www.teleskopeffekt.de\/wp-content\/themes\/boxed-theme\/includes\/blocks\/block_image\/style.css\">\n            \n<div class=\"col col-12 col-lg-6 block-wysiwyg\">\n\n    <h2 style=\" text-align:left;\">Der Teleskop-Effekt <\/h2>\n    \n    <h-subline style=\" text-align:left;\">Wir haben den 360\u00b0 Blick f\u00fcr die Zukunft deines Unternehmens! <\/h-subline>\n    <p>Unsere Vision ist es, nachhaltige und zukunftsorientierte Banken sowie deren Kunden einen einfachen Weg zur Ver\u00e4nderung zu ebnen und die Digitalisierung erlebbar und greifbar zu machen.<\/p>\n<ol>\n<li><strong>Suchen, verstehen, l\u00f6sen<\/strong><\/li>\n<li><strong>Fokussieren auf Erfolg<\/strong><\/li>\n<li><strong>Beschleunigen des Wandels<\/strong><\/li>\n<li><strong>Gemeinsam in die Zukunft<\/strong><\/li>\n<\/ol>\n \n      <div class=\"block-links\" style=\"text-align:left;\"><a class=\"btn btn-cta hero-link-first\" href=\"https:\/\/www.teleskopeffekt.de\/et\/leistungen\/pankade-jaoks\/\" target=\"\">F\u00fcr Banken<\/a><a class=\"btn btn-primary hero-link-second\" href=\"https:\/\/www.teleskopeffekt.de\/et\/leistungen\/keskmise-suurusega-ettevotete-jaoks\/\" target=\"\">F\u00fcr Mittelstand<\/a>\n      <\/div>\n  <\/div>            <link rel=\"stylesheet\" type=\"text\/css\" href=\"https:\/\/www.teleskopeffekt.de\/wp-content\/themes\/boxed-theme\/includes\/blocks\/block_wysiwyg\/style.css\">\n            <\/div>\n\n\n<div class=\"row block-131918350 rmt rmb row-small\">\n\n<div class=\"col col-12 col-lg-12 block-counted\">\n<div class=\"row\">\n            <div class=\"col-12 col-lg-6 counted-container\">\n                <span class=\"counter\">1<\/span>\n                <p class=\"counted-content\">Suchen, verstehen, l\u00f6sen: Wir wissen, dass du einzigartige Herausforderungen und Chancen hast. Deshalb gehen wir mit einem offenen Blick auf die Suche nach den besten L\u00f6sungen f\u00fcr dein Unternehmen. Durch unser breites \u00d6kosystem an Partnern und unser fundiertes Wissen \u00fcber Zukunftstrends sind wir in der Lage, dir bei der L\u00f6sungsfindung f\u00fcr dein spezifisches Anliegen die richtige Sichtweise und Ansatzpunkte zu geben.<p>\n            <\/div>\n            \n            <div class=\"col-12 col-lg-6 counted-container\">\n                <span class=\"counter\">2<\/span>\n                <p class=\"counted-content\">Fokussieren auf Erfolg: Als dein Innovationspartner f\u00fcr Banken Unternehmen und Gr\u00fcnder konzentrieren wir uns auf das, was wirklich z\u00e4hlt &#8211; deinen Erfolg. Wir arbeiten Hand in Hand mit dir, um klare Ziele zu definieren und eine ma\u00dfgeschneiderte Strategie zu entwickeln. Mit unserer Werkbank32 zeigen wir dir die besten Wege auf, um die neuen Trends erfolgreich in dein Gesch\u00e4ft zu integrieren.<p>\n            <\/div>\n            \n            <div class=\"col-12 col-lg-6 counted-container\">\n                <span class=\"counter\">3<\/span>\n                <p class=\"counted-content\">Beschleunigen des Wandels: Die Finanzwelt und die Wirtschaft entwickeln sich st\u00e4ndig weiter, und wir m\u00f6chten sicherstellen, dass du immer einen Schritt voraus bist. Mit unserem agilen Ansatz und unseren innovativen L\u00f6sungen beschleunigen wir den Ver\u00e4nderungsprozess und erm\u00f6glichen es dir, schnell auf neue Entwicklungen zu reagieren. Dabei sorgen wir daf\u00fcr, dass die Umsetzung neuer Technologien reibungslos und effizient erfolgt.<p>\n            <\/div>\n            \n            <div class=\"col-12 col-lg-6 counted-container\">\n                <span class=\"counter\">4<\/span>\n                <p class=\"counted-content\">Gemeinsam in die Zukunft: Wir glauben an die Kraft der Zusammenarbeit und arbeiten eng mit dir, deinem Team und unseren Experten aus dem breiten \u00d6kosystem an Partnern zusammen. Durch Workshops, Schulungen, Veranstaltungen und enge Kommunikation stellen wir sicher, dass alle Beteiligten optimal in den Innovationsprozess eingebunden sind. Denn nur gemeinsam k\u00f6nnen wir deine Zukunft gestalten.<p>\n            <\/div>\n            <\/div><\/div>            <link rel=\"stylesheet\" type=\"text\/css\" href=\"https:\/\/www.teleskopeffekt.de\/wp-content\/themes\/boxed-theme\/includes\/blocks\/block_counted\/style.css\">\n            <\/div>\n\n\n<div class=\"row block-937293773 rmt rmb row-small\">\n\n<div class=\"col col-12 col-lg-12 block-contact-person block-hover-effect\">\n<div class=\"row\">\n        <div class=\"col-12 col-lg-6 thumb-container\">\n        <img decoding=\"async\" data-no-translation src=\"https:\/\/www.teleskopeffekt.de\/wp-content\/uploads\/2024\/06\/Team-Webseite.jpg\">\n        <img decoding=\"async\" data-no-translation class=\"frame-loops\" src=\"\/wp-content\/themes\/boxed-theme\/includes\/media\/theme-icons\/image-frame-loops.svg\">\n        <\/div>\n        <div class=\"col-12 col-lg-6 content-container\">\n            <div class=\"contact-pers-head\">\n                <span class=\"contact-pers-title\">\n                    Moritz Balzer\n                <\/span>\n                <span class=\"contact-pers-job\">\n                    Projektijuht\n                <\/span>\n            <\/div>\n            <div class=\"contaact-pers-possibl\">\n                <a href=\"mailto:moritz.balzer@teleskopeffekt.de\"><img decoding=\"async\" class=\"svg-icon icon-mail-outlined\" src=\"https:\/\/www.teleskopeffekt.de\/wp-content\/themes\/boxed-theme\/includes\/media\/icons\/mail-outlined.svg\" alt=\"posti teel\"><\/a><a href=\"https:\/\/www.linkedin.com\/in\/moritz-balzer-b991611ba\/\"><img decoding=\"async\" class=\"svg-icon icon-linkedin-fill\" src=\"https:\/\/www.teleskopeffekt.de\/wp-content\/themes\/boxed-theme\/includes\/media\/icons\/linkedin-fill.svg\" alt=\"linkedin-fill\"><\/a>\n            <\/div>\n           <a class=\"btn btn-cta\"href=\"mailto:moritz.balzer@teleskopeffekt.de\">JETZT KONTAKT AUFNEHMEN<\/a>\n        <\/div>\n        <script type=\"application\/ld+json\">{\n    \"@context\": \"https:\\\/\\\/schema.org\\\/\",\n    \"@type\": \"Person\",\n    \"name\": \"Moritz Balzer\",\n    \"jobTitle\": \"Projektmanager\",\n    \"url\": \"https:\\\/\\\/www.teleskopeffekt.de\\\/et\\\/team\\\/moritz-balzer\\\/\",\n    \"image\": \"https:\\\/\\\/www.teleskopeffekt.de\\\/wp-content\\\/uploads\\\/2024\\\/06\\\/Team-Webseite.jpg\",\n    \"sameAs\": \"https:\\\/\\\/www.linkedin.com\\\/in\\\/moritz-balzer-b991611ba\\\/\",\n    \"worksFor\": {\n        \"@type\": \"Organization\",\n        \"name\": \"TeleskopEffekt GmbH\"\n    }\n}<\/script>\n\n    <\/div>\n<\/div>            <link rel=\"stylesheet\" type=\"text\/css\" href=\"https:\/\/www.teleskopeffekt.de\/wp-content\/themes\/boxed-theme\/includes\/blocks\/block_contact_person\/style.css\">\n            <\/div>","protected":false},"excerpt":{"rendered":"","protected":false},"author":3,"featured_media":0,"parent":0,"menu_order":0,"comment_status":"closed","ping_status":"closed","template":"page-standard.php","meta":{"_acf_changed":false,"content-type":"","_price":"","_stock":"","_tribe_ticket_header":"","_tribe_default_ticket_provider":"","_tribe_ticket_capacity":"0","_ticket_start_date":"","_ticket_end_date":"","_tribe_ticket_show_description":"","_tribe_ticket_show_not_going":false,"_tribe_ticket_use_global_stock":"","_tribe_ticket_global_stock_level":"","_global_stock_mode":"","_global_stock_cap":"","_tribe_rsvp_for_event":"","_tribe_ticket_going_count":"","_tribe_ticket_not_going_count":"","_tribe_tickets_list":"[]","_tribe_ticket_has_attendee_info_fields":false,"footnotes":""},"class_list":["post-261","page","type-page","status-publish","hentry"],"acf":[],"yoast_head":"<!-- This site is optimized with the Yoast SEO plugin v27.2 - https:\/\/yoast.com\/product\/yoast-seo-wordpress\/ -->\n<title>Leistungen - Teleskopeffekt | Innovation f\u00fcr Bank &amp; Mittelstand<\/title>\n<meta name=\"robots\" content=\"index, follow, max-snippet:-1, max-image-preview:large, max-video-preview:-1\" \/>\n<link rel=\"canonical\" href=\"https:\/\/www.teleskopeffekt.de\/et\/leistungen\/\" \/>\n<meta property=\"og:locale\" content=\"et_EE\" \/>\n<meta property=\"og:type\" content=\"article\" \/>\n<meta property=\"og:title\" content=\"Leistungen - Teleskopeffekt | Innovation f\u00fcr Bank &amp; Mittelstand\" \/>\n<meta property=\"og:url\" content=\"https:\/\/www.teleskopeffekt.de\/et\/leistungen\/\" \/>\n<meta property=\"og:site_name\" content=\"Teleskopeffekt | Innovation f\u00fcr Bank &amp; Mittelstand\" \/>\n<meta property=\"article:modified_time\" content=\"2024-04-03T08:57:41+00:00\" \/>\n<meta name=\"twitter:card\" content=\"summary_large_image\" \/>\n<script type=\"application\/ld+json\" class=\"yoast-schema-graph\">{\"@context\":\"https:\/\/schema.org\",\"@graph\":[{\"@type\":\"WebPage\",\"@id\":\"https:\/\/www.teleskopeffekt.de\/leistungen\/\",\"url\":\"https:\/\/www.teleskopeffekt.de\/leistungen\/\",\"name\":\"Leistungen - Teleskopeffekt | Innovation f\u00fcr Bank &amp; Mittelstand\",\"isPartOf\":{\"@id\":\"https:\/\/www.teleskopeffekt.de\/#website\"},\"datePublished\":\"2023-11-27T09:34:42+00:00\",\"dateModified\":\"2024-04-03T08:57:41+00:00\",\"breadcrumb\":{\"@id\":\"https:\/\/www.teleskopeffekt.de\/leistungen\/#breadcrumb\"},\"inLanguage\":\"et\",\"potentialAction\":[{\"@type\":\"ReadAction\",\"target\":[\"https:\/\/www.teleskopeffekt.de\/leistungen\/\"]}]},{\"@type\":\"BreadcrumbList\",\"@id\":\"https:\/\/www.teleskopeffekt.de\/leistungen\/#breadcrumb\",\"itemListElement\":[{\"@type\":\"ListItem\",\"position\":1,\"name\":\"Teleskopeffekt\",\"item\":\"https:\/\/www.teleskopeffekt.de\/\"},{\"@type\":\"ListItem\",\"position\":2,\"name\":\"Leistungen\"}]},{\"@type\":\"WebSite\",\"@id\":\"https:\/\/www.teleskopeffekt.de\/#website\",\"url\":\"https:\/\/www.teleskopeffekt.de\/\",\"name\":\"Teleskopeffekt | Innovation f\u00fcr Bank &amp; Mittelstand\",\"description\":\"\",\"potentialAction\":[{\"@type\":\"SearchAction\",\"target\":{\"@type\":\"EntryPoint\",\"urlTemplate\":\"https:\/\/www.teleskopeffekt.de\/?s={search_term_string}\"},\"query-input\":{\"@type\":\"PropertyValueSpecification\",\"valueRequired\":true,\"valueName\":\"search_term_string\"}}],\"inLanguage\":\"et\"}]}<\/script>\n<!-- \/ Yoast SEO plugin. -->","yoast_head_json":{"title":"Leistungen - Teleskopeffekt | Innovation f\u00fcr Bank &amp; Mittelstand","robots":{"index":"index","follow":"follow","max-snippet":"max-snippet:-1","max-image-preview":"max-image-preview:large","max-video-preview":"max-video-preview:-1"},"canonical":"https:\/\/www.teleskopeffekt.de\/et\/leistungen\/","og_locale":"et_EE","og_type":"article","og_title":"Leistungen - Teleskopeffekt | Innovation f\u00fcr Bank &amp; Mittelstand","og_url":"https:\/\/www.teleskopeffekt.de\/et\/leistungen\/","og_site_name":"Teleskopeffekt | Innovation f\u00fcr Bank &amp; Mittelstand","article_modified_time":"2024-04-03T08:57:41+00:00","twitter_card":"summary_large_image","schema":{"@context":"https:\/\/schema.org","@graph":[{"@type":"WebPage","@id":"https:\/\/www.teleskopeffekt.de\/leistungen\/","url":"https:\/\/www.teleskopeffekt.de\/leistungen\/","name":"Leistungen - Teleskopeffekt | Innovation f\u00fcr Bank &amp; Mittelstand","isPartOf":{"@id":"https:\/\/www.teleskopeffekt.de\/#website"},"datePublished":"2023-11-27T09:34:42+00:00","dateModified":"2024-04-03T08:57:41+00:00","breadcrumb":{"@id":"https:\/\/www.teleskopeffekt.de\/leistungen\/#breadcrumb"},"inLanguage":"et","potentialAction":[{"@type":"ReadAction","target":["https:\/\/www.teleskopeffekt.de\/leistungen\/"]}]},{"@type":"BreadcrumbList","@id":"https:\/\/www.teleskopeffekt.de\/leistungen\/#breadcrumb","itemListElement":[{"@type":"ListItem","position":1,"name":"Teleskopeffekt","item":"https:\/\/www.teleskopeffekt.de\/"},{"@type":"ListItem","position":2,"name":"Leistungen"}]},{"@type":"WebSite","@id":"https:\/\/www.teleskopeffekt.de\/#website","url":"https:\/\/www.teleskopeffekt.de\/","name":"Teleskoobiefekt | Innovatsioon pankade ja VKEde jaoks","description":"","potentialAction":[{"@type":"SearchAction","target":{"@type":"EntryPoint","urlTemplate":"https:\/\/www.teleskopeffekt.de\/?s={search_term_string}"},"query-input":{"@type":"PropertyValueSpecification","valueRequired":true,"valueName":"search_term_string"}}],"inLanguage":"et"}]}},"_links":{"self":[{"href":"https:\/\/www.teleskopeffekt.de\/et\/wp-json\/wp\/v2\/pages\/261","targetHints":{"allow":["GET"]}}],"collection":[{"href":"https:\/\/www.teleskopeffekt.de\/et\/wp-json\/wp\/v2\/pages"}],"about":[{"href":"https:\/\/www.teleskopeffekt.de\/et\/wp-json\/wp\/v2\/types\/page"}],"author":[{"embeddable":true,"href":"https:\/\/www.teleskopeffekt.de\/et\/wp-json\/wp\/v2\/users\/3"}],"replies":[{"embeddable":true,"href":"https:\/\/www.teleskopeffekt.de\/et\/wp-json\/wp\/v2\/comments?post=261"}],"version-history":[{"count":0,"href":"https:\/\/www.teleskopeffekt.de\/et\/wp-json\/wp\/v2\/pages\/261\/revisions"}],"wp:attachment":[{"href":"https:\/\/www.teleskopeffekt.de\/et\/wp-json\/wp\/v2\/media?parent=261"}],"curies":[{"name":"wp","href":"https:\/\/api.w.org\/{rel}","templated":true}]}}