{"id":257,"date":"2023-11-27T10:34:01","date_gmt":"2023-11-27T09:34:01","guid":{"rendered":"http:\/\/teleskopeffekt.de.domainpreview.eu\/?page_id=257"},"modified":"2024-11-06T07:34:22","modified_gmt":"2024-11-06T06:34:22","slug":"laehenemine-parkimisele","status":"publish","type":"page","link":"https:\/\/www.teleskopeffekt.de\/et\/ueber-uns\/anfahrt-parken\/","title":{"rendered":"Juhised ja parkimine"},"content":{"rendered":"<div id=\"Parken\" class=\"row block-971895958  row-small\">\n\n<div class=\"col col-12 col-lg-6 block-image\">\n\n    <img decoding=\"async\" class=\"desk-img\" src=\"https:\/\/www.teleskopeffekt.de\/wp-content\/uploads\/2024\/05\/Webseite_TE-2-960x540.jpg\" alt=\"\" loading=\"lazy\">\n    <img decoding=\"async\" class=\"mob-img\" src=\"https:\/\/www.teleskopeffekt.de\/wp-content\/uploads\/2024\/05\/Webseite_TE-2-576x324.jpg\" alt=\"\" loading=\"lazy\">\n    <\/div>\n\n\n            <link rel=\"stylesheet\" type=\"text\/css\" href=\"https:\/\/www.teleskopeffekt.de\/wp-content\/themes\/boxed-theme\/includes\/blocks\/block_image\/style.css\">\n            \n<div class=\"col col-12 col-lg-6 block-wysiwyg\">\n\n    <h2 style=\" text-align:left;\">Kas plaanite meid k\u00fclastada?<\/h2>\n    \n    <h-subline style=\" text-align:left;\">Siit leiate kogu olulise teabe juhiste ja parkimise kohta.<\/h-subline>\n    <p>Meie asukoht Mittweida \u00fclikoolilinnas on h\u00f5lpsasti ligip\u00e4\u00e4setav erinevate transpordivahenditega ja meie l\u00e4hedal on piisavalt parkimiskohti. Kas te tulete autoga, rongiga v\u00f5i jalgrattaga - me hoolitseme selle eest, et teie teekond oleks v\u00f5imalikult lihtne ja stressivaba. Alustage oma teekonda meie juurde ja avastage koht, kus kujundatakse tulevikku.<\/p>\n \n      <div class=\"block-links\" style=\"text-align:left;\"><a class=\"btn btn-primary hero-link-first\" href=\"#Karte\" target=\"\">Rohkem <\/a>\n      <\/div>\n  <\/div>            <link rel=\"stylesheet\" type=\"text\/css\" href=\"https:\/\/www.teleskopeffekt.de\/wp-content\/themes\/boxed-theme\/includes\/blocks\/block_wysiwyg\/style.css\">\n            <\/div>\n\n\n<div id=\"Karte\" class=\"row block-1022743821 rmt rmb row-small\">\n\n<div class=\"col col-12 col-lg-6 block-wysiwyg\">\n\n    <h3 style=\" text-align:left;\">\u00dclevaade teile<\/h3>\n    \n    <h6 style=\" text-align:left;\">Parkimine ja saabumine <\/h6>\n    <p><strong>P1<\/strong> Bahnhofstra\u00dfe 29, 09648 Mittweida<\/p>\n<p><strong>P2: <\/strong>Heinrich-Heine-Str. 48, 09648 Mittweida<\/p>\n<p>Nendes kahes parklas saab tasuta parkida. Samuti on lubatud parkida Bahnhofstra\u00dfe \u00e4\u00e4res (sinisega t\u00e4histatud). Palun j\u00e4rgige STVO-d.<\/p>\n<p><strong>Reisimine rongiga:\u00a0<\/strong><\/p>\n<p>Mittweida raudteejaama saab Chemnitzist RB45 ja C14 linnarongiga. Mittweida raudteejaam on 9-minutilise jalutusk\u00e4igu kaugusel, umbes 800 meetrit.<\/p>\n<p><strong>Bussiga reisimine:<\/strong><\/p>\n<p>Kui te reisite bussiga, saate kasutada liine C ja 684. Bussipeatus \u201eWerkbank32\u201c asub otse meie hoone ees.<\/p>\n<p><strong>Meie aadress:\u00a0<\/strong><\/p>\n<p>Bahnhofstra\u00dfe 32<br \/>\n09648 Mittweida<\/p>\n<\/div>            <link rel=\"stylesheet\" type=\"text\/css\" href=\"https:\/\/www.teleskopeffekt.de\/wp-content\/themes\/boxed-theme\/includes\/blocks\/block_wysiwyg\/style.css\">\n            \n<div class=\"col col-12 col-lg-6 block-html\">\n<iframe loading=\"lazy\" src=\"https:\/\/www.google.com\/maps\/d\/embed?mid=1c3KAGYBKPQQRpGhGo3bXDkFSxVf7RA0&#038;ehbc=2E312F\" width=\"640\" height=\"480\"><\/iframe><\/div><\/div>\n\n\n<div class=\"row block-1359907221 rmt rmb row-small\">\n\n<div class=\"col col-12 col-lg-12 block-contact-person block-hover-effect\"style=\"padding-top:50px; padding-bottom:50px;\">\n<div class=\"row\">\n        <div class=\"col-12 col-lg-6 thumb-container\">\n        <img decoding=\"async\" data-no-translation src=\"https:\/\/www.teleskopeffekt.de\/wp-content\/uploads\/2024\/02\/beate-hilbert-500.jpg\">\n        <img decoding=\"async\" data-no-translation class=\"frame-loops\" src=\"\/wp-content\/themes\/boxed-theme\/includes\/media\/theme-icons\/image-frame-loops.svg\">\n        <\/div>\n        <div class=\"col-12 col-lg-6 content-container\">\n            <div class=\"contact-pers-head\">\n                <span class=\"contact-pers-title\">\n                    Beate Hilbert\n                <\/span>\n                <span class=\"contact-pers-job\">\n                    Meeskonna abi\n                <\/span>\n            <\/div>\n            <div class=\"contaact-pers-possibl\">\n                <a href=\"mailto:beate.hilbert@teleskopeffekt.de\"><img decoding=\"async\" class=\"svg-icon icon-mail-outlined\" src=\"https:\/\/www.teleskopeffekt.de\/wp-content\/themes\/boxed-theme\/includes\/media\/icons\/mail-outlined.svg\" alt=\"posti teel\"><\/a>\n            <\/div>\n           <a class=\"btn btn-cta\"href=\"mailto:beate.hilbert@teleskopeffekt.de\">JETZT KONTAKT AUFNEHMEN<\/a>\n        <\/div>\n        <script type=\"application\/ld+json\">{\n    \"@context\": \"https:\\\/\\\/schema.org\\\/\",\n    \"@type\": \"Person\",\n    \"name\": \"Beate Hilbert\",\n    \"jobTitle\": \"Team Assistenz\",\n    \"url\": \"https:\\\/\\\/www.teleskopeffekt.de\\\/et\\\/team\\\/beate-hilbert\\\/\",\n    \"image\": \"https:\\\/\\\/www.teleskopeffekt.de\\\/wp-content\\\/uploads\\\/2024\\\/02\\\/beate-hilbert-500.jpg\",\n    \"sameAs\": \"\",\n    \"worksFor\": {\n        \"@type\": \"Organization\",\n        \"name\": \"TeleskopEffekt GmbH\"\n    }\n}<\/script>\n\n    <\/div>\n<\/div>            <link rel=\"stylesheet\" type=\"text\/css\" href=\"https:\/\/www.teleskopeffekt.de\/wp-content\/themes\/boxed-theme\/includes\/blocks\/block_contact_person\/style.css\">\n            <\/div>","protected":false},"excerpt":{"rendered":"","protected":false},"author":3,"featured_media":0,"parent":241,"menu_order":0,"comment_status":"closed","ping_status":"closed","template":"page-standard.php","meta":{"_acf_changed":true,"content-type":"","_price":"","_stock":"","_tribe_ticket_header":"","_tribe_default_ticket_provider":"","_tribe_ticket_capacity":"0","_ticket_start_date":"","_ticket_end_date":"","_tribe_ticket_show_description":"","_tribe_ticket_show_not_going":false,"_tribe_ticket_use_global_stock":"","_tribe_ticket_global_stock_level":"","_global_stock_mode":"","_global_stock_cap":"","_tribe_rsvp_for_event":"","_tribe_ticket_going_count":"","_tribe_ticket_not_going_count":"","_tribe_tickets_list":"[]","_tribe_ticket_has_attendee_info_fields":false,"footnotes":""},"class_list":["post-257","page","type-page","status-publish","hentry"],"acf":[],"yoast_head":"<!-- This site is optimized with the Yoast SEO plugin v27.2 - https:\/\/yoast.com\/product\/yoast-seo-wordpress\/ -->\n<title>Anfahrt &amp; Parken - Teleskopeffekt | Innovation f\u00fcr Bank &amp; Mittelstand<\/title>\n<meta name=\"robots\" content=\"index, follow, max-snippet:-1, max-image-preview:large, max-video-preview:-1\" \/>\n<link rel=\"canonical\" href=\"https:\/\/www.teleskopeffekt.de\/et\/meist\/laehenemine-parkimisele\/\" \/>\n<meta property=\"og:locale\" content=\"et_EE\" \/>\n<meta property=\"og:type\" content=\"article\" \/>\n<meta property=\"og:title\" content=\"Anfahrt &amp; Parken - Teleskopeffekt | Innovation f\u00fcr Bank &amp; Mittelstand\" \/>\n<meta property=\"og:url\" content=\"https:\/\/www.teleskopeffekt.de\/et\/meist\/laehenemine-parkimisele\/\" \/>\n<meta property=\"og:site_name\" content=\"Teleskopeffekt | Innovation f\u00fcr Bank &amp; Mittelstand\" \/>\n<meta property=\"article:modified_time\" content=\"2024-11-06T06:34:22+00:00\" \/>\n<meta name=\"twitter:card\" content=\"summary_large_image\" \/>\n<script type=\"application\/ld+json\" class=\"yoast-schema-graph\">{\"@context\":\"https:\/\/schema.org\",\"@graph\":[{\"@type\":\"WebPage\",\"@id\":\"https:\/\/www.teleskopeffekt.de\/ueber-uns\/anfahrt-parken\/\",\"url\":\"https:\/\/www.teleskopeffekt.de\/ueber-uns\/anfahrt-parken\/\",\"name\":\"Anfahrt &amp; Parken - Teleskopeffekt | Innovation f\u00fcr Bank &amp; Mittelstand\",\"isPartOf\":{\"@id\":\"https:\/\/www.teleskopeffekt.de\/#website\"},\"datePublished\":\"2023-11-27T09:34:01+00:00\",\"dateModified\":\"2024-11-06T06:34:22+00:00\",\"breadcrumb\":{\"@id\":\"https:\/\/www.teleskopeffekt.de\/ueber-uns\/anfahrt-parken\/#breadcrumb\"},\"inLanguage\":\"et\",\"potentialAction\":[{\"@type\":\"ReadAction\",\"target\":[\"https:\/\/www.teleskopeffekt.de\/ueber-uns\/anfahrt-parken\/\"]}]},{\"@type\":\"BreadcrumbList\",\"@id\":\"https:\/\/www.teleskopeffekt.de\/ueber-uns\/anfahrt-parken\/#breadcrumb\",\"itemListElement\":[{\"@type\":\"ListItem\",\"position\":1,\"name\":\"Teleskopeffekt\",\"item\":\"https:\/\/www.teleskopeffekt.de\/\"},{\"@type\":\"ListItem\",\"position\":2,\"name\":\"\u00dcber uns\",\"item\":\"https:\/\/www.teleskopeffekt.de\/ueber-uns\/\"},{\"@type\":\"ListItem\",\"position\":3,\"name\":\"Anfahrt &amp; Parken\"}]},{\"@type\":\"WebSite\",\"@id\":\"https:\/\/www.teleskopeffekt.de\/#website\",\"url\":\"https:\/\/www.teleskopeffekt.de\/\",\"name\":\"Teleskopeffekt | Innovation f\u00fcr Bank &amp; Mittelstand\",\"description\":\"\",\"potentialAction\":[{\"@type\":\"SearchAction\",\"target\":{\"@type\":\"EntryPoint\",\"urlTemplate\":\"https:\/\/www.teleskopeffekt.de\/?s={search_term_string}\"},\"query-input\":{\"@type\":\"PropertyValueSpecification\",\"valueRequired\":true,\"valueName\":\"search_term_string\"}}],\"inLanguage\":\"et\"}]}<\/script>\n<!-- \/ Yoast SEO plugin. -->","yoast_head_json":{"title":"Suunad ja parkimine - Teleskoopi efekt | Innovatsioon pankadele ja VKEdele","robots":{"index":"index","follow":"follow","max-snippet":"max-snippet:-1","max-image-preview":"max-image-preview:large","max-video-preview":"max-video-preview:-1"},"canonical":"https:\/\/www.teleskopeffekt.de\/et\/meist\/laehenemine-parkimisele\/","og_locale":"et_EE","og_type":"article","og_title":"Anfahrt &amp; Parken - Teleskopeffekt | Innovation f\u00fcr Bank &amp; Mittelstand","og_url":"https:\/\/www.teleskopeffekt.de\/et\/meist\/laehenemine-parkimisele\/","og_site_name":"Teleskopeffekt | Innovation f\u00fcr Bank &amp; Mittelstand","article_modified_time":"2024-11-06T06:34:22+00:00","twitter_card":"summary_large_image","schema":{"@context":"https:\/\/schema.org","@graph":[{"@type":"WebPage","@id":"https:\/\/www.teleskopeffekt.de\/ueber-uns\/anfahrt-parken\/","url":"https:\/\/www.teleskopeffekt.de\/ueber-uns\/anfahrt-parken\/","name":"Suunad ja parkimine - Teleskoopi efekt | Innovatsioon pankadele ja VKEdele","isPartOf":{"@id":"https:\/\/www.teleskopeffekt.de\/#website"},"datePublished":"2023-11-27T09:34:01+00:00","dateModified":"2024-11-06T06:34:22+00:00","breadcrumb":{"@id":"https:\/\/www.teleskopeffekt.de\/ueber-uns\/anfahrt-parken\/#breadcrumb"},"inLanguage":"et","potentialAction":[{"@type":"ReadAction","target":["https:\/\/www.teleskopeffekt.de\/ueber-uns\/anfahrt-parken\/"]}]},{"@type":"BreadcrumbList","@id":"https:\/\/www.teleskopeffekt.de\/ueber-uns\/anfahrt-parken\/#breadcrumb","itemListElement":[{"@type":"ListItem","position":1,"name":"Teleskopeffekt","item":"https:\/\/www.teleskopeffekt.de\/"},{"@type":"ListItem","position":2,"name":"\u00dcber uns","item":"https:\/\/www.teleskopeffekt.de\/ueber-uns\/"},{"@type":"ListItem","position":3,"name":"Anfahrt &amp; Parken"}]},{"@type":"WebSite","@id":"https:\/\/www.teleskopeffekt.de\/#website","url":"https:\/\/www.teleskopeffekt.de\/","name":"Teleskoobiefekt | Innovatsioon pankade ja VKEde jaoks","description":"","potentialAction":[{"@type":"SearchAction","target":{"@type":"EntryPoint","urlTemplate":"https:\/\/www.teleskopeffekt.de\/?s={search_term_string}"},"query-input":{"@type":"PropertyValueSpecification","valueRequired":true,"valueName":"search_term_string"}}],"inLanguage":"et"}]}},"_links":{"self":[{"href":"https:\/\/www.teleskopeffekt.de\/et\/wp-json\/wp\/v2\/pages\/257","targetHints":{"allow":["GET"]}}],"collection":[{"href":"https:\/\/www.teleskopeffekt.de\/et\/wp-json\/wp\/v2\/pages"}],"about":[{"href":"https:\/\/www.teleskopeffekt.de\/et\/wp-json\/wp\/v2\/types\/page"}],"author":[{"embeddable":true,"href":"https:\/\/www.teleskopeffekt.de\/et\/wp-json\/wp\/v2\/users\/3"}],"replies":[{"embeddable":true,"href":"https:\/\/www.teleskopeffekt.de\/et\/wp-json\/wp\/v2\/comments?post=257"}],"version-history":[{"count":0,"href":"https:\/\/www.teleskopeffekt.de\/et\/wp-json\/wp\/v2\/pages\/257\/revisions"}],"up":[{"embeddable":true,"href":"https:\/\/www.teleskopeffekt.de\/et\/wp-json\/wp\/v2\/pages\/241"}],"wp:attachment":[{"href":"https:\/\/www.teleskopeffekt.de\/et\/wp-json\/wp\/v2\/media?parent=257"}],"curies":[{"name":"wp","href":"https:\/\/api.w.org\/{rel}","templated":true}]}}