{"id":241,"date":"2023-11-27T10:31:15","date_gmt":"2023-11-27T09:31:15","guid":{"rendered":"http:\/\/teleskopeffekt.de.domainpreview.eu\/?page_id=241"},"modified":"2024-05-27T11:44:21","modified_gmt":"2024-05-27T09:44:21","slug":"meist","status":"publish","type":"page","link":"https:\/\/www.teleskopeffekt.de\/et\/ueber-uns\/","title":{"rendered":"Meie kohta"},"content":{"rendered":"\n<div class=\"row block-163326122 rmt rmb row-small \">\n\n<div class=\"col col-12 col-lg-12 block-big-buttons\">\n<a class=\"big-button button-mittelstand\" href=\"https:\/\/www.teleskopeffekt.de\/ueber-uns\/karriere-2\/\"target=\"\">Karriere<div class=\"hover-flex-intend\"><\/div><img decoding=\"async\" src=\"\/wp-content\/themes\/boxed-theme\/includes\/media\/icons\/arrow-forward.svg\" alt=\"\"><\/a><a class=\"big-button button-mittelstand\" href=\"https:\/\/www.teleskopeffekt.de\/ueber-uns\/nachhaltigkeit\/\"target=\"\">Nachhaltigkeit<div class=\"hover-flex-intend\"><\/div><img decoding=\"async\" src=\"\/wp-content\/themes\/boxed-theme\/includes\/media\/icons\/arrow-forward.svg\" alt=\"\"><\/a><a class=\"big-button button-mittelstand\" href=\"https:\/\/www.teleskopeffekt.de\/ueber-uns\/anfahrt-parken\/\"target=\"\">Anfahrt &amp; Parken<div class=\"hover-flex-intend\"><\/div><img decoding=\"async\" src=\"\/wp-content\/themes\/boxed-theme\/includes\/media\/icons\/arrow-forward.svg\" alt=\"\"><\/a><\/div>\n<img decoding=\"async\" src=\"\" alt=\"\">            <link rel=\"stylesheet\" type=\"text\/css\" href=\"https:\/\/www.teleskopeffekt.de\/wp-content\/themes\/boxed-theme\/includes\/blocks\/block_big_buttons\/style.css\">\n            <\/div>\n\n\n<div class=\"row block-1946841644  row-small \">\n\n<div class=\"col col-12 col-lg-6 block-image block-hover-effect\"style=\"padding-right:0px; padding-left: 0px;\">\n\n    <img decoding=\"async\" class=\"desk-img\" src=\"https:\/\/www.teleskopeffekt.de\/wp-content\/uploads\/2024\/02\/Gruppenfotos006-scaled-960x640.jpg\" alt=\"\" loading=\"lazy\">\n    <img decoding=\"async\" class=\"mob-img\" src=\"https:\/\/www.teleskopeffekt.de\/wp-content\/uploads\/2024\/02\/Gruppenfotos006-scaled-576x384.jpg\" alt=\"\" loading=\"lazy\">\n    <\/div>\n\n\n            <link rel=\"stylesheet\" type=\"text\/css\" href=\"https:\/\/www.teleskopeffekt.de\/wp-content\/themes\/boxed-theme\/includes\/blocks\/block_image\/style.css\">\n            \n<div class=\"col col-12 col-lg-6 block-wysiwyg\">\n\n    <h4 style=\" text-align:left;\">Herzlich willkommen bei der TeleskopEffekt GmbH<\/h4>\n    \n    <h-subline style=\" text-align:left;\">Dein Navigator durch die Welt der Innovation und Digitalisierung<\/h-subline>\n    <p>Wir, die TeleskopEffekt GmbH, sind mehr als nur ein Unternehmen; wir sind ein dynamisches Team, das sich der F\u00f6rderung nachhaltiger Innovationen und der digitalen Transformation verschrieben hat.<\/p>\n<p><strong>Unsere Mission ist es<\/strong>, zukunftsorientierte Banken, Mittelst\u00e4ndler, Start-ups und kreative K\u00f6pfe zu unterst\u00fctzen, indem wir Ihnen den Weg zur Ver\u00e4nderung ebnen und die Digitalisierung erlebbar machen. Durch die Werkbank32, unserem Innovationszentrum in Mittweida, haben wir einen Raum f\u00fcr Ideen, Wachstum und Zusammenarbeit geschaffen.<\/p>\n \n      <div class=\"block-links\" style=\"text-align:left;\"><a class=\"btn btn-cta hero-link-first ext\" href=\"https:\/\/share-eu1.hsforms.com\/14dMXm4DKRZyeo2ZM8DXGtQ2dd7dn\" target=\"\">JETZT ANFRAGEN<\/a>\n      <\/div>\n  <\/div>            <link rel=\"stylesheet\" type=\"text\/css\" href=\"https:\/\/www.teleskopeffekt.de\/wp-content\/themes\/boxed-theme\/includes\/blocks\/block_wysiwyg\/style.css\">\n            <\/div>\n\n\n<div class=\"row block-1652549239 rmt rmb row-small \">\n\n<div class=\"col col-12 col-lg-12 block-counted\">\n<div class=\"row\">\n            <div class=\"col-12 col-lg-6 counted-container\">\n                <span class=\"counter\">1<\/span>\n                <p class=\"counted-content\">Team: \r\nLerne die kreativen K\u00f6pfe hinter der TeleskopEffekt GmbH kennen \u2013 ein Team aus vision\u00e4ren Denkern, Machern und Gestaltern, die Innovation leben und atmen.<p>\n            <\/div>\n            \n            <div class=\"col-12 col-lg-6 counted-container\">\n                <span class=\"counter\">2<\/span>\n                <p class=\"counted-content\">Karriere: \r\nWerde Teil unseres Teams und gestalte die Zukunft mit uns! Bei der TeleskopEffekt GmbH findest du nicht nur einen Job, sondern eine Berufung in einem Umfeld, das Kreativit\u00e4t, Eigenverantwortung und Innovation f\u00f6rdert.<p>\n            <\/div>\n            \n            <div class=\"col-12 col-lg-6 counted-container\">\n                <span class=\"counter\">3<\/span>\n                <p class=\"counted-content\">Anfahrt &amp; Parken: \r\nDein Weg zu uns in die Werkbank32. Hier findest du alle Informationen f\u00fcr eine stressfreie Anreise, egal ob mit dem Auto, der Bahn oder dem Fahrrad.<p>\n            <\/div>\n            \n            <div class=\"col-12 col-lg-6 counted-container\">\n                <span class=\"counter\">4<\/span>\n                <p class=\"counted-content\">Nachhaltigkeit: \r\nErfahre, wie wir bei der TeleskopEffekt GmbH und in der Werkbank32 Nachhaltigkeit in jeden Aspekt unserer Arbeit integrieren \u2013 von umweltfreundlichen Betriebsabl\u00e4ufen bis hin zu unserem Engagement f\u00fcr eine gr\u00fcnere Zukunft.<p>\n            <\/div>\n            <\/div><\/div>            <link rel=\"stylesheet\" type=\"text\/css\" href=\"https:\/\/www.teleskopeffekt.de\/wp-content\/themes\/boxed-theme\/includes\/blocks\/block_counted\/style.css\">\n            <\/div>\n\n\n<div class=\"row block-422736174  row-small \">\n\n<div class=\"col col-12 col-lg-6 block-wysiwyg\"style=\"padding-top:50px; padding-bottom:50px;\">\n\n    <h4 style=\"color:#194673; text-align:left;\">\u00dcber uns<\/h4>\n    \n    <h-subline style=\"color:#194673; text-align:left;\">Entdecke den Puls der Innovation mit der TeleskopEffekt GmbH<\/h-subline>\n    <p>Die TeleskopEffekt GmbH steht f\u00fcr Innovation, Nachhaltigkeit und die Zukunft der Digitalisierung.<\/p>\n<p>Mit unserer Expertise, unserem vielf\u00e4ltigen Team und der inspirierenden Umgebung der Werkbank32 sind wir der ideale Partner f\u00fcr alle, die Ver\u00e4nderung nicht nur mitgestalten, sondern auch erleben wollen.<\/p>\n<p>Tauche ein in die Welt der TeleskopEffekt GmbH und entdecke, wie wir gemeinsam die Zukunft formen k\u00f6nnen.<\/p>\n \n      <div class=\"block-links\" style=\"text-align:left;\"><a class=\"btn btn-primary hero-link-first ext\" href=\"https:\/\/share-eu1.hsforms.com\/14dMXm4DKRZyeo2ZM8DXGtQ2dd7dn\" target=\"\">JETZT ANFRAGEN<\/a>\n      <\/div>\n  <\/div>            <link rel=\"stylesheet\" type=\"text\/css\" href=\"https:\/\/www.teleskopeffekt.de\/wp-content\/themes\/boxed-theme\/includes\/blocks\/block_wysiwyg\/style.css\">\n            \n<div class=\"col col-12 col-lg-6 block-image block-hover-effect\"style=\"padding-top:50px; padding-bottom:50px;\">\n\n    <img decoding=\"async\" class=\"desk-img\" src=\"https:\/\/www.teleskopeffekt.de\/wp-content\/uploads\/2024\/03\/20210714_Werkbank32_69484_Empfang_AS169w-960x540.jpg\" alt=\"\" loading=\"lazy\">\n    <img decoding=\"async\" class=\"mob-img\" src=\"https:\/\/www.teleskopeffekt.de\/wp-content\/uploads\/2024\/03\/20210714_Werkbank32_69484_Empfang_AS169w-576x324.jpg\" alt=\"\" loading=\"lazy\">\n    <\/div>\n\n\n            <link rel=\"stylesheet\" type=\"text\/css\" href=\"https:\/\/www.teleskopeffekt.de\/wp-content\/themes\/boxed-theme\/includes\/blocks\/block_image\/style.css\">\n            <\/div>\n\n\n<div class=\"row block-416223620 rmt rmb row-small \">\n\n<div class=\"col col-12 col-lg-12 block-contact-person block-hover-effect\">\n<div class=\"row\">\n        <div class=\"col-12 col-lg-6 thumb-container\">\n        <img decoding=\"async\" data-no-translation src=\"https:\/\/www.teleskopeffekt.de\/wp-content\/uploads\/2024\/02\/manuela-antrag-500.jpg\">\n        <img decoding=\"async\" data-no-translation class=\"frame-loops\" src=\"\/wp-content\/themes\/boxed-theme\/includes\/media\/theme-icons\/image-frame-loops.svg\">\n        <\/div>\n        <div class=\"col-12 col-lg-6 content-container\">\n            <div class=\"contact-pers-head\">\n                <span class=\"contact-pers-title\">\n                    Manuela Antrag\n                <\/span>\n                <span class=\"contact-pers-job\">\n                    Werkbank32 Managerin \n                <\/span>\n            <\/div>\n            <div class=\"contaact-pers-possibl\">\n                <a href=\"mailto:manuela.antrag@teleskopeffekt.de\"><img decoding=\"async\" class=\"svg-icon icon-mail-outlined\" src=\"https:\/\/www.teleskopeffekt.de\/wp-content\/themes\/boxed-theme\/includes\/media\/icons\/mail-outlined.svg\" alt=\"mail-outlined\"><\/a><a href=\"https:\/\/www.linkedin.com\/in\/manuela-antrag-537a91211\/\"><img decoding=\"async\" class=\"svg-icon icon-linkedin-fill\" src=\"https:\/\/www.teleskopeffekt.de\/wp-content\/themes\/boxed-theme\/includes\/media\/icons\/linkedin-fill.svg\" alt=\"linkedin-fill\"><\/a>\n            <\/div>\n           <a class=\"btn btn-cta\"href=\"mailto:manuela.antrag@teleskopeffekt.de\">JETZT KONTAKT AUFNEHMEN<\/a>\n        <\/div>\n        <script type=\"application\/ld+json\">\n        {\n        \"@context\": \"https:\/\/schema.org\/\",\n        \"@type\": \"Person\",\n        \"name\": \"Manuela Antrag\",\n        \"jobTitle\": \"Werkbank32 Managerin \",\n        \"url\": \"https:\/\/www.teleskopeffekt.de\/et\/team\/manuela-antrag\/\",\n        \"image\": \"https:\/\/www.teleskopeffekt.de\/wp-content\/uploads\/2024\/02\/manuela-antrag-500.jpg\",\n        \"sameAs\": \"https:\/\/www.linkedin.com\/in\/manuela-antrag-537a91211\/\",\n        \"worksFor\": {\n            \"@type\": \"Organization\",\n            \"name\": \"TeleskopEffekt GmbH\"\n            }\n        }\n        <\/script>\n\n    <\/div>\n<\/div>            <link rel=\"stylesheet\" type=\"text\/css\" href=\"https:\/\/www.teleskopeffekt.de\/wp-content\/themes\/boxed-theme\/includes\/blocks\/block_contact_person\/style.css\">\n            <\/div>\n\n\n<div class=\"row block-464239687 rmt rmb row-small \">\n\n    \n    <h2 style=\" text-align:center;\">News<\/h2>\n    \n    \n<div class=\"col col-12 col-lg-12 block-enp\">\n\n    <div class=\"row enp-wrapper\">\n        \n                    <div class=\"col-12 col-lg-4 enp-events-wrapper\">\n            <div class=\"enp-events-wrapper-inner\">\n                    \n                        <div class=\"enp-event-wrapper\">\n                            <a href=\"https:\/\/www.teleskopeffekt.de\/et\/veranstaltung\/bank-innovativ-tag-2026\/\">\n                                <img decoding=\"async\" class=\"enp-event-image\" src=\"https:\/\/www.teleskopeffekt.de\/wp-content\/uploads\/2025\/07\/Agenda_BIT_2025-scaled.png\" alt=\"\">\n                                <div class=\"enp-event-content\">\n                                    <p class=\"enp-event-title\">Bank Innovativ Tag 2026 &#8211; Neugier trifft Mut. Gemeinsam Innovationen im Banking gestalten.<\/p>\n                                    <span class=\"enp-event-date\">14. juuli, 14:00<\/span>\n                                <\/div> \n                            <\/a>\n                        <\/div>\n                    \n                    \n                    \n                        <div class=\"enp-event-wrapper\">\n                            <a href=\"https:\/\/www.teleskopeffekt.de\/et\/veranstaltung\/adg-bank-innovativ-tag-2026\/\">\n                                <img decoding=\"async\" class=\"enp-event-image\" src=\"https:\/\/www.teleskopeffekt.de\/wp-content\/uploads\/2025\/09\/ADG-BIT-Instagram-1.png\" alt=\"\">\n                                <div class=\"enp-event-content\">\n                                    <p class=\"enp-event-title\">ADG Bank Innovativ Tag 2026<\/p>\n                                    <span class=\"enp-event-date\">22. september<\/span>\n                                <\/div> \n                            <\/a>\n                        <\/div>\n                    \n                    \n                <\/div>\n                <a class=\"btn btn-secondary\"href=\"\/veranstaltungen\">Alle Events<\/a>\n                <\/div>\n                <div class=\"col-12 col-lg-4 enp-news-wrapper\">\n                        <div class=\"enp-news-wrapper-inner\">\n                \n                    <a href=\"https:\/\/www.teleskopeffekt.de\/et\/news\/news\/alle\/zukunft-zum-anfassen-im-de-estonia-showroom-mittweida\/\">\n                        <img decoding=\"async\" class=\"enp-news-image\" src=\"https:\/\/www.teleskopeffekt.de\/wp-content\/uploads\/2024\/04\/De-Estonia-Showroom_Beschilderung-368x236.jpg\" alt=\"Zukunft zum Anfassen: Im D(e)-Estonia Showroom Mittweida\">\n                        <span class=\"enp-news-title\" style=\"font-weight:600;\">\n                            Zukunft zum Anfassen: Im D(e)-Estonia Showroom Mittweida\n                        <\/span>\n                        <p>Wie wird aus Digitalisierung ein echter Wettbewerbsvorteil? Im D(e)-Estonia Showroom wird sichtbar, wie effiziente Prozesse und schlanke Strukturen in der Praxis funktionieren.<\/p>\n                    <\/a>\n                    \n                <\/div>\n                <a class=\"btn btn-secondary\"href=\"\/news\/alle\">Alle News<\/a>\n            <\/div>\n                <div class=\"col-12 col-lg-4 enp-podcasts-wrapper\">\n                <div class=\"enp-podcasts-wrapper-inner\">\n                \n                    <a href=\"https:\/\/open.spotify.com\/show\/6Jts9to9IXEnAdvLIku5te?si=0ATLoBz1Rqydge1yOjC2tw&#038;dl_branch=1&#038;nd=1&#038;dlsi=57be0fd6eb5f4f2c\">\n                        <img decoding=\"async\" class=\"enp-podcasts-image\" src=\"https:\/\/www.teleskopeffekt.de\/wp-content\/uploads\/2024\/01\/Spotify-Album-Cover-368x236.jpg\" alt=\"Podcast MutOffensive\">\n                        <span class=\"enp-podcasts-title\" style=\"font-weight:600;\">\n                            Podcast MutOffensive\n                        <\/span>\n                    <\/a>\n                    \n                <\/div>\n                <a class=\"btn btn-secondary\"href=\"\/podcast\">Alle Podcasts<\/a>\n            <\/div>\n    <\/div>\n    <\/div>            <link rel=\"stylesheet\" type=\"text\/css\" href=\"https:\/\/www.teleskopeffekt.de\/wp-content\/themes\/boxed-theme\/includes\/blocks\/block_enp\/style.css\">\n            <\/div>\n\n\n<div class=\"row block-423764032 rmt rmb  \">\n\n    \n    <h2 style=\" text-align:center;\">TeleskopEffekt bei LinkedIn<\/h2>\n    \n    \n    <h6 style=\" text-align:center;\">#TeleskopEffekt<\/h6>\n    \n<div class=\"col col-12 col-lg-12 block-elfsight\">\n    <script src=\"https:\/\/static.elfsight.com\/platform\/platform.js\" data-use-service-core defer><\/script>\n    [borlabs-cookie id=&#8220;elfsight&#8220; type=&#8220;content-blocker&#8220;]\n    <div class=\"elfsight-app-e29aba91-1101-4932-a403-fdaf1ff329bf\" data-elfsight-app-lazy><\/div> [\/borlabs-cookie]<\/div>            <link rel=\"stylesheet\" type=\"text\/css\" href=\"https:\/\/www.teleskopeffekt.de\/wp-content\/themes\/boxed-theme\/includes\/blocks\/block_elfsight\/style.css\">\n            <\/div>","protected":false},"excerpt":{"rendered":"","protected":false},"author":3,"featured_media":0,"parent":0,"menu_order":0,"comment_status":"closed","ping_status":"closed","template":"page-standard.php","meta":{"_acf_changed":true,"content-type":"","_price":"","_stock":"","_tribe_ticket_header":"","_tribe_default_ticket_provider":"","_tribe_ticket_capacity":"0","_ticket_start_date":"","_ticket_end_date":"","_tribe_ticket_show_description":"","_tribe_ticket_show_not_going":false,"_tribe_ticket_use_global_stock":"","_tribe_ticket_global_stock_level":"","_global_stock_mode":"","_global_stock_cap":"","_tribe_rsvp_for_event":"","_tribe_ticket_going_count":"","_tribe_ticket_not_going_count":"","_tribe_tickets_list":"[]","_tribe_ticket_has_attendee_info_fields":false,"footnotes":""},"class_list":["post-241","page","type-page","status-publish","hentry"],"acf":[],"yoast_head":"<!-- This site is optimized with the Yoast SEO plugin v27.2 - https:\/\/yoast.com\/product\/yoast-seo-wordpress\/ -->\n<title>\u00dcber uns - Teleskopeffekt | Innovation f\u00fcr Bank &amp; Mittelstand<\/title>\n<meta name=\"robots\" content=\"index, follow, max-snippet:-1, max-image-preview:large, max-video-preview:-1\" \/>\n<link rel=\"canonical\" href=\"https:\/\/www.teleskopeffekt.de\/et\/meist\/\" \/>\n<meta property=\"og:locale\" content=\"et_EE\" \/>\n<meta property=\"og:type\" content=\"article\" \/>\n<meta property=\"og:title\" content=\"\u00dcber uns - Teleskopeffekt | Innovation f\u00fcr Bank &amp; Mittelstand\" \/>\n<meta property=\"og:url\" content=\"https:\/\/www.teleskopeffekt.de\/et\/meist\/\" \/>\n<meta property=\"og:site_name\" content=\"Teleskopeffekt | Innovation f\u00fcr Bank &amp; Mittelstand\" \/>\n<meta property=\"article:modified_time\" content=\"2024-05-27T09:44:21+00:00\" \/>\n<meta name=\"twitter:card\" content=\"summary_large_image\" \/>\n<script type=\"application\/ld+json\" class=\"yoast-schema-graph\">{\"@context\":\"https:\/\/schema.org\",\"@graph\":[{\"@type\":\"WebPage\",\"@id\":\"https:\/\/www.teleskopeffekt.de\/ueber-uns\/\",\"url\":\"https:\/\/www.teleskopeffekt.de\/ueber-uns\/\",\"name\":\"\u00dcber uns - Teleskopeffekt | Innovation f\u00fcr Bank &amp; Mittelstand\",\"isPartOf\":{\"@id\":\"https:\/\/www.teleskopeffekt.de\/#website\"},\"datePublished\":\"2023-11-27T09:31:15+00:00\",\"dateModified\":\"2024-05-27T09:44:21+00:00\",\"breadcrumb\":{\"@id\":\"https:\/\/www.teleskopeffekt.de\/ueber-uns\/#breadcrumb\"},\"inLanguage\":\"et\",\"potentialAction\":[{\"@type\":\"ReadAction\",\"target\":[\"https:\/\/www.teleskopeffekt.de\/ueber-uns\/\"]}]},{\"@type\":\"BreadcrumbList\",\"@id\":\"https:\/\/www.teleskopeffekt.de\/ueber-uns\/#breadcrumb\",\"itemListElement\":[{\"@type\":\"ListItem\",\"position\":1,\"name\":\"Teleskopeffekt\",\"item\":\"https:\/\/www.teleskopeffekt.de\/\"},{\"@type\":\"ListItem\",\"position\":2,\"name\":\"\u00dcber uns\"}]},{\"@type\":\"WebSite\",\"@id\":\"https:\/\/www.teleskopeffekt.de\/#website\",\"url\":\"https:\/\/www.teleskopeffekt.de\/\",\"name\":\"Teleskopeffekt | Innovation f\u00fcr Bank &amp; Mittelstand\",\"description\":\"\",\"potentialAction\":[{\"@type\":\"SearchAction\",\"target\":{\"@type\":\"EntryPoint\",\"urlTemplate\":\"https:\/\/www.teleskopeffekt.de\/?s={search_term_string}\"},\"query-input\":{\"@type\":\"PropertyValueSpecification\",\"valueRequired\":true,\"valueName\":\"search_term_string\"}}],\"inLanguage\":\"et\"}]}<\/script>\n<!-- \/ Yoast SEO plugin. -->","yoast_head_json":{"title":"Meist - Teleskoopi efekt | Innovatsioon pankadele ja VKEdele","robots":{"index":"index","follow":"follow","max-snippet":"max-snippet:-1","max-image-preview":"max-image-preview:large","max-video-preview":"max-video-preview:-1"},"canonical":"https:\/\/www.teleskopeffekt.de\/et\/meist\/","og_locale":"et_EE","og_type":"article","og_title":"\u00dcber uns - Teleskopeffekt | Innovation f\u00fcr Bank &amp; Mittelstand","og_url":"https:\/\/www.teleskopeffekt.de\/et\/meist\/","og_site_name":"Teleskopeffekt | Innovation f\u00fcr Bank &amp; Mittelstand","article_modified_time":"2024-05-27T09:44:21+00:00","twitter_card":"summary_large_image","schema":{"@context":"https:\/\/schema.org","@graph":[{"@type":"WebPage","@id":"https:\/\/www.teleskopeffekt.de\/ueber-uns\/","url":"https:\/\/www.teleskopeffekt.de\/ueber-uns\/","name":"Meist - Teleskoopi efekt | Innovatsioon pankadele ja VKEdele","isPartOf":{"@id":"https:\/\/www.teleskopeffekt.de\/#website"},"datePublished":"2023-11-27T09:31:15+00:00","dateModified":"2024-05-27T09:44:21+00:00","breadcrumb":{"@id":"https:\/\/www.teleskopeffekt.de\/ueber-uns\/#breadcrumb"},"inLanguage":"et","potentialAction":[{"@type":"ReadAction","target":["https:\/\/www.teleskopeffekt.de\/ueber-uns\/"]}]},{"@type":"BreadcrumbList","@id":"https:\/\/www.teleskopeffekt.de\/ueber-uns\/#breadcrumb","itemListElement":[{"@type":"ListItem","position":1,"name":"Teleskopeffekt","item":"https:\/\/www.teleskopeffekt.de\/"},{"@type":"ListItem","position":2,"name":"\u00dcber uns"}]},{"@type":"WebSite","@id":"https:\/\/www.teleskopeffekt.de\/#website","url":"https:\/\/www.teleskopeffekt.de\/","name":"Teleskoobiefekt | Innovatsioon pankade ja VKEde jaoks","description":"","potentialAction":[{"@type":"SearchAction","target":{"@type":"EntryPoint","urlTemplate":"https:\/\/www.teleskopeffekt.de\/?s={search_term_string}"},"query-input":{"@type":"PropertyValueSpecification","valueRequired":true,"valueName":"search_term_string"}}],"inLanguage":"et"}]}},"_links":{"self":[{"href":"https:\/\/www.teleskopeffekt.de\/et\/wp-json\/wp\/v2\/pages\/241","targetHints":{"allow":["GET"]}}],"collection":[{"href":"https:\/\/www.teleskopeffekt.de\/et\/wp-json\/wp\/v2\/pages"}],"about":[{"href":"https:\/\/www.teleskopeffekt.de\/et\/wp-json\/wp\/v2\/types\/page"}],"author":[{"embeddable":true,"href":"https:\/\/www.teleskopeffekt.de\/et\/wp-json\/wp\/v2\/users\/3"}],"replies":[{"embeddable":true,"href":"https:\/\/www.teleskopeffekt.de\/et\/wp-json\/wp\/v2\/comments?post=241"}],"version-history":[{"count":0,"href":"https:\/\/www.teleskopeffekt.de\/et\/wp-json\/wp\/v2\/pages\/241\/revisions"}],"wp:attachment":[{"href":"https:\/\/www.teleskopeffekt.de\/et\/wp-json\/wp\/v2\/media?parent=241"}],"curies":[{"name":"wp","href":"https:\/\/api.w.org\/{rel}","templated":true}]}}