{"id":1876,"date":"2024-02-23T16:23:00","date_gmt":"2024-02-23T15:23:00","guid":{"rendered":"http:\/\/teleskopeffekt.de.domainpreview.eu\/?page_id=1876"},"modified":"2024-05-23T13:37:38","modified_gmt":"2024-05-23T11:37:38","slug":"osalemisstrateegia","status":"publish","type":"page","link":"https:\/\/www.teleskopeffekt.de\/et\/fuer-banken\/beteiligungsstrategie\/","title":{"rendered":"Osalemisstrateegia"},"content":{"rendered":"\n<div class=\"row block-394354409 rmt rmb row-small \">\n\n<div class=\"col col-12 col-lg-6 block-image block-hover-effect\"style=\"padding-right:0px; padding-left: 0px;\">\n\n    <img decoding=\"async\" class=\"desk-img\" src=\"https:\/\/www.teleskopeffekt.de\/wp-content\/uploads\/2024\/02\/TeleskopEffekt030-scaled-960x640.jpg\" alt=\"\" loading=\"lazy\">\n    <img decoding=\"async\" class=\"mob-img\" src=\"https:\/\/www.teleskopeffekt.de\/wp-content\/uploads\/2024\/02\/TeleskopEffekt030-scaled-576x384.jpg\" alt=\"\" loading=\"lazy\">\n    <\/div>\n\n\n            <link rel=\"stylesheet\" type=\"text\/css\" href=\"https:\/\/www.teleskopeffekt.de\/wp-content\/themes\/boxed-theme\/includes\/blocks\/block_image\/style.css\">\n            \n<div class=\"col col-12 col-lg-6 block-wysiwyg\">\n\n    <h2 style=\" text-align:left;\">Beteiligungsstrategie f\u00fcr Banken<\/h2>\n    \n    <h-subline style=\" text-align:left;\">Dein Schl\u00fcssel zu nachhaltigem Wachstum und Innovation<\/h-subline>\n    <p>Die Finanzwelt entwickelt sich rasant weiter. Eine kluge Beteiligungsstrategie ist f\u00fcr Regionalbanken unerl\u00e4sslich, die sich im Bereich Start-ups, besonders in der dynamischen FinTech-Branche, etablieren m\u00f6chten.<\/p>\n<p>Unser EffektTag vermittelt tiefgreifendes Wissen \u00fcber Start-up-Investments &#8211; von der Markteinsch\u00e4tzung bis hin zu spezifischen Vertragsgestaltungen. Wir bereiten dich darauf vor, informierte Entscheidungen zu treffen und strategische Beteiligungen effektiv zu managen.<\/p>\n \n      <div class=\"block-links\" style=\"text-align:left;\"><a class=\"btn btn-primary hero-link-first\" href=\"#EffektTag\" target=\"\">Unsere L\u00f6sungen<\/a>\n      <\/div>\n  <\/div>            <link rel=\"stylesheet\" type=\"text\/css\" href=\"https:\/\/www.teleskopeffekt.de\/wp-content\/themes\/boxed-theme\/includes\/blocks\/block_wysiwyg\/style.css\">\n            <\/div>\n\n\n<div id=\"Aufz\u00e4hlung\" class=\"row block-1165443202 rmt rmb row-small \">\n\n    <style>\n    .block-counted.ident66343552 p,\n    .block-counted.ident66343552 span {\n     color:#194673;\n    }\n    <\/style>\n    \n<div class=\"col col-12 col-lg-12 block-counted ident66343552\" style=\"color:#194673; padding-top:50px; padding-bottom:50px;\">\n<div class=\"row\">\n            <div class=\"col-12 col-lg-6 counted-container\">\n                <span class=\"counter\">1<\/span>\n                <p class=\"counted-content\">Marktverst\u00e4ndnis: \r\nErhalte einen umfassenden \u00dcberblick \u00fcber den deutschen Start-up-Markt und die aktuellen Technologietrends.<p>\n            <\/div>\n            \n            <div class=\"col-12 col-lg-6 counted-container\">\n                <span class=\"counter\">2<\/span>\n                <p class=\"counted-content\">Investitionsstrategien: \r\nLerne, wie du strategische Start-up-Investments t\u00e4tigst und welche Venture Capital Player f\u00fcr dich relevant sind.<p>\n            <\/div>\n            \n            <div class=\"col-12 col-lg-6 counted-container\">\n                <span class=\"counter\">3<\/span>\n                <p class=\"counted-content\">Bewertungs- und Finanzierungswissen: \r\nVerstehe die Mechanismen hinter VC-Fonds, Gesch\u00e4ftsmodellanalysen und Beteiligungsrunden.<p>\n            <\/div>\n            \n            <div class=\"col-12 col-lg-6 counted-container\">\n                <span class=\"counter\">4<\/span>\n                <p class=\"counted-content\">Rechtliche Rahmenbedingungen: \r\nInformiere dich \u00fcber aufsichtsrechtliche und bankinterne Vorgaben sowie spezielle Regelungen f\u00fcr Start-up-Beteiligungen.<p>\n            <\/div>\n            <\/div><\/div>            <link rel=\"stylesheet\" type=\"text\/css\" href=\"https:\/\/www.teleskopeffekt.de\/wp-content\/themes\/boxed-theme\/includes\/blocks\/block_counted\/style.css\">\n            <\/div>\n\n\n<div class=\"row block-981905620 rmt rmb row-small \">\n\n<div class=\"col col-12 col-lg-12 block-contact-person block-hover-effect\"style=\"padding-top:50px; padding-bottom:50px;\">\n<div class=\"row\">\n        <div class=\"col-12 col-lg-6 thumb-container\">\n        <img decoding=\"async\" data-no-translation src=\"https:\/\/www.teleskopeffekt.de\/wp-content\/uploads\/2024\/02\/prof-dr-alexander-knauer-500.jpg\">\n        <img decoding=\"async\" data-no-translation class=\"frame-loops\" src=\"\/wp-content\/themes\/boxed-theme\/includes\/media\/theme-icons\/image-frame-loops.svg\">\n        <\/div>\n        <div class=\"col-12 col-lg-6 content-container\">\n            <div class=\"contact-pers-head\">\n                <span class=\"contact-pers-title\">\n                    Prof. Alexander Knauer\n                <\/span>\n                <span class=\"contact-pers-job\">\n                    Gesch\u00e4ftsf\u00fchrer \n                <\/span>\n            <\/div>\n            <div class=\"contaact-pers-possibl\">\n                <a href=\"mailto:alexander.knauer@teleskopeffekt.de\"><img decoding=\"async\" class=\"svg-icon icon-mail-outlined\" src=\"https:\/\/www.teleskopeffekt.de\/wp-content\/themes\/boxed-theme\/includes\/media\/icons\/mail-outlined.svg\" alt=\"mail-outlined\"><\/a><a href=\"https:\/\/www.linkedin.com\/in\/alexanderknauer\/\"><img decoding=\"async\" class=\"svg-icon icon-linkedin-fill\" src=\"https:\/\/www.teleskopeffekt.de\/wp-content\/themes\/boxed-theme\/includes\/media\/icons\/linkedin-fill.svg\" alt=\"linkedin-fill\"><\/a>\n            <\/div>\n           <a class=\"btn btn-cta\"href=\"mailto:alexander.knauer@teleskopeffekt.de\">JETZT KONTAKT AUFNEHMEN<\/a>\n        <\/div>\n        <script type=\"application\/ld+json\">\n        {\n        \"@context\": \"https:\/\/schema.org\/\",\n        \"@type\": \"Person\",\n        \"name\": \"Prof. Alexander Knauer\",\n        \"jobTitle\": \"Gesch\u00e4ftsf\u00fchrer \",\n        \"url\": \"https:\/\/www.teleskopeffekt.de\/et\/team\/prof-dr-alexander-knauer\/\",\n        \"image\": \"https:\/\/www.teleskopeffekt.de\/wp-content\/uploads\/2024\/02\/prof-dr-alexander-knauer-500.jpg\",\n        \"sameAs\": \"https:\/\/www.linkedin.com\/in\/alexanderknauer\/\",\n        \"worksFor\": {\n            \"@type\": \"Organization\",\n            \"name\": \"TeleskopEffekt GmbH\"\n            }\n        }\n        <\/script>\n\n    <\/div>\n<\/div>            <link rel=\"stylesheet\" type=\"text\/css\" href=\"https:\/\/www.teleskopeffekt.de\/wp-content\/themes\/boxed-theme\/includes\/blocks\/block_contact_person\/style.css\">\n            <\/div>\n\n\n<div id=\"EffektTag\" class=\"row block-261078187  row-small \">\n\n<div class=\"col col-12 col-lg-6 block-wysiwyg\"style=\"padding-top:50px; padding-bottom:50px;\">\n\n    <h3 style=\"color:#194673; text-align:left;\">EffektTag<\/h3>\n    \n    <h-subline style=\"color:#194673; text-align:left;\">StartUp Investments und Beteiligungsstrategie<\/h-subline>\n    <p>Entfessle das Potenzial deiner Bank durch strategische Start-up-Beteiligungen. Unser EffektTag zu Start-up-Investments und Beteiligungsstrategie r\u00fcstet dich mit dem n\u00f6tigen Know-how aus, um in der dynamischen Welt der FinTechs und Start-ups zu navigieren. Wir zeigen dir, wie sich deine Regionalbank erfolgreich bei Start-ups positionieren und so die digitale Transformation vorantreiben kann.<\/p>\n<p><strong>Was du gewinnst du:<\/strong><\/p>\n<ol>\n<li><strong>Tiefgreifendes Marktverst\u00e4ndnis:<\/strong> Erhalte Einblicke in den deutschen Start-up-Markt und aktuelle Technologietrends.<\/li>\n<li><strong>Strategische Investmentans\u00e4tze:<\/strong> Lerne, wie du die richtigen Start-ups identifizierst und zu welchem Zeitpunkt Investments am sinnvollsten sind.<\/li>\n<li><strong>Wissen um Finanzierung und Vertragsgestaltung:<\/strong> Verstehe die Feinheiten von VC-Fonds, Gesch\u00e4ftsmodellanalysen, Deal Valuation und Cap Table Berechnungen.<\/li>\n<li><strong>Rechtliche und regulatorische Rahmenbedingungen:<\/strong> Mach dich mit den aufsichtsrechtlichen und bankinternen Vorgaben sowie speziellen Regelungen f\u00fcr Beteiligungsstrategien vertraut.<\/li>\n<\/ol>\n<\/div>            <link rel=\"stylesheet\" type=\"text\/css\" href=\"https:\/\/www.teleskopeffekt.de\/wp-content\/themes\/boxed-theme\/includes\/blocks\/block_wysiwyg\/style.css\">\n            \n<div class=\"col col-12 col-lg-6 block-image block-hover-effect\"style=\"padding-top:50px; padding-bottom:50px;\">\n\n    <img decoding=\"async\" class=\"desk-img\" src=\"https:\/\/www.teleskopeffekt.de\/wp-content\/uploads\/2024\/02\/TeleskopEffekt037-scaled-960x640.jpg\" alt=\"\" loading=\"lazy\">\n    <img decoding=\"async\" class=\"mob-img\" src=\"https:\/\/www.teleskopeffekt.de\/wp-content\/uploads\/2024\/02\/TeleskopEffekt037-scaled-576x384.jpg\" alt=\"\" loading=\"lazy\">\n    <\/div>\n\n\n            <link rel=\"stylesheet\" type=\"text\/css\" href=\"https:\/\/www.teleskopeffekt.de\/wp-content\/themes\/boxed-theme\/includes\/blocks\/block_image\/style.css\">\n            \n<div class=\"col col-12 col-lg-12 block-wysiwyg\">\n\n    <h-subline style=\" text-align:left;\">Details zum Workshop:<\/h-subline>\n    <p>Unser EffektTag zu Start-up-Investments und Beteiligungsstrategie ist ein intensiver Workshop, der von 9 bis 17 Uhr dauert und dir praxisnahe Einblicke sowie konkrete Beispiele bietet. Wir decken alles ab \u2013 von FinTech-Trends \u00fcber Venture Capital bis hin zu rechtlichen Rahmenbedingungen. Du kannst w\u00e4hlen zwischen:<\/p>\n<ul>\n<li>Vor Ort in der Werkbank 32 f\u00fcr 4.500,00\u20ac netto inkl. Raum- &amp; Technikkosten sowie Catering<\/li>\n<li>Bei dir vor Ort f\u00fcr 4.500,00\u20ac netto exklusive Fahrt-\/Reisekosten<\/li>\n<\/ul>\n<p>Bist du bereit, deine Bank mit strategischen Start-up-Beteiligungen zukunftssicher zu machen? Unsere Expertise \u00f6ffnet dir die T\u00fcren zu neuen Technologien und innovativen Gesch\u00e4ftsmodellen. Kontaktiere uns und sichere dir deinen Platz!<\/p>\n \n      <div class=\"block-links\" style=\"text-align:left;\"><a class=\"btn btn-primary hero-link-first ext\" href=\"https:\/\/share-eu1.hsforms.com\/1IxdgUCh6Q4aHfFuLuB8ZLQ2dd7dn\" target=\"\">JETZT ANFRAGEN<\/a>\n      <\/div>\n  <\/div>            <link rel=\"stylesheet\" type=\"text\/css\" href=\"https:\/\/www.teleskopeffekt.de\/wp-content\/themes\/boxed-theme\/includes\/blocks\/block_wysiwyg\/style.css\">\n            <\/div>\n\n\n<div class=\"row block-1195587274 rmt rmb row-small-back-overfl no-overflow \" style=\"background:#194673;\">\n\n    \n    <h6 style=\"color:#ffffff; text-align:center;\">Im Bereich Beteiligungsstrategie r\u00fcsten wir dich f\u00fcr fundierte Entscheidungen <\/h6>\n    \n    \n    <style>\n    .block-wysiwyg.ident46734461 p,\n    .block-wysiwyg.ident46734461 span {\n     color:#ffffff;\n    }\n    <\/style>\n    \n<div class=\"col col-12 col-lg-12 block-wysiwyg ident46734461\" style=\"color:#ffffff;\">\n<p style=\"text-align: center;\">Unser EffektTag gibt dir das n\u00f6tige Know-how, um in die Welt der Start-up-Investments einzusteigen.<\/p>\n<p style=\"text-align: center;\">Bist du bereit, deine Bank zukunftsf\u00e4hig zu machen und in Innovation zu investieren?<\/p>\n \n      <div class=\"block-links\" style=\"text-align:center;\"><a class=\"btn btn-cta-inv hero-link-first ext\" href=\"https:\/\/share-eu1.hsforms.com\/1IxdgUCh6Q4aHfFuLuB8ZLQ2dd7dn\" target=\"\">JETZT ANFRAGEN<\/a>\n      <\/div>\n  <\/div>            <link rel=\"stylesheet\" type=\"text\/css\" href=\"https:\/\/www.teleskopeffekt.de\/wp-content\/themes\/boxed-theme\/includes\/blocks\/block_wysiwyg\/style.css\">\n            <\/div>\n\n\n<div class=\"row block-21934518 rmt rmb row-small \">\n\n    <style>\n    .block-faq.ident81412992 p,\n    .block-faq.ident81412992 span {\n     color:#0c121c;\n    }\n    <\/style>\n    \n<div class=\"col col-12 col-lg-12 block-faq ident81412992\" style=\"color:#0c121c; padding-top:50px; padding-bottom:50px;\">\n\n    <h2 style=\"color:#194673; text-align:left;\">FAQ<\/h2>\n    <div class=\"row\"><div class=\"col-12 col-lg-6\">\n               <h3>Warum sollte meine Bank in Start-ups investieren?<\/h3>\n                <p>Start-up-Investments erm\u00f6glichen Zugang zu neuen Technologien und Gesch\u00e4ftsmodellen, f\u00f6rdern Innovation und k\u00f6nnen langfristig deine Wettbewerbsf\u00e4higkeit steigern.<\/p>\n            <\/div><div class=\"col-12 col-lg-6\">\n               <h3>Wann ist der richtige Zeitpunkt f\u00fcr ein Investment?<\/h3>\n                <p>Der ideale Zeitpunkt h\u00e4ngt von Marktbedingungen, der Reife des Start-ups und deinen strategischen Zielen ab.<\/p>\n            <\/div><div class=\"col-12 col-lg-6\">\n               <h3>Auf welche Vertragsgestaltungsaspekte muss ich achten?<\/h3>\n                <p>Achte auf die Bewertung des Start-ups, die Beteiligungsstruktur, Schutzrechte und Ausstiegsoptionen.<\/p>\n            <\/div><div class=\"col-12 col-lg-6\">\n               <h3>Wie finde und bewerte ich potenzielle Start-up-Investments?<\/h3>\n                <p>Durch systematisches Screening, detaillierte Gesch\u00e4ftsmodellanalysen und Evaluierung der Finanzierungsphasen.<\/p>\n            <\/div><div class=\"col-12 col-lg-6\">\n               <h3>Welche regulatorischen Anforderungen sind zu ber\u00fccksichtigen?<\/h3>\n                <p>Investitionen m\u00fcssen aufsichtsrechtliche Bestimmungen einhalten und mit internen Richtlinien \u00fcbereinstimmen.<\/p>\n            <\/div><div class=\"col-12 col-lg-6\">\n               <h3>Wie profitiert meine Bank von FinTech-Kooperationen?<\/h3>\n                <p>Kooperationen mit FinTechs k\u00f6nnen Innovation bei Produkten und Dienstleistungen vorantreiben, die Kundenbindung st\u00e4rken und neue Einnahmequellen erschlie\u00dfen.<\/p>\n            <\/div>\n    <script type=application\/ld+json>{\"@context\":\"https:\/\/schema.org\",\"@type\":\"FAQPage\",\"mainEntity\":[{\"@type\":\"Question\",\"name\":\"Warum sollte meine Bank in Start-ups investieren?\",\"acceptedAnswer\":{\"@type\":\"Answer\",\"text\":\"Start-up-Investments erm\u00f6glichen Zugang zu neuen Technologien und Gesch\u00e4ftsmodellen, f\u00f6rdern Innovation und k\u00f6nnen langfristig deine Wettbewerbsf\u00e4higkeit steigern.\"}},{\"@type\":\"Question\",\"name\":\"Wann ist der richtige Zeitpunkt f\u00fcr ein Investment?\",\"acceptedAnswer\":{\"@type\":\"Answer\",\"text\":\"Der ideale Zeitpunkt h\u00e4ngt von Marktbedingungen, der Reife des Start-ups und deinen strategischen Zielen ab.\"}},{\"@type\":\"Question\",\"name\":\"Auf welche Vertragsgestaltungsaspekte muss ich achten?\",\"acceptedAnswer\":{\"@type\":\"Answer\",\"text\":\"Achte auf die Bewertung des Start-ups, die Beteiligungsstruktur, Schutzrechte und Ausstiegsoptionen.\"}},{\"@type\":\"Question\",\"name\":\"Wie finde und bewerte ich potenzielle Start-up-Investments?\",\"acceptedAnswer\":{\"@type\":\"Answer\",\"text\":\"Durch systematisches Screening, detaillierte Gesch\u00e4ftsmodellanalysen und Evaluierung der Finanzierungsphasen.\"}},{\"@type\":\"Question\",\"name\":\"Welche regulatorischen Anforderungen sind zu ber\u00fccksichtigen?\",\"acceptedAnswer\":{\"@type\":\"Answer\",\"text\":\"Investitionen m\u00fcssen aufsichtsrechtliche Bestimmungen einhalten und mit internen Richtlinien \u00fcbereinstimmen.\"}},{\"@type\":\"Question\",\"name\":\"Wie profitiert meine Bank von FinTech-Kooperationen?\",\"acceptedAnswer\":{\"@type\":\"Answer\",\"text\":\"Kooperationen mit FinTechs k\u00f6nnen Innovation bei Produkten und Dienstleistungen vorantreiben, die Kundenbindung st\u00e4rken und neue Einnahmequellen erschlie\u00dfen.\"}}\n        ]} <\/script><\/div><\/div>            <link rel=\"stylesheet\" type=\"text\/css\" href=\"https:\/\/www.teleskopeffekt.de\/wp-content\/themes\/boxed-theme\/includes\/blocks\/block_faq\/style.css\">\n            <\/div>","protected":false},"excerpt":{"rendered":"","protected":false},"author":4,"featured_media":0,"parent":263,"menu_order":0,"comment_status":"closed","ping_status":"closed","template":"page-standard.php","meta":{"_acf_changed":true,"content-type":"","_price":"","_stock":"","_tribe_ticket_header":"","_tribe_default_ticket_provider":"","_tribe_ticket_capacity":"0","_ticket_start_date":"","_ticket_end_date":"","_tribe_ticket_show_description":"","_tribe_ticket_show_not_going":false,"_tribe_ticket_use_global_stock":"","_tribe_ticket_global_stock_level":"","_global_stock_mode":"","_global_stock_cap":"","_tribe_rsvp_for_event":"","_tribe_ticket_going_count":"","_tribe_ticket_not_going_count":"","_tribe_tickets_list":"[]","_tribe_ticket_has_attendee_info_fields":false,"footnotes":""},"class_list":["post-1876","page","type-page","status-publish","hentry"],"acf":[],"yoast_head":"<!-- This site is optimized with the Yoast SEO plugin v27.2 - https:\/\/yoast.com\/product\/yoast-seo-wordpress\/ -->\n<title>Beteiligungsstrategie - Teleskopeffekt | Innovation f\u00fcr Bank &amp; Mittelstand<\/title>\n<meta name=\"robots\" content=\"index, follow, max-snippet:-1, max-image-preview:large, max-video-preview:-1\" \/>\n<link rel=\"canonical\" href=\"https:\/\/www.teleskopeffekt.de\/et\/pankade-jaoks\/osalemisstrateegia\/\" \/>\n<meta property=\"og:locale\" content=\"et_EE\" \/>\n<meta property=\"og:type\" content=\"article\" \/>\n<meta property=\"og:title\" content=\"Beteiligungsstrategie - Teleskopeffekt | Innovation f\u00fcr Bank &amp; Mittelstand\" \/>\n<meta property=\"og:url\" content=\"https:\/\/www.teleskopeffekt.de\/et\/pankade-jaoks\/osalemisstrateegia\/\" \/>\n<meta property=\"og:site_name\" content=\"Teleskopeffekt | Innovation f\u00fcr Bank &amp; Mittelstand\" \/>\n<meta property=\"article:modified_time\" content=\"2024-05-23T11:37:38+00:00\" \/>\n<meta name=\"twitter:card\" content=\"summary_large_image\" \/>\n<script type=\"application\/ld+json\" class=\"yoast-schema-graph\">{\"@context\":\"https:\/\/schema.org\",\"@graph\":[{\"@type\":\"WebPage\",\"@id\":\"https:\/\/www.teleskopeffekt.de\/fuer-banken\/beteiligungsstrategie\/\",\"url\":\"https:\/\/www.teleskopeffekt.de\/fuer-banken\/beteiligungsstrategie\/\",\"name\":\"Beteiligungsstrategie - Teleskopeffekt | Innovation f\u00fcr Bank &amp; Mittelstand\",\"isPartOf\":{\"@id\":\"https:\/\/www.teleskopeffekt.de\/#website\"},\"datePublished\":\"2024-02-23T15:23:00+00:00\",\"dateModified\":\"2024-05-23T11:37:38+00:00\",\"breadcrumb\":{\"@id\":\"https:\/\/www.teleskopeffekt.de\/fuer-banken\/beteiligungsstrategie\/#breadcrumb\"},\"inLanguage\":\"et\",\"potentialAction\":[{\"@type\":\"ReadAction\",\"target\":[\"https:\/\/www.teleskopeffekt.de\/fuer-banken\/beteiligungsstrategie\/\"]}]},{\"@type\":\"BreadcrumbList\",\"@id\":\"https:\/\/www.teleskopeffekt.de\/fuer-banken\/beteiligungsstrategie\/#breadcrumb\",\"itemListElement\":[{\"@type\":\"ListItem\",\"position\":1,\"name\":\"Teleskopeffekt\",\"item\":\"https:\/\/www.teleskopeffekt.de\/\"},{\"@type\":\"ListItem\",\"position\":2,\"name\":\"TeleskopEffekt Startseite\",\"item\":\"https:\/\/www.teleskopeffekt.de\/\"},{\"@type\":\"ListItem\",\"position\":3,\"name\":\"Beteiligungsstrategie\"}]},{\"@type\":\"WebSite\",\"@id\":\"https:\/\/www.teleskopeffekt.de\/#website\",\"url\":\"https:\/\/www.teleskopeffekt.de\/\",\"name\":\"Teleskopeffekt | Innovation f\u00fcr Bank &amp; Mittelstand\",\"description\":\"\",\"potentialAction\":[{\"@type\":\"SearchAction\",\"target\":{\"@type\":\"EntryPoint\",\"urlTemplate\":\"https:\/\/www.teleskopeffekt.de\/?s={search_term_string}\"},\"query-input\":{\"@type\":\"PropertyValueSpecification\",\"valueRequired\":true,\"valueName\":\"search_term_string\"}}],\"inLanguage\":\"et\"}]}<\/script>\n<!-- \/ Yoast SEO plugin. -->","yoast_head_json":{"title":"Investeerimisstrateegia - Teleskoobiefekt | Innovatsioon pankade ja VKEde jaoks","robots":{"index":"index","follow":"follow","max-snippet":"max-snippet:-1","max-image-preview":"max-image-preview:large","max-video-preview":"max-video-preview:-1"},"canonical":"https:\/\/www.teleskopeffekt.de\/et\/pankade-jaoks\/osalemisstrateegia\/","og_locale":"et_EE","og_type":"article","og_title":"Beteiligungsstrategie - Teleskopeffekt | Innovation f\u00fcr Bank &amp; Mittelstand","og_url":"https:\/\/www.teleskopeffekt.de\/et\/pankade-jaoks\/osalemisstrateegia\/","og_site_name":"Teleskopeffekt | Innovation f\u00fcr Bank &amp; Mittelstand","article_modified_time":"2024-05-23T11:37:38+00:00","twitter_card":"summary_large_image","schema":{"@context":"https:\/\/schema.org","@graph":[{"@type":"WebPage","@id":"https:\/\/www.teleskopeffekt.de\/fuer-banken\/beteiligungsstrategie\/","url":"https:\/\/www.teleskopeffekt.de\/fuer-banken\/beteiligungsstrategie\/","name":"Investeerimisstrateegia - Teleskoobiefekt | Innovatsioon pankade ja VKEde jaoks","isPartOf":{"@id":"https:\/\/www.teleskopeffekt.de\/#website"},"datePublished":"2024-02-23T15:23:00+00:00","dateModified":"2024-05-23T11:37:38+00:00","breadcrumb":{"@id":"https:\/\/www.teleskopeffekt.de\/fuer-banken\/beteiligungsstrategie\/#breadcrumb"},"inLanguage":"et","potentialAction":[{"@type":"ReadAction","target":["https:\/\/www.teleskopeffekt.de\/fuer-banken\/beteiligungsstrategie\/"]}]},{"@type":"BreadcrumbList","@id":"https:\/\/www.teleskopeffekt.de\/fuer-banken\/beteiligungsstrategie\/#breadcrumb","itemListElement":[{"@type":"ListItem","position":1,"name":"Teleskopeffekt","item":"https:\/\/www.teleskopeffekt.de\/"},{"@type":"ListItem","position":2,"name":"TeleskopEffekt Startseite","item":"https:\/\/www.teleskopeffekt.de\/"},{"@type":"ListItem","position":3,"name":"Beteiligungsstrategie"}]},{"@type":"WebSite","@id":"https:\/\/www.teleskopeffekt.de\/#website","url":"https:\/\/www.teleskopeffekt.de\/","name":"Teleskoobiefekt | Innovatsioon pankade ja VKEde jaoks","description":"","potentialAction":[{"@type":"SearchAction","target":{"@type":"EntryPoint","urlTemplate":"https:\/\/www.teleskopeffekt.de\/?s={search_term_string}"},"query-input":{"@type":"PropertyValueSpecification","valueRequired":true,"valueName":"search_term_string"}}],"inLanguage":"et"}]}},"_links":{"self":[{"href":"https:\/\/www.teleskopeffekt.de\/et\/wp-json\/wp\/v2\/pages\/1876","targetHints":{"allow":["GET"]}}],"collection":[{"href":"https:\/\/www.teleskopeffekt.de\/et\/wp-json\/wp\/v2\/pages"}],"about":[{"href":"https:\/\/www.teleskopeffekt.de\/et\/wp-json\/wp\/v2\/types\/page"}],"author":[{"embeddable":true,"href":"https:\/\/www.teleskopeffekt.de\/et\/wp-json\/wp\/v2\/users\/4"}],"replies":[{"embeddable":true,"href":"https:\/\/www.teleskopeffekt.de\/et\/wp-json\/wp\/v2\/comments?post=1876"}],"version-history":[{"count":0,"href":"https:\/\/www.teleskopeffekt.de\/et\/wp-json\/wp\/v2\/pages\/1876\/revisions"}],"up":[{"embeddable":true,"href":"https:\/\/www.teleskopeffekt.de\/et\/wp-json\/wp\/v2\/pages\/263"}],"wp:attachment":[{"href":"https:\/\/www.teleskopeffekt.de\/et\/wp-json\/wp\/v2\/media?parent=1876"}],"curies":[{"name":"wp","href":"https:\/\/api.w.org\/{rel}","templated":true}]}}