{"id":1864,"date":"2024-02-23T15:50:29","date_gmt":"2024-02-23T14:50:29","guid":{"rendered":"http:\/\/teleskopeffekt.de.domainpreview.eu\/?page_id=1864"},"modified":"2024-05-23T13:49:56","modified_gmt":"2024-05-23T11:49:56","slug":"moderation-impulsvortrag","status":"publish","type":"page","link":"https:\/\/www.teleskopeffekt.de\/et\/fuer-banken\/moderation-impulsvortrag\/","title":{"rendered":"Modereerimine ja p\u00f5hik\u00f5ne"},"content":{"rendered":"\n<div class=\"row block-1251465683 rmt rmb row-small \">\n\n<div class=\"col col-12 col-lg-6 block-image block-hover-effect\"style=\"padding-right:0px; padding-left: 0px;\">\n\n    <img decoding=\"async\" class=\"desk-img\" src=\"https:\/\/www.teleskopeffekt.de\/wp-content\/uploads\/2024\/02\/TagDerOffenenWerkbank_022-scaled-960x640.jpg\" alt=\"\" loading=\"lazy\">\n    <img decoding=\"async\" class=\"mob-img\" src=\"https:\/\/www.teleskopeffekt.de\/wp-content\/uploads\/2024\/02\/TagDerOffenenWerkbank_022-scaled-576x384.jpg\" alt=\"\" loading=\"lazy\">\n    <\/div>\n\n\n            <link rel=\"stylesheet\" type=\"text\/css\" href=\"https:\/\/www.teleskopeffekt.de\/wp-content\/themes\/boxed-theme\/includes\/blocks\/block_image\/style.css\">\n            \n<div class=\"col col-12 col-lg-6 block-wysiwyg\">\n\n    <h2 style=\" text-align:left;\">Erfahrung trifft Inspiration: Moderation &amp; Impulsvortr\u00e4ge von TeleskopEffekt<\/h2>\n    \n    <h-subline style=\" text-align:left;\">Verleihe Deiner Banken-Veranstaltungen Tiefe und Dynamik<\/h-subline>\n    <p>In einer Welt, die von st\u00e4ndigem Wandel und zunehmender Komplexit\u00e4t gepr\u00e4gt ist, bieten wir von TeleskopEffekt einzigartige Moderations- und Vortragsleistungen an, die darauf abzielen, Wissen zu teilen, Perspektiven zu erweitern und transformative Impulse zu setzen.<\/p>\n<p>Unsere erfahrenen Experten nutzen ihre tiefgreifenden Einblicke in die Bankenbranche, um Themen rund um Innovation, Digitalisierung und Nachhaltigkeit lebendig und greifbar zu machen.<\/p>\n \n      <div class=\"block-links\" style=\"text-align:left;\"><a class=\"btn btn-primary hero-link-first ext\" href=\"https:\/\/share-eu1.hsforms.com\/1RCtsgjyDTiSVTL_vGDydjA2dd7dn\" target=\"\">JETZT ANFRAGEN<\/a>\n      <\/div>\n  <\/div>            <link rel=\"stylesheet\" type=\"text\/css\" href=\"https:\/\/www.teleskopeffekt.de\/wp-content\/themes\/boxed-theme\/includes\/blocks\/block_wysiwyg\/style.css\">\n            <\/div>\n\n\n<div class=\"row block-358469246 rmt rmb row-small \">\n\n    <style>\n    .block-counted.ident12059406 p,\n    .block-counted.ident12059406 span {\n     color:#194673;\n    }\n    <\/style>\n    \n<div class=\"col col-12 col-lg-12 block-counted ident12059406\" style=\"color:#194673; padding-top:50px; padding-bottom:50px;\">\n<div class=\"row\">\n            <div class=\"col-12 col-lg-6 counted-container\">\n                <span class=\"counter\">1<\/span>\n                <p class=\"counted-content\">Tiefgreifendes Verst\u00e4ndnis: \r\nUnsere Impulsvortr\u00e4ge vermitteln nicht nur essenzielles Wissen, sondern f\u00f6rdern auch ein tieferes Verst\u00e4ndnis f\u00fcr die Herausforderungen und Chancen in der Bankenbranche.<p>\n            <\/div>\n            \n            <div class=\"col-12 col-lg-6 counted-container\">\n                <span class=\"counter\">2<\/span>\n                <p class=\"counted-content\">Engagierte Interaktion: \r\nDurch professionelle Moderation entsteht ein dynamischer Raum f\u00fcr Dialog und Diskussion, der alle Teilnehmenden aktiv einbindet und zum Mitdenken anregt.<p>\n            <\/div>\n            \n            <div class=\"col-12 col-lg-6 counted-container\">\n                <span class=\"counter\">3<\/span>\n                <p class=\"counted-content\">Innovative Impulse: \r\nWir bringen frische Ideen und Perspektiven ein, die Deine Teams inspirieren und motivieren, neue Wege zu beschreiten.<p>\n            <\/div>\n            \n            <div class=\"col-12 col-lg-6 counted-container\">\n                <span class=\"counter\">4<\/span>\n                <p class=\"counted-content\">Ma\u00dfgeschneiderte Inhalte: \r\nJeder Vortrag und jede Moderation werden speziell auf Deine Bed\u00fcrfnisse zugeschnitten, um maximale Relevanz und Wirkung zu erzielen<p>\n            <\/div>\n            <\/div><\/div>            <link rel=\"stylesheet\" type=\"text\/css\" href=\"https:\/\/www.teleskopeffekt.de\/wp-content\/themes\/boxed-theme\/includes\/blocks\/block_counted\/style.css\">\n            <\/div>\n\n\n<div class=\"row block-1661472497 rmt rmb row-small \">\n\n<div class=\"col col-12 col-lg-12 block-contact-person block-hover-effect\"style=\"padding-top:50px; padding-bottom:50px;\">\n<div class=\"row\">\n        <div class=\"col-12 col-lg-6 thumb-container\">\n        <img decoding=\"async\" data-no-translation src=\"https:\/\/www.teleskopeffekt.de\/wp-content\/uploads\/2024\/02\/dr-benjamin-zeitler-500.jpg\">\n        <img decoding=\"async\" data-no-translation class=\"frame-loops\" src=\"\/wp-content\/themes\/boxed-theme\/includes\/media\/theme-icons\/image-frame-loops.svg\">\n        <\/div>\n        <div class=\"col-12 col-lg-6 content-container\">\n            <div class=\"contact-pers-head\">\n                <span class=\"contact-pers-title\">\n                    Dr. Benjamin Zeitler\n                <\/span>\n                <span class=\"contact-pers-job\">\n                    Gesch\u00e4ftsf\u00fchrer \n                <\/span>\n            <\/div>\n            <div class=\"contaact-pers-possibl\">\n                <a href=\"mailto:benjamin.zeitler@teleskopeffekt.de\"><img decoding=\"async\" class=\"svg-icon icon-mail-outlined\" src=\"https:\/\/www.teleskopeffekt.de\/wp-content\/themes\/boxed-theme\/includes\/media\/icons\/mail-outlined.svg\" alt=\"mail-outlined\"><\/a><a href=\"https:\/\/www.linkedin.com\/in\/benjamin-zeitler-zukunft-machen\/\"><img decoding=\"async\" class=\"svg-icon icon-linkedin-fill\" src=\"https:\/\/www.teleskopeffekt.de\/wp-content\/themes\/boxed-theme\/includes\/media\/icons\/linkedin-fill.svg\" alt=\"linkedin-fill\"><\/a>\n            <\/div>\n           <a class=\"btn btn-cta\"href=\"mailto:benjamin.zeitler@teleskopeffekt.de\">JETZT KONTAKT AUFNEHMEN<\/a>\n        <\/div>\n        <script type=\"application\/ld+json\">\n        {\n        \"@context\": \"https:\/\/schema.org\/\",\n        \"@type\": \"Person\",\n        \"name\": \"Dr. Benjamin Zeitler\",\n        \"jobTitle\": \"Gesch\u00e4ftsf\u00fchrer \",\n        \"url\": \"https:\/\/www.teleskopeffekt.de\/et\/team\/dr-benjamin-zeitler\/\",\n        \"image\": \"https:\/\/www.teleskopeffekt.de\/wp-content\/uploads\/2024\/02\/dr-benjamin-zeitler-500.jpg\",\n        \"sameAs\": \"https:\/\/www.linkedin.com\/in\/benjamin-zeitler-zukunft-machen\/\",\n        \"worksFor\": {\n            \"@type\": \"Organization\",\n            \"name\": \"TeleskopEffekt GmbH\"\n            }\n        }\n        <\/script>\n\n    <\/div>\n<\/div>            <link rel=\"stylesheet\" type=\"text\/css\" href=\"https:\/\/www.teleskopeffekt.de\/wp-content\/themes\/boxed-theme\/includes\/blocks\/block_contact_person\/style.css\">\n            <\/div>\n\n\n<div class=\"row block-530138407  row-small \">\n\n<div class=\"col col-12 col-lg-8 block-wysiwyg\"style=\"padding-top:50px; padding-bottom:50px;\">\n\n    <h3 style=\"color:#194673; text-align:left;\">Mit Worten Wege bauen <\/h3>\n    \n    <h-subline style=\"color:#194673; text-align:left;\">Unsere Moderation und Impulsvortr\u00e4ge schaffen Verbindungen, die Wandel erm\u00f6glichen.<\/h-subline>\n    <p>Mit einem Fundament aus tiefgreifendem Branchenverst\u00e4ndnis und einem Auge f\u00fcr die neuesten Methodiken und unkonventionelles Wissen bieten wir nicht nur Information, sondern Inspiration.<\/p>\n<p><strong>Was Kunden erwarten k\u00f6nnen:<\/strong><\/p>\n<ul>\n<li>Tiefgreifendes Verst\u00e4ndnis: Unsere Experten vermitteln essenzielles Wissen und f\u00f6rdern ein umfassendes Verst\u00e4ndnis f\u00fcr aktuelle und zuk\u00fcnftige Trends in der Bankenbranche. Dabei legen wir Wert darauf, komplexe Inhalte zug\u00e4nglich und verst\u00e4ndlich zu machen.<\/li>\n<li>Engagierte Interaktion: Unsere Moderation schafft einen lebendigen Raum f\u00fcr Austausch und Diskussion. Wir regen dazu an, konventionelle Denkmuster zu hinterfragen und f\u00f6rdern eine Kultur der Offenheit und des kritischen Denkens.<\/li>\n<li>Innovative Impulse: Wir bringen frische Perspektiven ein, die nicht nur informieren, sondern auch inspirieren. Unsere Impulsvortr\u00e4ge sind darauf ausgerichtet, Motivation zu wecken und den Grundstein f\u00fcr Ver\u00e4nderung und Innovation zu legen.<\/li>\n<li>Ma\u00dfgeschneiderte Inhalte: Wir verstehen, dass jede Organisation einzigartige Bed\u00fcrfnisse hat. Deshalb passen wir unsere Inhalte individuell an, um sicherzustellen, dass sie maximale Relevanz und Wirkung entfalten.<\/li>\n<\/ul>\n<\/div>            <link rel=\"stylesheet\" type=\"text\/css\" href=\"https:\/\/www.teleskopeffekt.de\/wp-content\/themes\/boxed-theme\/includes\/blocks\/block_wysiwyg\/style.css\">\n            \n<div class=\"col col-12 col-lg-4 block-image block-hover-effect\"style=\"padding-top:50px; padding-bottom:50px;\">\n\n    <img decoding=\"async\" class=\"desk-img\" src=\"https:\/\/www.teleskopeffekt.de\/wp-content\/uploads\/2024\/02\/BIT23_cornerlogo_156-scaled-640x480.jpg\" alt=\"\" loading=\"lazy\">\n    <img decoding=\"async\" class=\"mob-img\" src=\"https:\/\/www.teleskopeffekt.de\/wp-content\/uploads\/2024\/02\/BIT23_cornerlogo_156-scaled-576x432.jpg\" alt=\"\" loading=\"lazy\">\n    <\/div>\n\n\n            <link rel=\"stylesheet\" type=\"text\/css\" href=\"https:\/\/www.teleskopeffekt.de\/wp-content\/themes\/boxed-theme\/includes\/blocks\/block_image\/style.css\">\n            \n<div class=\"col col-12 col-lg-12 block-wysiwyg\">\n<p><strong>Warum TeleskopEffekt buchen?<\/strong><\/p>\n<p>Mit unserer hohen Erfahrung und der F\u00e4higkeit, neueste Methodiken und exklusives Wissen zu verbinden, bieten wir einen einzigartigen Mehrwert. Unsere Leistungen gehen \u00fcber die reine Wissensvermittlung hinaus \u2013 wir schaffen Erlebnisse, die nachhallen und nachhaltige Ver\u00e4nderungen ansto\u00dfen. Unsere Moderation und Impulsvortr\u00e4ge sind mehr als nur ein Programmpunkt; sie sind ein Katalysator f\u00fcr Wachstum, Inspiration und Transformation.<\/p>\n<p>Ob bei Veranstaltungen, Workshops oder anderen Formaten, TeleskopEffekt steht f\u00fcr eine Moderation und Impulsvortr\u00e4ge, die nicht nur informieren, sondern auch begeistern und mobilisieren. Bist du bereit, deinem Event einen transformierenden Touch zu verleihen und deinem Teams f\u00fcr die Herausforderungen und Chancen der Zukunft zu r\u00fcsten? Dann ist TeleskopEffekt dein idealer Partner. Kontaktiere uns, um gemeinsam ein ma\u00dfgeschneidertes Erlebnis zu gestalten, das nicht nur dein Publikum begeistert, sondern auch deine strategischen Ziele effektiv unterst\u00fctzt.<\/p>\n \n      <div class=\"block-links\" style=\"text-align:left;\"><a class=\"btn btn-primary hero-link-first ext\" href=\"https:\/\/share-eu1.hsforms.com\/1RCtsgjyDTiSVTL_vGDydjA2dd7dn\" target=\"\">JETZT ANFRAGEN<\/a>\n      <\/div>\n  <\/div>            <link rel=\"stylesheet\" type=\"text\/css\" href=\"https:\/\/www.teleskopeffekt.de\/wp-content\/themes\/boxed-theme\/includes\/blocks\/block_wysiwyg\/style.css\">\n            <\/div>\n\n\n<div class=\"row block-1952269433 rmt rmb row-small-back-overfl no-overflow \" style=\"background:#194673;\">\n\n    \n    <h6 style=\"color:#ffffff; text-align:center;\">Verleihe deiner n\u00e4chsten Veranstaltung Tiefe und Dynamik<\/h6>\n    \n    \n    <style>\n    .block-wysiwyg.ident64457440 p,\n    .block-wysiwyg.ident64457440 span {\n     color:#ffffff;\n    }\n    <\/style>\n    \n<div class=\"col col-12 col-lg-12 block-wysiwyg ident64457440\" style=\"color:#ffffff;\">\n<p style=\"text-align: center\">Unsere Leidenschaft f\u00fcr Engagement und Inspiration macht uns zum idealen Partner,<\/p>\n<p style=\"text-align: center\">um deine Konferenz, deinen Workshop oder dein Seminar zu bereichern.<\/p>\n \n      <div class=\"block-links\" style=\"text-align:center;\"><a class=\"btn btn-cta-inv hero-link-first ext\" href=\"https:\/\/share-eu1.hsforms.com\/1RCtsgjyDTiSVTL_vGDydjA2dd7dn\" target=\"\">JETZT ANFRAGEN<\/a>\n      <\/div>\n  <\/div>            <link rel=\"stylesheet\" type=\"text\/css\" href=\"https:\/\/www.teleskopeffekt.de\/wp-content\/themes\/boxed-theme\/includes\/blocks\/block_wysiwyg\/style.css\">\n            <\/div>\n\n\n<div class=\"row block-406103932 rmt rmb row-small \">\n\n    <style>\n    .block-faq.ident33269267 p,\n    .block-faq.ident33269267 span {\n     color:#0c121c;\n    }\n    <\/style>\n    \n<div class=\"col col-12 col-lg-12 block-faq ident33269267\" style=\"color:#0c121c; padding-top:50px; padding-bottom:50px;\">\n\n    <h2 style=\"color:#194673; text-align:left;\">FAQ<\/h2>\n    <div class=\"row\"><div class=\"col-12 col-lg-6\">\n               <h3>Wie k\u00f6nnen Impulsvortr\u00e4ge mein Team inspirieren?<\/h3>\n                <p>Sie bieten neue Einsichten und Denkanst\u00f6\u00dfe, die dazu ermutigen, bestehende Prozesse zu hinterfragen und kreative L\u00f6sungen zu entwickeln. Sie steigern das Engagement und die Aufmerksamkeit deines Publikums und stellen sicher, dass die Kernbotschaften effektiv vermittelt und diskutiert werden.<\/p>\n            <\/div><div class=\"col-12 col-lg-6\">\n               <h3>K\u00f6nnen die Inhalte auf spezifische Themen unserem Unternehmen zugeschnitten werden?<\/h3>\n                <p>Ja, unsere Leistungen sind anpassbar, um die spezifischen Interessen und Bed\u00fcrfnisse deines Unternehmens zu adressieren.<\/p>\n            <\/div><div class=\"col-12 col-lg-6\">\n               <h3>Wie bereiten sich eure Experten auf die Moderation vor?<\/h3>\n                <p>Unsere Experten f\u00fchren eine gr\u00fcndliche Recherche durch und entwickeln eine zielgerichtete Moderationsstrategie, die auf dein Event zugeschnitten ist. Gute Moderation f\u00f6rdert die Interaktion, h\u00e4lt die Diskussion auf Kurs und sorgt daf\u00fcr, dass alle Teilnehmenden aktiv einbezogen werden.<\/p>\n            <\/div><div class=\"col-12 col-lg-6\">\n               <h3>K\u00f6nnen Moderation und Vortr\u00e4ge auch virtuell durchgef\u00fchrt werden?<\/h3>\n                <p>Ja, wir bieten flexible Formate f\u00fcr Pr\u00e4senzveranstaltungen sowie virtuelle oder hybride Events an.<\/p>\n            <\/div>\n    <script type=application\/ld+json>{\"@context\":\"https:\/\/schema.org\",\"@type\":\"FAQPage\",\"mainEntity\":[{\"@type\":\"Question\",\"name\":\"Wie k\u00f6nnen Impulsvortr\u00e4ge mein Team inspirieren?\",\"acceptedAnswer\":{\"@type\":\"Answer\",\"text\":\"Sie bieten neue Einsichten und Denkanst\u00f6\u00dfe, die dazu ermutigen, bestehende Prozesse zu hinterfragen und kreative L\u00f6sungen zu entwickeln. Sie steigern das Engagement und die Aufmerksamkeit deines Publikums und stellen sicher, dass die Kernbotschaften effektiv vermittelt und diskutiert werden.\"}},{\"@type\":\"Question\",\"name\":\"K\u00f6nnen die Inhalte auf spezifische Themen unserem Unternehmen zugeschnitten werden?\",\"acceptedAnswer\":{\"@type\":\"Answer\",\"text\":\"Ja, unsere Leistungen sind anpassbar, um die spezifischen Interessen und Bed\u00fcrfnisse deines Unternehmens zu adressieren.\"}},{\"@type\":\"Question\",\"name\":\"Wie bereiten sich eure Experten auf die Moderation vor?\",\"acceptedAnswer\":{\"@type\":\"Answer\",\"text\":\"Unsere Experten f\u00fchren eine gr\u00fcndliche Recherche durch und entwickeln eine zielgerichtete Moderationsstrategie, die auf dein Event zugeschnitten ist. Gute Moderation f\u00f6rdert die Interaktion, h\u00e4lt die Diskussion auf Kurs und sorgt daf\u00fcr, dass alle Teilnehmenden aktiv einbezogen werden.\"}},{\"@type\":\"Question\",\"name\":\"K\u00f6nnen Moderation und Vortr\u00e4ge auch virtuell durchgef\u00fchrt werden?\",\"acceptedAnswer\":{\"@type\":\"Answer\",\"text\":\"Ja, wir bieten flexible Formate f\u00fcr Pr\u00e4senzveranstaltungen sowie virtuelle oder hybride Events an.\"}}\n        ]} <\/script><\/div><\/div>            <link rel=\"stylesheet\" type=\"text\/css\" href=\"https:\/\/www.teleskopeffekt.de\/wp-content\/themes\/boxed-theme\/includes\/blocks\/block_faq\/style.css\">\n            <\/div>","protected":false},"excerpt":{"rendered":"","protected":false},"author":4,"featured_media":0,"parent":263,"menu_order":0,"comment_status":"closed","ping_status":"closed","template":"page-standard.php","meta":{"_acf_changed":true,"content-type":"","_price":"","_stock":"","_tribe_ticket_header":"","_tribe_default_ticket_provider":"","_tribe_ticket_capacity":"0","_ticket_start_date":"","_ticket_end_date":"","_tribe_ticket_show_description":"","_tribe_ticket_show_not_going":false,"_tribe_ticket_use_global_stock":"","_tribe_ticket_global_stock_level":"","_global_stock_mode":"","_global_stock_cap":"","_tribe_rsvp_for_event":"","_tribe_ticket_going_count":"","_tribe_ticket_not_going_count":"","_tribe_tickets_list":"[]","_tribe_ticket_has_attendee_info_fields":false,"footnotes":""},"class_list":["post-1864","page","type-page","status-publish","hentry"],"acf":[],"yoast_head":"<!-- This site is optimized with the Yoast SEO plugin v27.2 - https:\/\/yoast.com\/product\/yoast-seo-wordpress\/ -->\n<title>Moderation &amp; Impulsvortrag - Teleskopeffekt | Innovation f\u00fcr Bank &amp; Mittelstand<\/title>\n<meta name=\"robots\" content=\"index, follow, max-snippet:-1, max-image-preview:large, max-video-preview:-1\" \/>\n<link rel=\"canonical\" href=\"https:\/\/www.teleskopeffekt.de\/et\/pankade-jaoks\/moderation-impulsvortrag\/\" \/>\n<meta property=\"og:locale\" content=\"et_EE\" \/>\n<meta property=\"og:type\" content=\"article\" \/>\n<meta property=\"og:title\" content=\"Moderation &amp; Impulsvortrag - Teleskopeffekt | Innovation f\u00fcr Bank &amp; Mittelstand\" \/>\n<meta property=\"og:url\" content=\"https:\/\/www.teleskopeffekt.de\/et\/pankade-jaoks\/moderation-impulsvortrag\/\" \/>\n<meta property=\"og:site_name\" content=\"Teleskopeffekt | Innovation f\u00fcr Bank &amp; Mittelstand\" \/>\n<meta property=\"article:modified_time\" content=\"2024-05-23T11:49:56+00:00\" \/>\n<meta name=\"twitter:card\" content=\"summary_large_image\" \/>\n<script type=\"application\/ld+json\" class=\"yoast-schema-graph\">{\"@context\":\"https:\/\/schema.org\",\"@graph\":[{\"@type\":\"WebPage\",\"@id\":\"https:\/\/www.teleskopeffekt.de\/fuer-banken\/moderation-impulsvortrag\/\",\"url\":\"https:\/\/www.teleskopeffekt.de\/fuer-banken\/moderation-impulsvortrag\/\",\"name\":\"Moderation &amp; Impulsvortrag - Teleskopeffekt | Innovation f\u00fcr Bank &amp; Mittelstand\",\"isPartOf\":{\"@id\":\"https:\/\/www.teleskopeffekt.de\/#website\"},\"datePublished\":\"2024-02-23T14:50:29+00:00\",\"dateModified\":\"2024-05-23T11:49:56+00:00\",\"breadcrumb\":{\"@id\":\"https:\/\/www.teleskopeffekt.de\/fuer-banken\/moderation-impulsvortrag\/#breadcrumb\"},\"inLanguage\":\"et\",\"potentialAction\":[{\"@type\":\"ReadAction\",\"target\":[\"https:\/\/www.teleskopeffekt.de\/fuer-banken\/moderation-impulsvortrag\/\"]}]},{\"@type\":\"BreadcrumbList\",\"@id\":\"https:\/\/www.teleskopeffekt.de\/fuer-banken\/moderation-impulsvortrag\/#breadcrumb\",\"itemListElement\":[{\"@type\":\"ListItem\",\"position\":1,\"name\":\"Teleskopeffekt\",\"item\":\"https:\/\/www.teleskopeffekt.de\/\"},{\"@type\":\"ListItem\",\"position\":2,\"name\":\"TeleskopEffekt Startseite\",\"item\":\"https:\/\/www.teleskopeffekt.de\/\"},{\"@type\":\"ListItem\",\"position\":3,\"name\":\"Moderation &amp; Impulsvortrag\"}]},{\"@type\":\"WebSite\",\"@id\":\"https:\/\/www.teleskopeffekt.de\/#website\",\"url\":\"https:\/\/www.teleskopeffekt.de\/\",\"name\":\"Teleskopeffekt | Innovation f\u00fcr Bank &amp; Mittelstand\",\"description\":\"\",\"potentialAction\":[{\"@type\":\"SearchAction\",\"target\":{\"@type\":\"EntryPoint\",\"urlTemplate\":\"https:\/\/www.teleskopeffekt.de\/?s={search_term_string}\"},\"query-input\":{\"@type\":\"PropertyValueSpecification\",\"valueRequired\":true,\"valueName\":\"search_term_string\"}}],\"inLanguage\":\"et\"}]}<\/script>\n<!-- \/ Yoast SEO plugin. -->","yoast_head_json":{"title":"Moderation &amp; Impulsvortrag - Teleskopeffekt | Innovation f\u00fcr Bank &amp; Mittelstand","robots":{"index":"index","follow":"follow","max-snippet":"max-snippet:-1","max-image-preview":"max-image-preview:large","max-video-preview":"max-video-preview:-1"},"canonical":"https:\/\/www.teleskopeffekt.de\/et\/pankade-jaoks\/moderation-impulsvortrag\/","og_locale":"et_EE","og_type":"article","og_title":"Moderation &amp; Impulsvortrag - Teleskopeffekt | Innovation f\u00fcr Bank &amp; Mittelstand","og_url":"https:\/\/www.teleskopeffekt.de\/et\/pankade-jaoks\/moderation-impulsvortrag\/","og_site_name":"Teleskopeffekt | Innovation f\u00fcr Bank &amp; Mittelstand","article_modified_time":"2024-05-23T11:49:56+00:00","twitter_card":"summary_large_image","schema":{"@context":"https:\/\/schema.org","@graph":[{"@type":"WebPage","@id":"https:\/\/www.teleskopeffekt.de\/fuer-banken\/moderation-impulsvortrag\/","url":"https:\/\/www.teleskopeffekt.de\/fuer-banken\/moderation-impulsvortrag\/","name":"Moderation &amp; Impulsvortrag - Teleskopeffekt | Innovation f\u00fcr Bank &amp; Mittelstand","isPartOf":{"@id":"https:\/\/www.teleskopeffekt.de\/#website"},"datePublished":"2024-02-23T14:50:29+00:00","dateModified":"2024-05-23T11:49:56+00:00","breadcrumb":{"@id":"https:\/\/www.teleskopeffekt.de\/fuer-banken\/moderation-impulsvortrag\/#breadcrumb"},"inLanguage":"et","potentialAction":[{"@type":"ReadAction","target":["https:\/\/www.teleskopeffekt.de\/fuer-banken\/moderation-impulsvortrag\/"]}]},{"@type":"BreadcrumbList","@id":"https:\/\/www.teleskopeffekt.de\/fuer-banken\/moderation-impulsvortrag\/#breadcrumb","itemListElement":[{"@type":"ListItem","position":1,"name":"Teleskopeffekt","item":"https:\/\/www.teleskopeffekt.de\/"},{"@type":"ListItem","position":2,"name":"TeleskopEffekt Startseite","item":"https:\/\/www.teleskopeffekt.de\/"},{"@type":"ListItem","position":3,"name":"Moderation &amp; Impulsvortrag"}]},{"@type":"WebSite","@id":"https:\/\/www.teleskopeffekt.de\/#website","url":"https:\/\/www.teleskopeffekt.de\/","name":"Teleskoobiefekt | Innovatsioon pankade ja VKEde jaoks","description":"","potentialAction":[{"@type":"SearchAction","target":{"@type":"EntryPoint","urlTemplate":"https:\/\/www.teleskopeffekt.de\/?s={search_term_string}"},"query-input":{"@type":"PropertyValueSpecification","valueRequired":true,"valueName":"search_term_string"}}],"inLanguage":"et"}]}},"_links":{"self":[{"href":"https:\/\/www.teleskopeffekt.de\/et\/wp-json\/wp\/v2\/pages\/1864","targetHints":{"allow":["GET"]}}],"collection":[{"href":"https:\/\/www.teleskopeffekt.de\/et\/wp-json\/wp\/v2\/pages"}],"about":[{"href":"https:\/\/www.teleskopeffekt.de\/et\/wp-json\/wp\/v2\/types\/page"}],"author":[{"embeddable":true,"href":"https:\/\/www.teleskopeffekt.de\/et\/wp-json\/wp\/v2\/users\/4"}],"replies":[{"embeddable":true,"href":"https:\/\/www.teleskopeffekt.de\/et\/wp-json\/wp\/v2\/comments?post=1864"}],"version-history":[{"count":0,"href":"https:\/\/www.teleskopeffekt.de\/et\/wp-json\/wp\/v2\/pages\/1864\/revisions"}],"up":[{"embeddable":true,"href":"https:\/\/www.teleskopeffekt.de\/et\/wp-json\/wp\/v2\/pages\/263"}],"wp:attachment":[{"href":"https:\/\/www.teleskopeffekt.de\/et\/wp-json\/wp\/v2\/media?parent=1864"}],"curies":[{"name":"wp","href":"https:\/\/api.w.org\/{rel}","templated":true}]}}