{"id":1848,"date":"2024-02-23T15:05:49","date_gmt":"2024-02-23T14:05:49","guid":{"rendered":"http:\/\/teleskopeffekt.de.domainpreview.eu\/?page_id=1848"},"modified":"2025-04-29T08:55:06","modified_gmt":"2025-04-29T06:55:06","slug":"teadmiste-juhtimine","status":"publish","type":"page","link":"https:\/\/www.teleskopeffekt.de\/et\/fuer-banken\/wissensmanagement\/","title":{"rendered":"Teadmiste haldamine"},"content":{"rendered":"<div class=\"row block-60329106 rmb row-small\">\n\n    \n    <h2 style=\" text-align:center;\">Jagage teavet t\u00f5husalt ja usaldusv\u00e4\u00e4rselt, tugevdage koost\u00f6\u00f6d, s\u00e4\u00e4stke aega ja ressursse.<\/h2>\n    \n    \n<div class=\"col col-12 col-lg-6 block-wysiwyg\"style=\"padding-top:50px;\">\n<p style=\"text-align: center;\"><span style=\"font-size: 14pt;\">L\u00e4bipaistmatu infovoog, teadmiste kadumine ja t\u00f6\u00f6 dubleerimine viivad ebat\u00f5husate protsessideni. <\/span><\/p>\n<p style=\"text-align: center;\"><span style=\"font-size: 14pt;\">Uuringud n\u00e4itavad: <strong>12 % t\u00f6\u00f6aeg pankades<\/strong> muutub keskmiseks halva suhtluse t\u00f5ttu <strong>raisatud<\/strong>. Mis tohutu m\u00f5ju <strong>Tootlikkus ja kulude-tulude suhe<\/strong> pankades. Nad kannatavad l\u00e4bipaistmatute teabe- ja teabevoogude all, mis l\u00f5ppkokkuv\u00f5ttes t\u00e4hendab, et pangad j\u00e4tavad kasvupotentsiaali kasutamata.<\/span><\/p>\n<p>&nbsp;<\/p>\n<p style=\"text-align: center;\"><em><span style=\"font-size: 14pt;\">\u201eKommunikatsioon on iga ettev\u00f5tte k\u00f5ige t\u00e4htsam element\u201c<\/span><\/em> - Richard Branson<\/p>\n<\/div>            <link rel=\"stylesheet\" type=\"text\/css\" href=\"https:\/\/www.teleskopeffekt.de\/wp-content\/themes\/boxed-theme\/includes\/blocks\/block_wysiwyg\/style.css\">\n            \n<div class=\"col col-12 col-lg-6 block-image\">\n\n    <img decoding=\"async\" class=\"desk-img\" src=\"https:\/\/www.teleskopeffekt.de\/wp-content\/uploads\/2025\/03\/1080810-Website-Format-4-1-960x658.png\" alt=\"\" loading=\"lazy\">\n    <img decoding=\"async\" class=\"mob-img\" src=\"https:\/\/www.teleskopeffekt.de\/wp-content\/uploads\/2025\/03\/1080810-Website-Format-4-1-576x395.png\" alt=\"\" loading=\"lazy\">\n    <\/div>\n\n\n            <link rel=\"stylesheet\" type=\"text\/css\" href=\"https:\/\/www.teleskopeffekt.de\/wp-content\/themes\/boxed-theme\/includes\/blocks\/block_image\/style.css\">\n            <\/div>\n\n\n<div class=\"row block-816290694  row-small-back-overfl no-overflow\" style=\"background:#194673;\">\n\n<div class=\"col col-12 col-lg-12 block-wysiwyg\">\n\n    <h2 style=\"color:#ffffff; text-align:center;\">Teie tee suurema t\u00f5hususe poole! <\/h2>\n    \n    <h-subline style=\"color:#ffffff; text-align:center;\">Kiirkontroll: Vaadake oma suhtlust l\u00e4hemalt!<\/h-subline>\n    <p style=\"text-align: center;\"><span style=\"color: #ffffff; font-size: 14pt;\">Koos <strong>Kiire kontroll<\/strong> annab teile kompaktse \u00fclevaate teie panga hetkeolukorrast, aga ka n\u00f5rkadest kohtadest ja potentsiaalist.<\/span><\/p>\n \n      <div class=\"block-links\" style=\"text-align:center;\"><a class=\"btn btn-primary hero-link-first ext\" href=\"https:\/\/share-eu1.hsforms.com\/14dMXm4DKRZyeo2ZM8DXGtQ2dd7dn\" target=\"_blank\">Broneerige oma tasuta esmane konsultatsioon kiireks kontrollimiseks kohe!<\/a>\n      <\/div>\n  <\/div>            <link rel=\"stylesheet\" type=\"text\/css\" href=\"https:\/\/www.teleskopeffekt.de\/wp-content\/themes\/boxed-theme\/includes\/blocks\/block_wysiwyg\/style.css\">\n            <\/div>\n\n\n<div id=\"Leistung\" class=\"row block-250467665 rmt row-small\">\n\n<div class=\"col col-12 col-lg-12 block-wysiwyg\"style=\"padding-bottom:50px;\">\n\n    <h2 style=\" text-align:center;\">Silode j\u00e4tkusuutlik avamine teleskoopiefektiga  <\/h2>\n    <p style=\"text-align: center;\"><span style=\"font-size: 14pt; color: #000000;\">Panganduse t\u00fctarettev\u00f5ttena m\u00f5istame t\u00f6\u00f6stuse struktuure ja probleeme: alates erinevatest eesm\u00e4rkidest ja motivatsioonidest front- ja back-office-osakondade vahel, dokumenteerimata, personaliseeritud teadmistest kuni erinevate protsesside ja s\u00fcsteemideni erinevates osakondades, mis l\u00f5ppkokkuv\u00f5ttes viivad nende erinevuste t\u00f5ttu teabe kadumiseni.<\/span><\/p>\n<p style=\"text-align: center;\"><span style=\"font-size: 14pt; color: #000000;\">Meie eksperdid pakuvad teile individuaalset tuge, et saaksite muuta oma suhtlust t\u00f5husamaks, l\u00f5hkuda silosid ja seega j\u00e4tkusuutlikult suurendada oma t\u00f5husust ning rakendada t\u00f5husamaid protsesse.<\/span><\/p>\n<\/div>            <link rel=\"stylesheet\" type=\"text\/css\" href=\"https:\/\/www.teleskopeffekt.de\/wp-content\/themes\/boxed-theme\/includes\/blocks\/block_wysiwyg\/style.css\">\n            \n<div class=\"col col-12 col-lg-6 block-image mobpos-3\">\n\n    <img decoding=\"async\" class=\"desk-img\" src=\"https:\/\/www.teleskopeffekt.de\/wp-content\/uploads\/2025\/03\/1080810-Website-Format-1-1-960x720.png\" alt=\"\" loading=\"lazy\">\n    <img decoding=\"async\" class=\"mob-img\" src=\"https:\/\/www.teleskopeffekt.de\/wp-content\/uploads\/2025\/03\/1080810-Website-Format-1-1-576x432.png\" alt=\"\" loading=\"lazy\">\n    <\/div>\n\n\n            <link rel=\"stylesheet\" type=\"text\/css\" href=\"https:\/\/www.teleskopeffekt.de\/wp-content\/themes\/boxed-theme\/includes\/blocks\/block_image\/style.css\">\n            \n<div class=\"col col-12 col-lg-6 block-image mobpos-5\">\n\n    <img decoding=\"async\" class=\"desk-img\" src=\"https:\/\/www.teleskopeffekt.de\/wp-content\/uploads\/2025\/03\/1080810-Website-Format-2-1-960x720.png\" alt=\"\" loading=\"lazy\">\n    <img decoding=\"async\" class=\"mob-img\" src=\"https:\/\/www.teleskopeffekt.de\/wp-content\/uploads\/2025\/03\/1080810-Website-Format-2-1-576x432.png\" alt=\"\" loading=\"lazy\">\n    <\/div>\n\n\n            <link rel=\"stylesheet\" type=\"text\/css\" href=\"https:\/\/www.teleskopeffekt.de\/wp-content\/themes\/boxed-theme\/includes\/blocks\/block_image\/style.css\">\n            \n<div class=\"col col-12 col-lg-6 block-wysiwyg mobpos-4\"style=\"padding-top:50px;\">\n\n    <h3 style=\" text-align:center;\">P\u00f5hjalik anal\u00fc\u00fcs - osakondadevaheline teabe- ja teadmusjuhtimine<\/h3>\n    <p>&nbsp;<\/p>\n<p><span style=\"font-size: 14pt;\"><strong>Teadmine, kus on probleem.<\/strong> Koos avastame teadmiste kaotuse ja kommunikatsioonil\u00fcngad. Samuti saate kasu andmep\u00f5histest soovitustest, mis optimeerivad teie koost\u00f6\u00f6d pikemas perspektiivis.<\/span><\/p>\n<ul>\n<li><span style=\"font-size: 14pt;\">Hea arusaam teie kommunikatsioonivoogudest<\/span><\/li>\n<li><span style=\"font-size: 14pt;\">Konkreetsed meetmed teie teabevahetuse j\u00e4tkusuutlikuks optimeerimiseks<\/span><\/li>\n<\/ul>\n<\/div>            <link rel=\"stylesheet\" type=\"text\/css\" href=\"https:\/\/www.teleskopeffekt.de\/wp-content\/themes\/boxed-theme\/includes\/blocks\/block_wysiwyg\/style.css\">\n            \n<div class=\"col col-12 col-lg-6 block-wysiwyg mobpos-6\"style=\"padding-top:50px;\">\n\n    <h3 style=\" text-align:center;\">Teadmiste kultuuri rakendamine j\u00e4tkusuutlikult t\u00f5husaks teabevahetuseks<\/h3>\n    <p>&nbsp;<\/p>\n<p><span style=\"font-size: 14pt;\"><strong>Teadmised, mis j\u00e4\u00e4vad!<\/strong> Elav teadmiste- ja teabekultuur on pikaajalise edu v\u00f5ti. Koos loome selged struktuurid ja meetmed, mis loovad aluse p\u00fcsivale ja t\u00f5husale koost\u00f6\u00f6le.<\/span><\/p>\n<ul>\n<li><span style=\"font-size: 14pt;\">V\u00f5tmeisikute koolitamine mitmekordistajateks<\/span><\/li>\n<li><span style=\"font-size: 14pt;\">Tugevdatud koost\u00f6\u00f6 \u00fcksikute silode vahel<\/span><\/li>\n<li><span style=\"font-size: 14pt;\">J\u00e4tkusuutlik teadmiste kultuur, mis motiveerib vahetust<\/span><\/li>\n<\/ul>\n<\/div>            <link rel=\"stylesheet\" type=\"text\/css\" href=\"https:\/\/www.teleskopeffekt.de\/wp-content\/themes\/boxed-theme\/includes\/blocks\/block_wysiwyg\/style.css\">\n            \n<div class=\"col col-12 col-lg-12 block-wysiwyg\"style=\"padding-top:50px;\">\n\n    <ph4 style=\" text-align:center;\">Tegutsege kohe, optimeerige kommunikatsioonivooge ja -struktuure ning t\u00f6\u00f6tage pikemas perspektiivis t\u00f5husamalt!<\/ph4>\n    <\/div>            <link rel=\"stylesheet\" type=\"text\/css\" href=\"https:\/\/www.teleskopeffekt.de\/wp-content\/themes\/boxed-theme\/includes\/blocks\/block_wysiwyg\/style.css\">\n            <\/div>\n\n\n<div class=\"row block-120680962 rmt rmb row-small\">\n\n<div class=\"col col-12 col-lg-12 block-contact-person block-hover-effect\"style=\"padding-top:50px; padding-bottom:50px;\">\n<div class=\"row\">\n        <div class=\"col-12 col-lg-6 thumb-container\">\n        <img decoding=\"async\" data-no-translation src=\"https:\/\/www.teleskopeffekt.de\/wp-content\/uploads\/2024\/01\/Team-Webseite.jpg\">\n        <img decoding=\"async\" data-no-translation class=\"frame-loops\" src=\"\/wp-content\/themes\/boxed-theme\/includes\/media\/theme-icons\/image-frame-loops.svg\">\n        <\/div>\n        <div class=\"col-12 col-lg-6 content-container\">\n            <div class=\"contact-pers-head\">\n                <span class=\"contact-pers-title\">\n                    Dominik Baumann\n                <\/span>\n                <span class=\"contact-pers-job\">\n                    Tegevdirektor\n                <\/span>\n            <\/div>\n            <div class=\"contaact-pers-possibl\">\n                <a href=\"mailto:dominik.baumann@teleskopeffekt.de\"><img decoding=\"async\" class=\"svg-icon icon-mail-outlined\" src=\"https:\/\/www.teleskopeffekt.de\/wp-content\/themes\/boxed-theme\/includes\/media\/icons\/mail-outlined.svg\" alt=\"posti teel\"><\/a><a href=\"https:\/\/www.linkedin.com\/in\/dominik-baumann-de\/\"><img decoding=\"async\" class=\"svg-icon icon-linkedin-fill\" src=\"https:\/\/www.teleskopeffekt.de\/wp-content\/themes\/boxed-theme\/includes\/media\/icons\/linkedin-fill.svg\" alt=\"linkedin-fill\"><\/a>\n            <\/div>\n           <a class=\"btn btn-cta\"href=\"mailto:dominik.baumann@teleskopeffekt.de\">JETZT KONTAKT AUFNEHMEN<\/a>\n        <\/div>\n        <script type=\"application\/ld+json\">{\n    \"@context\": \"https:\\\/\\\/schema.org\\\/\",\n    \"@type\": \"Person\",\n    \"name\": \"Dominik Baumann\",\n    \"jobTitle\": \"Gesch\\u00e4ftsf\\u00fchrer\",\n    \"url\": \"https:\\\/\\\/www.teleskopeffekt.de\\\/et\\\/team\\\/dominik-baumann\\\/\",\n    \"image\": \"https:\\\/\\\/www.teleskopeffekt.de\\\/wp-content\\\/uploads\\\/2024\\\/01\\\/Team-Webseite.jpg\",\n    \"sameAs\": \"https:\\\/\\\/www.linkedin.com\\\/in\\\/dominik-baumann-de\\\/\",\n    \"worksFor\": {\n        \"@type\": \"Organization\",\n        \"name\": \"TeleskopEffekt GmbH\"\n    }\n}<\/script>\n\n    <\/div>\n<\/div>            <link rel=\"stylesheet\" type=\"text\/css\" href=\"https:\/\/www.teleskopeffekt.de\/wp-content\/themes\/boxed-theme\/includes\/blocks\/block_contact_person\/style.css\">\n            <\/div>","protected":false},"excerpt":{"rendered":"","protected":false},"author":4,"featured_media":0,"parent":263,"menu_order":0,"comment_status":"closed","ping_status":"closed","template":"page-standard.php","meta":{"_acf_changed":true,"content-type":"","_price":"","_stock":"","_tribe_ticket_header":"","_tribe_default_ticket_provider":"","_tribe_ticket_capacity":"0","_ticket_start_date":"","_ticket_end_date":"","_tribe_ticket_show_description":"","_tribe_ticket_show_not_going":false,"_tribe_ticket_use_global_stock":"","_tribe_ticket_global_stock_level":"","_global_stock_mode":"","_global_stock_cap":"","_tribe_rsvp_for_event":"","_tribe_ticket_going_count":"","_tribe_ticket_not_going_count":"","_tribe_tickets_list":"[]","_tribe_ticket_has_attendee_info_fields":false,"footnotes":""},"class_list":["post-1848","page","type-page","status-publish","hentry"],"acf":[],"yoast_head":"<!-- This site is optimized with the Yoast SEO plugin v27.2 - https:\/\/yoast.com\/product\/yoast-seo-wordpress\/ -->\n<title>Wissensmanagement - Teleskopeffekt | Innovation f\u00fcr Bank &amp; Mittelstand<\/title>\n<meta name=\"robots\" content=\"index, follow, max-snippet:-1, max-image-preview:large, max-video-preview:-1\" \/>\n<link rel=\"canonical\" href=\"https:\/\/www.teleskopeffekt.de\/et\/pankade-jaoks\/teadmiste-juhtimine\/\" \/>\n<meta property=\"og:locale\" content=\"et_EE\" \/>\n<meta property=\"og:type\" content=\"article\" \/>\n<meta property=\"og:title\" content=\"Wissensmanagement - Teleskopeffekt | Innovation f\u00fcr Bank &amp; Mittelstand\" \/>\n<meta property=\"og:url\" content=\"https:\/\/www.teleskopeffekt.de\/et\/pankade-jaoks\/teadmiste-juhtimine\/\" \/>\n<meta property=\"og:site_name\" content=\"Teleskopeffekt | Innovation f\u00fcr Bank &amp; Mittelstand\" \/>\n<meta property=\"article:modified_time\" content=\"2025-04-29T06:55:06+00:00\" \/>\n<meta name=\"twitter:card\" content=\"summary_large_image\" \/>\n<script type=\"application\/ld+json\" class=\"yoast-schema-graph\">{\"@context\":\"https:\/\/schema.org\",\"@graph\":[{\"@type\":\"WebPage\",\"@id\":\"https:\/\/www.teleskopeffekt.de\/fuer-banken\/wissensmanagement\/\",\"url\":\"https:\/\/www.teleskopeffekt.de\/fuer-banken\/wissensmanagement\/\",\"name\":\"Wissensmanagement - Teleskopeffekt | Innovation f\u00fcr Bank &amp; Mittelstand\",\"isPartOf\":{\"@id\":\"https:\/\/www.teleskopeffekt.de\/#website\"},\"datePublished\":\"2024-02-23T14:05:49+00:00\",\"dateModified\":\"2025-04-29T06:55:06+00:00\",\"breadcrumb\":{\"@id\":\"https:\/\/www.teleskopeffekt.de\/fuer-banken\/wissensmanagement\/#breadcrumb\"},\"inLanguage\":\"et\",\"potentialAction\":[{\"@type\":\"ReadAction\",\"target\":[\"https:\/\/www.teleskopeffekt.de\/fuer-banken\/wissensmanagement\/\"]}]},{\"@type\":\"BreadcrumbList\",\"@id\":\"https:\/\/www.teleskopeffekt.de\/fuer-banken\/wissensmanagement\/#breadcrumb\",\"itemListElement\":[{\"@type\":\"ListItem\",\"position\":1,\"name\":\"Teleskopeffekt\",\"item\":\"https:\/\/www.teleskopeffekt.de\/\"},{\"@type\":\"ListItem\",\"position\":2,\"name\":\"TeleskopEffekt Startseite\",\"item\":\"https:\/\/www.teleskopeffekt.de\/\"},{\"@type\":\"ListItem\",\"position\":3,\"name\":\"Wissensmanagement\"}]},{\"@type\":\"WebSite\",\"@id\":\"https:\/\/www.teleskopeffekt.de\/#website\",\"url\":\"https:\/\/www.teleskopeffekt.de\/\",\"name\":\"Teleskopeffekt | Innovation f\u00fcr Bank &amp; Mittelstand\",\"description\":\"\",\"potentialAction\":[{\"@type\":\"SearchAction\",\"target\":{\"@type\":\"EntryPoint\",\"urlTemplate\":\"https:\/\/www.teleskopeffekt.de\/?s={search_term_string}\"},\"query-input\":{\"@type\":\"PropertyValueSpecification\",\"valueRequired\":true,\"valueName\":\"search_term_string\"}}],\"inLanguage\":\"et\"}]}<\/script>\n<!-- \/ Yoast SEO plugin. -->","yoast_head_json":{"title":"Teadmiste juhtimine - teleskoopi efekt | Innovatsioon pankade ja VKEde jaoks","robots":{"index":"index","follow":"follow","max-snippet":"max-snippet:-1","max-image-preview":"max-image-preview:large","max-video-preview":"max-video-preview:-1"},"canonical":"https:\/\/www.teleskopeffekt.de\/et\/pankade-jaoks\/teadmiste-juhtimine\/","og_locale":"et_EE","og_type":"article","og_title":"Wissensmanagement - Teleskopeffekt | Innovation f\u00fcr Bank &amp; Mittelstand","og_url":"https:\/\/www.teleskopeffekt.de\/et\/pankade-jaoks\/teadmiste-juhtimine\/","og_site_name":"Teleskopeffekt | Innovation f\u00fcr Bank &amp; Mittelstand","article_modified_time":"2025-04-29T06:55:06+00:00","twitter_card":"summary_large_image","schema":{"@context":"https:\/\/schema.org","@graph":[{"@type":"WebPage","@id":"https:\/\/www.teleskopeffekt.de\/fuer-banken\/wissensmanagement\/","url":"https:\/\/www.teleskopeffekt.de\/fuer-banken\/wissensmanagement\/","name":"Teadmiste juhtimine - teleskoopi efekt | Innovatsioon pankade ja VKEde jaoks","isPartOf":{"@id":"https:\/\/www.teleskopeffekt.de\/#website"},"datePublished":"2024-02-23T14:05:49+00:00","dateModified":"2025-04-29T06:55:06+00:00","breadcrumb":{"@id":"https:\/\/www.teleskopeffekt.de\/fuer-banken\/wissensmanagement\/#breadcrumb"},"inLanguage":"et","potentialAction":[{"@type":"ReadAction","target":["https:\/\/www.teleskopeffekt.de\/fuer-banken\/wissensmanagement\/"]}]},{"@type":"BreadcrumbList","@id":"https:\/\/www.teleskopeffekt.de\/fuer-banken\/wissensmanagement\/#breadcrumb","itemListElement":[{"@type":"ListItem","position":1,"name":"Teleskopeffekt","item":"https:\/\/www.teleskopeffekt.de\/"},{"@type":"ListItem","position":2,"name":"TeleskopEffekt Startseite","item":"https:\/\/www.teleskopeffekt.de\/"},{"@type":"ListItem","position":3,"name":"Wissensmanagement"}]},{"@type":"WebSite","@id":"https:\/\/www.teleskopeffekt.de\/#website","url":"https:\/\/www.teleskopeffekt.de\/","name":"Teleskoobiefekt | Innovatsioon pankade ja VKEde jaoks","description":"","potentialAction":[{"@type":"SearchAction","target":{"@type":"EntryPoint","urlTemplate":"https:\/\/www.teleskopeffekt.de\/?s={search_term_string}"},"query-input":{"@type":"PropertyValueSpecification","valueRequired":true,"valueName":"search_term_string"}}],"inLanguage":"et"}]}},"_links":{"self":[{"href":"https:\/\/www.teleskopeffekt.de\/et\/wp-json\/wp\/v2\/pages\/1848","targetHints":{"allow":["GET"]}}],"collection":[{"href":"https:\/\/www.teleskopeffekt.de\/et\/wp-json\/wp\/v2\/pages"}],"about":[{"href":"https:\/\/www.teleskopeffekt.de\/et\/wp-json\/wp\/v2\/types\/page"}],"author":[{"embeddable":true,"href":"https:\/\/www.teleskopeffekt.de\/et\/wp-json\/wp\/v2\/users\/4"}],"replies":[{"embeddable":true,"href":"https:\/\/www.teleskopeffekt.de\/et\/wp-json\/wp\/v2\/comments?post=1848"}],"version-history":[{"count":0,"href":"https:\/\/www.teleskopeffekt.de\/et\/wp-json\/wp\/v2\/pages\/1848\/revisions"}],"up":[{"embeddable":true,"href":"https:\/\/www.teleskopeffekt.de\/et\/wp-json\/wp\/v2\/pages\/263"}],"wp:attachment":[{"href":"https:\/\/www.teleskopeffekt.de\/et\/wp-json\/wp\/v2\/media?parent=1848"}],"curies":[{"name":"wp","href":"https:\/\/api.w.org\/{rel}","templated":true}]}}