{"id":1150,"date":"2024-02-08T15:45:21","date_gmt":"2024-02-08T14:45:21","guid":{"rendered":"http:\/\/teleskopeffekt.de.domainpreview.eu\/?page_id=1150"},"modified":"2024-03-15T10:30:34","modified_gmt":"2024-03-15T09:30:34","slug":"soolise-vordoiguslikkuse-maerkus","status":"publish","type":"page","link":"https:\/\/www.teleskopeffekt.de\/et\/genderhinweis\/","title":{"rendered":"Sooline m\u00e4rkus"},"content":{"rendered":"<div class=\"row block-780053886 rmt rmb row-smaller\">\n\n<div class=\"col col-12 col-lg-12 block-wysiwyg\" style=\"background:#fcfcfc;\">\n\n    <h2 style=\" text-align:left;\">TeleskopEffekt GmbH soolise v\u00f5rd\u00f5iguslikkuse teave<\/h2>\n    <p>Digitaliseerimise ja innovatsiooni maailmas on TeleskopEffekt GmbH p\u00fchendunud mitmekesisusele ja v\u00f5rdsusele. Meile on oluline pakkuda v\u00f5rdseid v\u00f5imalusi ja austust k\u00f5igile inimestele - s\u00f5ltumata nende soost, vanusest, p\u00e4ritolust, usutunnistusest, puudest, seksuaalsest s\u00e4ttumusest v\u00f5i identiteedist. Et meie tekstid oleksid kergemini loetavad, kasutame aeg-ajalt maskuliinset grammatilist vormi. See teenib lihtsustamise eesm\u00e4rki ega ole mingil juhul m\u00f5eldud v\u00e4listama asjaolu, et meie sisu on suunatud k\u00f5igile inimestele.<\/p>\n<p><strong>Meie jaoks TeleskopEffekt GmbHs on \u00fcks asi selge: digitaliseerimise tulevik on mitmekesine ja kaasav!<br \/>\n<\/strong><\/p>\n<\/div>            <link rel=\"stylesheet\" type=\"text\/css\" href=\"https:\/\/www.teleskopeffekt.de\/wp-content\/themes\/boxed-theme\/includes\/blocks\/block_wysiwyg\/style.css\">\n            <\/div>\n\n\n<div class=\"wp-block-leadin-hubspot-form-block\">\n\t\t\t\t\t\t<script>\n\t\t\t\t\t\t\twindow.hsFormsOnReady = window.hsFormsOnReady || [];\n\t\t\t\t\t\t\twindow.hsFormsOnReady.push(()=>{\n\t\t\t\t\t\t\t\thbspt.forms.create({\n\t\t\t\t\t\t\t\t\tportalId: 143383451,\n\t\t\t\t\t\t\t\t\tformId: \"94e477b2-0a33-4e23-af97-da1124425161\",\n\t\t\t\t\t\t\t\t\ttarget: \"#hbspt-form-1776605412000-5708832076\",\n\t\t\t\t\t\t\t\t\tregion: \"eu1\",\n\t\t\t\t\t\t\t\t\t\n\t\t\t\t\t\t\t})});\n\t\t\t\t\t\t<\/script>\n\t\t\t\t\t\t<div class=\"hbspt-form\" id=\"hbspt-form-1776605412000-5708832076\"><\/div><\/div>","protected":false},"excerpt":{"rendered":"","protected":false},"author":5,"featured_media":0,"parent":0,"menu_order":0,"comment_status":"closed","ping_status":"closed","template":"page-standard.php","meta":{"_acf_changed":false,"content-type":"","_price":"","_stock":"","_tribe_ticket_header":"","_tribe_default_ticket_provider":"","_tribe_ticket_capacity":"0","_ticket_start_date":"","_ticket_end_date":"","_tribe_ticket_show_description":"","_tribe_ticket_show_not_going":false,"_tribe_ticket_use_global_stock":"","_tribe_ticket_global_stock_level":"","_global_stock_mode":"","_global_stock_cap":"","_tribe_rsvp_for_event":"","_tribe_ticket_going_count":"","_tribe_ticket_not_going_count":"","_tribe_tickets_list":"[]","_tribe_ticket_has_attendee_info_fields":false,"footnotes":""},"class_list":["post-1150","page","type-page","status-publish","hentry"],"acf":[],"yoast_head":"<!-- This site is optimized with the Yoast SEO plugin v27.2 - https:\/\/yoast.com\/product\/yoast-seo-wordpress\/ -->\n<title>Genderhinweis - Teleskopeffekt | Innovation f\u00fcr Bank &amp; Mittelstand<\/title>\n<meta name=\"robots\" content=\"index, follow, max-snippet:-1, max-image-preview:large, max-video-preview:-1\" \/>\n<link rel=\"canonical\" href=\"https:\/\/www.teleskopeffekt.de\/et\/soolise-vordoiguslikkuse-maerkus\/\" \/>\n<meta property=\"og:locale\" content=\"et_EE\" \/>\n<meta property=\"og:type\" content=\"article\" \/>\n<meta property=\"og:title\" content=\"Genderhinweis - Teleskopeffekt | Innovation f\u00fcr Bank &amp; Mittelstand\" \/>\n<meta property=\"og:url\" content=\"https:\/\/www.teleskopeffekt.de\/et\/soolise-vordoiguslikkuse-maerkus\/\" \/>\n<meta property=\"og:site_name\" content=\"Teleskopeffekt | Innovation f\u00fcr Bank &amp; Mittelstand\" \/>\n<meta property=\"article:modified_time\" content=\"2024-03-15T09:30:34+00:00\" \/>\n<meta name=\"twitter:card\" content=\"summary_large_image\" \/>\n<meta name=\"twitter:label1\" content=\"Est. reading time\" \/>\n\t<meta name=\"twitter:data1\" content=\"1 minut\" \/>\n<script type=\"application\/ld+json\" class=\"yoast-schema-graph\">{\"@context\":\"https:\/\/schema.org\",\"@graph\":[{\"@type\":\"WebPage\",\"@id\":\"https:\/\/www.teleskopeffekt.de\/genderhinweis\/\",\"url\":\"https:\/\/www.teleskopeffekt.de\/genderhinweis\/\",\"name\":\"Genderhinweis - Teleskopeffekt | Innovation f\u00fcr Bank &amp; Mittelstand\",\"isPartOf\":{\"@id\":\"https:\/\/www.teleskopeffekt.de\/#website\"},\"datePublished\":\"2024-02-08T14:45:21+00:00\",\"dateModified\":\"2024-03-15T09:30:34+00:00\",\"breadcrumb\":{\"@id\":\"https:\/\/www.teleskopeffekt.de\/genderhinweis\/#breadcrumb\"},\"inLanguage\":\"et\",\"potentialAction\":[{\"@type\":\"ReadAction\",\"target\":[\"https:\/\/www.teleskopeffekt.de\/genderhinweis\/\"]}]},{\"@type\":\"BreadcrumbList\",\"@id\":\"https:\/\/www.teleskopeffekt.de\/genderhinweis\/#breadcrumb\",\"itemListElement\":[{\"@type\":\"ListItem\",\"position\":1,\"name\":\"Teleskopeffekt\",\"item\":\"https:\/\/www.teleskopeffekt.de\/\"},{\"@type\":\"ListItem\",\"position\":2,\"name\":\"Genderhinweis\"}]},{\"@type\":\"WebSite\",\"@id\":\"https:\/\/www.teleskopeffekt.de\/#website\",\"url\":\"https:\/\/www.teleskopeffekt.de\/\",\"name\":\"Teleskopeffekt | Innovation f\u00fcr Bank &amp; Mittelstand\",\"description\":\"\",\"potentialAction\":[{\"@type\":\"SearchAction\",\"target\":{\"@type\":\"EntryPoint\",\"urlTemplate\":\"https:\/\/www.teleskopeffekt.de\/?s={search_term_string}\"},\"query-input\":{\"@type\":\"PropertyValueSpecification\",\"valueRequired\":true,\"valueName\":\"search_term_string\"}}],\"inLanguage\":\"et\"}]}<\/script>\n<!-- \/ Yoast SEO plugin. -->","yoast_head_json":{"title":"Sooline m\u00e4rkus - Teleskoopi efekt | Innovatsioon pankade ja VKEde jaoks","robots":{"index":"index","follow":"follow","max-snippet":"max-snippet:-1","max-image-preview":"max-image-preview:large","max-video-preview":"max-video-preview:-1"},"canonical":"https:\/\/www.teleskopeffekt.de\/et\/soolise-vordoiguslikkuse-maerkus\/","og_locale":"et_EE","og_type":"article","og_title":"Genderhinweis - Teleskopeffekt | Innovation f\u00fcr Bank &amp; Mittelstand","og_url":"https:\/\/www.teleskopeffekt.de\/et\/soolise-vordoiguslikkuse-maerkus\/","og_site_name":"Teleskopeffekt | Innovation f\u00fcr Bank &amp; Mittelstand","article_modified_time":"2024-03-15T09:30:34+00:00","twitter_card":"summary_large_image","twitter_misc":{"Est. reading time":"1 minut"},"schema":{"@context":"https:\/\/schema.org","@graph":[{"@type":"WebPage","@id":"https:\/\/www.teleskopeffekt.de\/genderhinweis\/","url":"https:\/\/www.teleskopeffekt.de\/genderhinweis\/","name":"Sooline m\u00e4rkus - Teleskoopi efekt | Innovatsioon pankade ja VKEde jaoks","isPartOf":{"@id":"https:\/\/www.teleskopeffekt.de\/#website"},"datePublished":"2024-02-08T14:45:21+00:00","dateModified":"2024-03-15T09:30:34+00:00","breadcrumb":{"@id":"https:\/\/www.teleskopeffekt.de\/genderhinweis\/#breadcrumb"},"inLanguage":"et","potentialAction":[{"@type":"ReadAction","target":["https:\/\/www.teleskopeffekt.de\/genderhinweis\/"]}]},{"@type":"BreadcrumbList","@id":"https:\/\/www.teleskopeffekt.de\/genderhinweis\/#breadcrumb","itemListElement":[{"@type":"ListItem","position":1,"name":"Teleskopeffekt","item":"https:\/\/www.teleskopeffekt.de\/"},{"@type":"ListItem","position":2,"name":"Genderhinweis"}]},{"@type":"WebSite","@id":"https:\/\/www.teleskopeffekt.de\/#website","url":"https:\/\/www.teleskopeffekt.de\/","name":"Teleskoobiefekt | Innovatsioon pankade ja VKEde jaoks","description":"","potentialAction":[{"@type":"SearchAction","target":{"@type":"EntryPoint","urlTemplate":"https:\/\/www.teleskopeffekt.de\/?s={search_term_string}"},"query-input":{"@type":"PropertyValueSpecification","valueRequired":true,"valueName":"search_term_string"}}],"inLanguage":"et"}]}},"_links":{"self":[{"href":"https:\/\/www.teleskopeffekt.de\/et\/wp-json\/wp\/v2\/pages\/1150","targetHints":{"allow":["GET"]}}],"collection":[{"href":"https:\/\/www.teleskopeffekt.de\/et\/wp-json\/wp\/v2\/pages"}],"about":[{"href":"https:\/\/www.teleskopeffekt.de\/et\/wp-json\/wp\/v2\/types\/page"}],"author":[{"embeddable":true,"href":"https:\/\/www.teleskopeffekt.de\/et\/wp-json\/wp\/v2\/users\/5"}],"replies":[{"embeddable":true,"href":"https:\/\/www.teleskopeffekt.de\/et\/wp-json\/wp\/v2\/comments?post=1150"}],"version-history":[{"count":0,"href":"https:\/\/www.teleskopeffekt.de\/et\/wp-json\/wp\/v2\/pages\/1150\/revisions"}],"wp:attachment":[{"href":"https:\/\/www.teleskopeffekt.de\/et\/wp-json\/wp\/v2\/media?parent=1150"}],"curies":[{"name":"wp","href":"https:\/\/api.w.org\/{rel}","templated":true}]}}